{"id":5894,"date":"2025-04-21T13:49:58","date_gmt":"2025-04-21T12:49:58","guid":{"rendered":"https:\/\/lunzimalito.com\/?product=jeansy-lady-trending-fashion"},"modified":"2025-04-21T13:49:58","modified_gmt":"2025-04-21T12:49:58","slug":"jeansy-lady-trending-fashion","status":"publish","type":"product","link":"https:\/\/lunzimalito.com\/?product=jeansy-lady-trending-fashion","title":{"rendered":"Jeansy Lady Trending Fashion"},"content":{"rendered":"<p class=\"\" data-start=\"7046\" data-end=\"7343\">LADY Trending Fashion jest dla kobiet, kt\u00f3re chc\u0105 by\u0107 zauwa\u017cone &#8211; bez wysi\u0142ku. Jest szykowna bez zb\u0119dnych dodatk\u00f3w, odwa\u017cna bez krzykliwo\u015bci i wygodna bez kompromis\u00f3w w kwestii stylu. Niezale\u017cnie od tego, czy odnawiasz swoj\u0105 garderob\u0119, czy po prostu wybierasz kilka wyrazistych element\u00f3w, LADY zapewnia glam, kt\u00f3ry pasuje jak marzenie. &#8220;Natychmiastowy wzrost pewno\u015bci siebie!&#8221; &#8220;Stylowe bez zbytniego wysi\u0142ku&#8221;. &#8220;Ka\u017cdy element sprawia wra\u017cenie, jakby zosta\u0142 stworzony.<\/p>\n<p data-start=\"7046\" data-end=\"7343\">LADY Trending Fashion to nie tylko kolejna marka &#8211; to styl \u017cycia. Przemawia do pewnej siebie, stylowej i niezale\u017cnej kobiety, kt\u00f3ra chce, aby jej garderoba odzwierciedla\u0142a jej ambicje, osobowo\u015b\u0107 i polot <\/p>\n","protected":false},"excerpt":{"rendered":"<p>LADY Trending Fashion to nie tylko kolejna marka &#8211; to styl \u017cycia. Przemawia do pewnej siebie, stylowej i niezale\u017cnej kobiety, kt\u00f3ra chce, aby jej garderoba odzwierciedla\u0142a jej ambicje, osobowo\u015b\u0107 i styl. <\/p>\n","protected":false},"featured_media":4549,"comment_status":"open","ping_status":"closed","template":"","meta":{"_joinchat":[]},"product_brand":[],"product_cat":[438,424,423,397,437,439,380],"product_tag":[436,378,422,395,377,396,406,376],"class_list":{"0":"post-5894","1":"product","2":"type-product","3":"status-publish","4":"has-post-thumbnail","6":"product_cat-deko-pl","7":"product_cat-dziewczece","8":"product_cat-moda-damska","9":"product_cat-moda-damska-relucky","10":"product_cat-spodnie-besic","11":"product_cat-spodnie-dzinsowe","12":"product_cat-spodnie-ledis-besic","13":"product_tag-denim-pl","14":"product_tag-ledis-fashion-pl","15":"product_tag-lunzimalito-com-pl","16":"product_tag-marka","17":"product_tag-moda","18":"product_tag-moda-damska","19":"product_tag-swiat-mody","20":"product_tag-ubrania","22":"first","23":"instock","24":"sale","25":"shipping-taxable","26":"purchasable","27":"product-type-simple"},"_links":{"self":[{"href":"https:\/\/lunzimalito.com\/index.php?rest_route=\/wp\/v2\/product\/5894","targetHints":{"allow":["GET"]}}],"collection":[{"href":"https:\/\/lunzimalito.com\/index.php?rest_route=\/wp\/v2\/product"}],"about":[{"href":"https:\/\/lunzimalito.com\/index.php?rest_route=\/wp\/v2\/types\/product"}],"replies":[{"embeddable":true,"href":"https:\/\/lunzimalito.com\/index.php?rest_route=%2Fwp%2Fv2%2Fcomments&post=5894"}],"wp:featuredmedia":[{"embeddable":true,"href":"https:\/\/lunzimalito.com\/index.php?rest_route=\/wp\/v2\/media\/4549"}],"wp:attachment":[{"href":"https:\/\/lunzimalito.com\/index.php?rest_route=%2Fwp%2Fv2%2Fmedia&parent=5894"}],"wp:term":[{"taxonomy":"product_brand","embeddable":true,"href":"https:\/\/lunzimalito.com\/index.php?rest_route=%2Fwp%2Fv2%2Fproduct_brand&post=5894"},{"taxonomy":"product_cat","embeddable":true,"href":"https:\/\/lunzimalito.com\/index.php?rest_route=%2Fwp%2Fv2%2Fproduct_cat&post=5894"},{"taxonomy":"product_tag","embeddable":true,"href":"https:\/\/lunzimalito.com\/index.php?rest_route=%2Fwp%2Fv2%2Fproduct_tag&post=5894"}],"curies":[{"name":"wp","href":"https:\/\/api.w.org\/{rel}","templated":true}]}}