{"id":5892,"date":"2025-04-24T10:15:23","date_gmt":"2025-04-24T09:15:23","guid":{"rendered":"https:\/\/lunzimalito.com\/?product=jeansy-lesne"},"modified":"2025-04-24T10:15:23","modified_gmt":"2025-04-24T09:15:23","slug":"jeansy-lesne","status":"publish","type":"product","link":"https:\/\/lunzimalito.com\/?product=jeansy-lesne","title":{"rendered":"Jeansy le\u015bne"},"content":{"rendered":"<p>Forest Jeans to co\u015b wi\u0119cej ni\u017c tylko kolejna marka d\u017cins\u00f3w &#8211; to marka z misj\u0105, kt\u00f3ra \u0142\u0105czy codzienn\u0105 mod\u0119 ze \u015bwiadomym \u017cyciem. Zaprojektowana dla kobiet, kt\u00f3re chc\u0105 dobrze wygl\u0105da\u0107 i czu\u0107 si\u0119 jeszcze lepiej w tym, co nosz\u0105, Forest zmienia spos\u00f3b, w jaki my\u015blimy o d\u017cinsach. <\/p>\n<p>Od studentek po \u015bwiadome mamy, kobiety kochaj\u0105 jeansy Forest za ich mi\u0119kki materia\u0142, dopasowanie do sylwetki i ekologiczny etos. Zosta\u0142y stworzone z my\u015bl\u0105 o ruchu, wygodzie i odwa\u017cnym, ale naturalnym stylu. <\/p>\n<p>Te d\u017cinsy s\u0105 nie tylko mi\u0119kkie &#8211; s\u0105 mi\u0119kkie w spos\u00f3b zr\u00f3wnowa\u017cony. Wykonane z bawe\u0142ny organicznej z certyfikatem GOTS, \u015bwietnie le\u017c\u0105 na sk\u00f3rze, a jeszcze lepiej na sumieniu <\/p>\n","protected":false},"excerpt":{"rendered":"<p class=\"\" data-start=\"3239\" data-end=\"3386\">Forest wsp\u00f3\u0142pracuje z fabrykami, kt\u00f3re minimalizuj\u0105 ilo\u015b\u0107 odpad\u00f3w, przetwarzaj\u0105 wod\u0119 i p\u0142ac\u0105 uczciwe wynagrodzenie. Ka\u017cda para to krok w kierunku bardziej etycznego przemys\u0142u modowego. <\/p>\n<h4 class=\"\" data-start=\"3388\" data-end=\"3428\"><\/h4>\n","protected":false},"featured_media":4768,"comment_status":"open","ping_status":"closed","template":"","meta":{"_joinchat":[]},"product_brand":[],"product_cat":[438,424,423,397,461,437,439,380],"product_tag":[436,378,422,395,377,396,406,376],"class_list":{"0":"post-5892","1":"product","2":"type-product","3":"status-publish","4":"has-post-thumbnail","6":"product_cat-deko-pl","7":"product_cat-dziewczece","8":"product_cat-moda-damska","9":"product_cat-moda-damska-relucky","10":"product_cat-pani","11":"product_cat-spodnie-besic","12":"product_cat-spodnie-dzinsowe","13":"product_cat-spodnie-ledis-besic","14":"product_tag-denim-pl","15":"product_tag-ledis-fashion-pl","16":"product_tag-lunzimalito-com-pl","17":"product_tag-marka","18":"product_tag-moda","19":"product_tag-moda-damska","20":"product_tag-swiat-mody","21":"product_tag-ubrania","23":"first","24":"instock","25":"sale","26":"shipping-taxable","27":"purchasable","28":"product-type-simple"},"_links":{"self":[{"href":"https:\/\/lunzimalito.com\/index.php?rest_route=\/wp\/v2\/product\/5892","targetHints":{"allow":["GET"]}}],"collection":[{"href":"https:\/\/lunzimalito.com\/index.php?rest_route=\/wp\/v2\/product"}],"about":[{"href":"https:\/\/lunzimalito.com\/index.php?rest_route=\/wp\/v2\/types\/product"}],"replies":[{"embeddable":true,"href":"https:\/\/lunzimalito.com\/index.php?rest_route=%2Fwp%2Fv2%2Fcomments&post=5892"}],"wp:featuredmedia":[{"embeddable":true,"href":"https:\/\/lunzimalito.com\/index.php?rest_route=\/wp\/v2\/media\/4768"}],"wp:attachment":[{"href":"https:\/\/lunzimalito.com\/index.php?rest_route=%2Fwp%2Fv2%2Fmedia&parent=5892"}],"wp:term":[{"taxonomy":"product_brand","embeddable":true,"href":"https:\/\/lunzimalito.com\/index.php?rest_route=%2Fwp%2Fv2%2Fproduct_brand&post=5892"},{"taxonomy":"product_cat","embeddable":true,"href":"https:\/\/lunzimalito.com\/index.php?rest_route=%2Fwp%2Fv2%2Fproduct_cat&post=5892"},{"taxonomy":"product_tag","embeddable":true,"href":"https:\/\/lunzimalito.com\/index.php?rest_route=%2Fwp%2Fv2%2Fproduct_tag&post=5892"}],"curies":[{"name":"wp","href":"https:\/\/api.w.org\/{rel}","templated":true}]}}