{"id":5889,"date":"2025-04-24T07:31:04","date_gmt":"2025-04-24T06:31:04","guid":{"rendered":"https:\/\/lunzimalito.com\/?product=jeans-relucky-pour-femmes"},"modified":"2025-04-24T07:31:04","modified_gmt":"2025-04-24T06:31:04","slug":"jeans-relucky-pour-femmes","status":"publish","type":"product","link":"https:\/\/lunzimalito.com\/?product=jeans-relucky-pour-femmes","title":{"rendered":"Jeans Relucky pour femmes"},"content":{"rendered":"<p class=\"\" data-start=\"27\" data-end=\"338\">Adoptez un style sans effort avec le <strong data-start=\"59\" data-end=\"84\">jean Relucky pour femme, un<\/strong>m\u00e9lange parfait de confort, de qualit\u00e9 et d&#8217;\u00e9l\u00e9gance moderne. Con\u00e7u pour les femmes qui appr\u00e9cient \u00e0 la fois la mode et la fonctionnalit\u00e9, le jean Relucky offre une coupe \u00e9l\u00e9gante et flatteuse qui \u00e9pouse tous les contours tout en vous permettant de bouger librement tout au long de la journ\u00e9e. <\/p>\n<p class=\"\" data-start=\"340\" data-end=\"622\">Fabriqu\u00e9 avec un denim doux et durable et une touche de stretch, ce jean est con\u00e7u pour durer et se sentir bien du matin au soir. Que vous pr\u00e9f\u00e9riez une coupe skinny classique, un style boyfriend d\u00e9contract\u00e9 ou une coupe haute \u00e0 la mode, Relucky propose une gamme d&#8217;options adapt\u00e9es \u00e0 tous les go\u00fbts et \u00e0 toutes les morphologies. <\/p>\n<p class=\"\" data-start=\"624\" data-end=\"911\">Polyvalents et faciles \u00e0 styliser, les <strong data-start=\"653\" data-end=\"670\">jeans Relucky<\/strong> se pr\u00eatent \u00e0 toutes les occasions : associez-les \u00e0 des baskets et un tee-shirt pour un look d\u00e9contract\u00e9, ou habillez-les de talons et d&#8217;un chemisier pour sortir le soir. Quelle que soit la fa\u00e7on dont vous les portez, Relucky vous aide \u00e0 vous sentir confiante, \u00e0 l&#8217;aise et ind\u00e9niablement \u00e9l\u00e9gante. <\/p>\n","protected":false},"excerpt":{"rendered":"<p>Adoptez un style sans effort avec le <strong data-start=\"59\" data-end=\"84\">jean Relucky pour femme, un<\/strong>m\u00e9lange parfait de confort, de qualit\u00e9 et d&#8217;\u00e9l\u00e9gance moderne. Con\u00e7u pour les femmes qui appr\u00e9cient \u00e0 la fois la mode et la fonctionnalit\u00e9, le jean Relucky offre une coupe \u00e9l\u00e9gante et flatteuse qui \u00e9pouse tous les contours tout en vous permettant de bouger librement tout au long de la journ\u00e9e. <\/p>\n","protected":false},"featured_media":4740,"comment_status":"open","ping_status":"closed","template":"","meta":{"_joinchat":[]},"product_brand":[],"product_cat":[463,452,421,386,420,428,451,391],"product_tag":[453,383,394,384,419,389,390,382],"class_list":{"0":"post-5889","1":"product","2":"type-product","3":"status-publish","4":"has-post-thumbnail","6":"product_cat-dame","7":"product_cat-deko-fr","8":"product_cat-filles","9":"product_cat-ledis-besic-pantalon","10":"product_cat-mode-feminine","11":"product_cat-pantalon-besic","12":"product_cat-pantalon-en-jean","13":"product_cat-relucky-mode-pour-femmes","14":"product_tag-denim-fr","15":"product_tag-la-mode","16":"product_tag-le-monde-de-la-mode","17":"product_tag-ledis-fashion-fr","18":"product_tag-lunzimalito-com-fr","19":"product_tag-marque","20":"product_tag-mode-femmes","21":"product_tag-vetements","23":"first","24":"instock","25":"sale","26":"shipping-taxable","27":"purchasable","28":"product-type-simple"},"_links":{"self":[{"href":"https:\/\/lunzimalito.com\/index.php?rest_route=\/wp\/v2\/product\/5889","targetHints":{"allow":["GET"]}}],"collection":[{"href":"https:\/\/lunzimalito.com\/index.php?rest_route=\/wp\/v2\/product"}],"about":[{"href":"https:\/\/lunzimalito.com\/index.php?rest_route=\/wp\/v2\/types\/product"}],"replies":[{"embeddable":true,"href":"https:\/\/lunzimalito.com\/index.php?rest_route=%2Fwp%2Fv2%2Fcomments&post=5889"}],"wp:featuredmedia":[{"embeddable":true,"href":"https:\/\/lunzimalito.com\/index.php?rest_route=\/wp\/v2\/media\/4740"}],"wp:attachment":[{"href":"https:\/\/lunzimalito.com\/index.php?rest_route=%2Fwp%2Fv2%2Fmedia&parent=5889"}],"wp:term":[{"taxonomy":"product_brand","embeddable":true,"href":"https:\/\/lunzimalito.com\/index.php?rest_route=%2Fwp%2Fv2%2Fproduct_brand&post=5889"},{"taxonomy":"product_cat","embeddable":true,"href":"https:\/\/lunzimalito.com\/index.php?rest_route=%2Fwp%2Fv2%2Fproduct_cat&post=5889"},{"taxonomy":"product_tag","embeddable":true,"href":"https:\/\/lunzimalito.com\/index.php?rest_route=%2Fwp%2Fv2%2Fproduct_tag&post=5889"}],"curies":[{"name":"wp","href":"https:\/\/api.w.org\/{rel}","templated":true}]}}