{"id":5884,"date":"2025-04-24T12:39:11","date_gmt":"2025-04-24T11:39:11","guid":{"rendered":"https:\/\/lunzimalito.com\/?product=chemise-en-denim-sherocco"},"modified":"2025-04-24T12:39:11","modified_gmt":"2025-04-24T11:39:11","slug":"chemise-en-denim-sherocco","status":"publish","type":"product","link":"https:\/\/lunzimalito.com\/?product=chemise-en-denim-sherocco","title":{"rendered":"Chemise en denim Sherocco"},"content":{"rendered":"<p class=\"my-0\">Faites l&#8217;exp\u00e9rience d&#8217;un style intemporel et d&#8217;une polyvalence quotidienne avec la chemise en denim Sherocco pour femme. Cette chemise est fabriqu\u00e9e en denim de qualit\u00e9 sup\u00e9rieure, offrant une sensation de douceur et de confort qui s&#8217;associe sans effort \u00e0 n&#8217;importe quelle garde-robe. Con\u00e7ue pour les go\u00fbts classiques et modernes, la Sherocco Denim Shirt pr\u00e9sente une silhouette flatteuse qui convient \u00e0 une vari\u00e9t\u00e9 de types de corps et d&#8217;occasions, que vous vous habilliez pour une sortie d\u00e9contract\u00e9e ou que vous la superposiez pour un look chic et d\u00e9contract\u00e9<span class=\"whitespace-nowrap\">.<\/span>  <\/p>\n<p class=\"my-0\">La chemise en denim Sherocco se distingue par des d\u00e9tails bien pens\u00e9s tels que des coutures de qualit\u00e9 et une coupe ajust\u00e9e, garantissant une durabilit\u00e9 et une apparence soign\u00e9e. Son devant boutonn\u00e9 et ses poignets r\u00e9glables permettent de personnaliser le style, tandis que le tissu denim respirant permet de la porter tout au long de l&#8217;ann\u00e9e<span class=\"whitespace-nowrap\">.<\/span> <\/p>\n<p class=\"my-0\">Parfaite pour \u00eatre associ\u00e9e \u00e0 un jean, une jupe ou superpos\u00e9e \u00e0 une robe, la chemise en denim Sherocco pour femme est un article de base indispensable qui apporte un style et un confort sans effort \u00e0 votre mode de tous les jours.<\/p>\n","protected":false},"excerpt":{"rendered":"<p>Parfaite pour \u00eatre associ\u00e9e \u00e0 un jean, une jupe ou superpos\u00e9e \u00e0 une robe, la chemise en denim Sherocco pour femme est un article de base indispensable qui apporte un style et un confort sans effort \u00e0 votre mode de tous les jours.<\/p>\n","protected":false},"featured_media":4803,"comment_status":"open","ping_status":"closed","template":"","meta":{"_joinchat":[]},"product_brand":[],"product_cat":[463,452,421,386,420,428,451,391],"product_tag":[453,383,394,384,419,389,390,382],"class_list":{"0":"post-5884","1":"product","2":"type-product","3":"status-publish","4":"has-post-thumbnail","6":"product_cat-dame","7":"product_cat-deko-fr","8":"product_cat-filles","9":"product_cat-ledis-besic-pantalon","10":"product_cat-mode-feminine","11":"product_cat-pantalon-besic","12":"product_cat-pantalon-en-jean","13":"product_cat-relucky-mode-pour-femmes","14":"product_tag-denim-fr","15":"product_tag-la-mode","16":"product_tag-le-monde-de-la-mode","17":"product_tag-ledis-fashion-fr","18":"product_tag-lunzimalito-com-fr","19":"product_tag-marque","20":"product_tag-mode-femmes","21":"product_tag-vetements","23":"first","24":"instock","25":"sale","26":"shipping-taxable","27":"purchasable","28":"product-type-simple"},"_links":{"self":[{"href":"https:\/\/lunzimalito.com\/index.php?rest_route=\/wp\/v2\/product\/5884","targetHints":{"allow":["GET"]}}],"collection":[{"href":"https:\/\/lunzimalito.com\/index.php?rest_route=\/wp\/v2\/product"}],"about":[{"href":"https:\/\/lunzimalito.com\/index.php?rest_route=\/wp\/v2\/types\/product"}],"replies":[{"embeddable":true,"href":"https:\/\/lunzimalito.com\/index.php?rest_route=%2Fwp%2Fv2%2Fcomments&post=5884"}],"wp:featuredmedia":[{"embeddable":true,"href":"https:\/\/lunzimalito.com\/index.php?rest_route=\/wp\/v2\/media\/4803"}],"wp:attachment":[{"href":"https:\/\/lunzimalito.com\/index.php?rest_route=%2Fwp%2Fv2%2Fmedia&parent=5884"}],"wp:term":[{"taxonomy":"product_brand","embeddable":true,"href":"https:\/\/lunzimalito.com\/index.php?rest_route=%2Fwp%2Fv2%2Fproduct_brand&post=5884"},{"taxonomy":"product_cat","embeddable":true,"href":"https:\/\/lunzimalito.com\/index.php?rest_route=%2Fwp%2Fv2%2Fproduct_cat&post=5884"},{"taxonomy":"product_tag","embeddable":true,"href":"https:\/\/lunzimalito.com\/index.php?rest_route=%2Fwp%2Fv2%2Fproduct_tag&post=5884"}],"curies":[{"name":"wp","href":"https:\/\/api.w.org\/{rel}","templated":true}]}}