{"id":5883,"date":"2025-04-24T13:49:57","date_gmt":"2025-04-24T12:49:57","guid":{"rendered":"https:\/\/lunzimalito.com\/?product=kurtka-ladyn"},"modified":"2025-04-24T13:49:57","modified_gmt":"2025-04-24T12:49:57","slug":"kurtka-ladyn","status":"publish","type":"product","link":"https:\/\/lunzimalito.com\/?product=kurtka-ladyn","title":{"rendered":"Kurtka LADYN"},"content":{"rendered":"<p class=\"my-0\">Damski \u017cakiet LADYN to wyrafinowane po\u0142\u0105czenie klasycznego krawiectwa i wsp\u00f3\u0142czesnego stylu. Zainspirowany kultow\u0105 sylwetk\u0105 \u201edamskiego \u017cakietu\u201d, ten model ma kr\u00f3tszy, prosty i cz\u0119sto bez ko\u0142nierza kr\u00f3j, zapewniaj\u0105c dopracowany i kobiecy wygl\u0105d przypominaj\u0105cy ponadczasowy \u017cakiet Chanel<span class=\"whitespace-nowrap\">.<\/span> \u017bakiet LADYN jest zazwyczaj jednorz\u0119dowy i wykonany z wysokiej jako\u015bci materia\u0142\u00f3w, takich jak tweed, boucle lub g\u0142adkie tkaniny, oferuj\u0105c zar\u00f3wno struktur\u0119, jak i wygod\u0119<span class=\"whitespace-nowrap\">.<\/span> <\/p>\n<p class=\"my-0\">Wszechstronna i szykowna kurtka LADYN mo\u017ce by\u0107 noszona zar\u00f3wno na co dzie\u0144, jak i do pracy. Jej przyci\u0119ty, pude\u0142kowy kr\u00f3j pasuje do r\u00f3\u017cnych typ\u00f3w sylwetki i bez wysi\u0142ku \u0142\u0105czy si\u0119 ze wszystkim, od dopasowanych spodni po d\u017cinsy<span class=\"whitespace-nowrap\">.<\/span> Detale, takie jak z\u0142ote guziki, teksturowane wyko\u0144czenia i subtelne wyko\u0144czenia, dodaj\u0105 wyrafinowania, a strukturalny kszta\u0142t kurtki sprawia, \u017ce elegancko zwisa jako samodzielny element lub jako podstawa warstw<span class=\"whitespace-nowrap\">.<\/span> <\/p>\n","protected":false},"excerpt":{"rendered":"<p>Damska kurtka LADYN to niezb\u0119dny element garderoby dla os\u00f3b poszukuj\u0105cych r\u00f3wnowagi mi\u0119dzy elegancj\u0105, wszechstronno\u015bci\u0105 i nowoczesn\u0105 kobieco\u015bci\u0105, niezale\u017cnie od tego, czy jest noszona do pracy, czy te\u017c dodaje paryskiego stylu do weekendowego stroju.<\/p>\n","protected":false},"featured_media":4822,"comment_status":"open","ping_status":"closed","template":"","meta":{"_joinchat":[]},"product_brand":[],"product_cat":[438,424,423,397,461,437,439,380],"product_tag":[436,378,422,395,377,406,376],"class_list":{"0":"post-5883","1":"product","2":"type-product","3":"status-publish","4":"has-post-thumbnail","6":"product_cat-deko-pl","7":"product_cat-dziewczece","8":"product_cat-moda-damska","9":"product_cat-moda-damska-relucky","10":"product_cat-pani","11":"product_cat-spodnie-besic","12":"product_cat-spodnie-dzinsowe","13":"product_cat-spodnie-ledis-besic","14":"product_tag-denim-pl","15":"product_tag-ledis-fashion-pl","16":"product_tag-lunzimalito-com-pl","17":"product_tag-marka","18":"product_tag-moda","19":"product_tag-swiat-mody","20":"product_tag-ubrania","22":"first","23":"instock","24":"sale","25":"shipping-taxable","26":"purchasable","27":"product-type-simple"},"_links":{"self":[{"href":"https:\/\/lunzimalito.com\/index.php?rest_route=\/wp\/v2\/product\/5883","targetHints":{"allow":["GET"]}}],"collection":[{"href":"https:\/\/lunzimalito.com\/index.php?rest_route=\/wp\/v2\/product"}],"about":[{"href":"https:\/\/lunzimalito.com\/index.php?rest_route=\/wp\/v2\/types\/product"}],"replies":[{"embeddable":true,"href":"https:\/\/lunzimalito.com\/index.php?rest_route=%2Fwp%2Fv2%2Fcomments&post=5883"}],"wp:featuredmedia":[{"embeddable":true,"href":"https:\/\/lunzimalito.com\/index.php?rest_route=\/wp\/v2\/media\/4822"}],"wp:attachment":[{"href":"https:\/\/lunzimalito.com\/index.php?rest_route=%2Fwp%2Fv2%2Fmedia&parent=5883"}],"wp:term":[{"taxonomy":"product_brand","embeddable":true,"href":"https:\/\/lunzimalito.com\/index.php?rest_route=%2Fwp%2Fv2%2Fproduct_brand&post=5883"},{"taxonomy":"product_cat","embeddable":true,"href":"https:\/\/lunzimalito.com\/index.php?rest_route=%2Fwp%2Fv2%2Fproduct_cat&post=5883"},{"taxonomy":"product_tag","embeddable":true,"href":"https:\/\/lunzimalito.com\/index.php?rest_route=%2Fwp%2Fv2%2Fproduct_tag&post=5883"}],"curies":[{"name":"wp","href":"https:\/\/api.w.org\/{rel}","templated":true}]}}