{"id":5880,"date":"2025-04-24T13:06:20","date_gmt":"2025-04-24T12:06:20","guid":{"rendered":"https:\/\/lunzimalito.com\/?product=jeans-de-la-marque-liuzin"},"modified":"2025-04-24T13:06:20","modified_gmt":"2025-04-24T12:06:20","slug":"jeans-de-la-marque-liuzin","status":"publish","type":"product","link":"https:\/\/lunzimalito.com\/?product=jeans-de-la-marque-liuzin","title":{"rendered":"Jeans de la marque LIUZIN"},"content":{"rendered":"<p class=\"my-0\">D\u00e9couvrez une coupe exceptionnelle et un style contemporain avec les jeans de la marque LIUZIN pour femmes. Con\u00e7us pour les femmes s\u00fbres d&#8217;elles qui appr\u00e9cient \u00e0 la fois le confort et la mode, ces jeans sont fabriqu\u00e9s \u00e0 partir de m\u00e9langes de denim de haute qualit\u00e9 qui offrent une grande durabilit\u00e9 et une silhouette flatteuse. La collection LIUZIN comprend une vari\u00e9t\u00e9 de coupes tendance, telles que taille haute, skinny et bootcut, ce qui garantit qu&#8217;il y a une paire parfaite pour chaque type de corps et chaque occasion.  <\/p>\n<p class=\"my-0\">Les jeans LIUZIN se distinguent par des d\u00e9tails bien pens\u00e9s tels que des coutures pr\u00e9cises, des accessoires de qualit\u00e9 sup\u00e9rieure et des d\u00e9lavages \u00e9l\u00e9gants, ce qui les rend suffisamment polyvalents pour des sorties d\u00e9contract\u00e9es ou des looks plus raffin\u00e9s. De nombreux mod\u00e8les sont \u00e9galement dot\u00e9s de tissus extensibles innovants pour un meilleur confort et une plus grande libert\u00e9 de mouvement, afin que vous puissiez vous sentir au mieux de votre forme tout au long de la journ\u00e9e. <\/p>\n<p>Qu&#8217;ils soient associ\u00e9s \u00e0 un chemisier impeccable pour un ensemble chic ou \u00e0 un tee-shirt d\u00e9contract\u00e9, les jeans de la marque LIUZIN pour femmes sont un \u00e9l\u00e9ment essentiel de votre garde-robe qui allie sans effort l&#8217;\u00e9l\u00e9gance moderne et la praticit\u00e9 au quotidien.<\/p>\n","protected":false},"excerpt":{"rendered":"<p>Qu&#8217;ils soient associ\u00e9s \u00e0 un chemisier impeccable pour un ensemble chic ou \u00e0 un tee-shirt d\u00e9contract\u00e9, les jeans de la marque LIUZIN pour femmes sont un \u00e9l\u00e9ment essentiel de votre garde-robe qui allie sans effort l&#8217;\u00e9l\u00e9gance moderne et la praticit\u00e9 au quotidien.<\/p>\n","protected":false},"featured_media":4812,"comment_status":"open","ping_status":"closed","template":"","meta":{"_joinchat":[]},"product_brand":[],"product_cat":[463,452,421,386,420,428,451,391],"product_tag":[473,453,383,394,384,419,389,382],"class_list":{"0":"post-5880","1":"product","2":"type-product","3":"status-publish","4":"has-post-thumbnail","6":"product_cat-dame","7":"product_cat-deko-fr","8":"product_cat-filles","9":"product_cat-ledis-besic-pantalon","10":"product_cat-mode-feminine","11":"product_cat-pantalon-besic","12":"product_cat-pantalon-en-jean","13":"product_cat-relucky-mode-pour-femmes","14":"product_tag-dekploy-fr","15":"product_tag-denim-fr","16":"product_tag-la-mode","17":"product_tag-le-monde-de-la-mode","18":"product_tag-ledis-fashion-fr","19":"product_tag-lunzimalito-com-fr","20":"product_tag-marque","21":"product_tag-vetements","23":"first","24":"instock","25":"sale","26":"shipping-taxable","27":"purchasable","28":"product-type-simple"},"_links":{"self":[{"href":"https:\/\/lunzimalito.com\/index.php?rest_route=\/wp\/v2\/product\/5880","targetHints":{"allow":["GET"]}}],"collection":[{"href":"https:\/\/lunzimalito.com\/index.php?rest_route=\/wp\/v2\/product"}],"about":[{"href":"https:\/\/lunzimalito.com\/index.php?rest_route=\/wp\/v2\/types\/product"}],"replies":[{"embeddable":true,"href":"https:\/\/lunzimalito.com\/index.php?rest_route=%2Fwp%2Fv2%2Fcomments&post=5880"}],"wp:featuredmedia":[{"embeddable":true,"href":"https:\/\/lunzimalito.com\/index.php?rest_route=\/wp\/v2\/media\/4812"}],"wp:attachment":[{"href":"https:\/\/lunzimalito.com\/index.php?rest_route=%2Fwp%2Fv2%2Fmedia&parent=5880"}],"wp:term":[{"taxonomy":"product_brand","embeddable":true,"href":"https:\/\/lunzimalito.com\/index.php?rest_route=%2Fwp%2Fv2%2Fproduct_brand&post=5880"},{"taxonomy":"product_cat","embeddable":true,"href":"https:\/\/lunzimalito.com\/index.php?rest_route=%2Fwp%2Fv2%2Fproduct_cat&post=5880"},{"taxonomy":"product_tag","embeddable":true,"href":"https:\/\/lunzimalito.com\/index.php?rest_route=%2Fwp%2Fv2%2Fproduct_tag&post=5880"}],"curies":[{"name":"wp","href":"https:\/\/api.w.org\/{rel}","templated":true}]}}