{"id":5879,"date":"2025-04-26T06:22:08","date_gmt":"2025-04-26T05:22:08","guid":{"rendered":"https:\/\/lunzimalito.com\/?product=jeans-decontractes-relucky"},"modified":"2025-04-26T06:22:08","modified_gmt":"2025-04-26T05:22:08","slug":"jeans-decontractes-relucky","status":"publish","type":"product","link":"https:\/\/lunzimalito.com\/?product=jeans-decontractes-relucky","title":{"rendered":"Jeans d\u00e9contract\u00e9s Relucky"},"content":{"rendered":"<p class=\"\" data-start=\"2406\" data-end=\"2815\">Lorsqu&#8217;il s&#8217;agit de jeans, nous voulons toutes cette combinaison magique de style, de confort et de coupe flatteuse. C&#8217;est l\u00e0 que les <strong data-start=\"2521\" data-end=\"2553\">jeans d\u00e9contract\u00e9s Relucky pour femmes<\/strong> entrent en jeu. Ce jean est plus qu&#8217;un simple denim : c&#8217;est un accessoire de tous les jours, un stimulant de la confiance en soi et un essentiel de la garde-robe, le tout r\u00e9uni en un seul v\u00eatement. Que vous alliez faire des courses, que vous vous d\u00e9tendiez \u00e0 la maison ou que vous alliez prendre un caf\u00e9 avec des amis, Relucky a tout ce qu&#8217;il vous faut.   <\/p>\n<p class=\"\" data-start=\"2861\" data-end=\"3163\">Les jeans Relucky Casual Jeans sont des jeans con\u00e7us pour les femmes modernes qui recherchent \u00e0 la fois la mode et la fonctionnalit\u00e9. Ils sont taill\u00e9s dans des coupes d\u00e9contract\u00e9es et relaxantes, tout en conservant une forme flatteuse. La beaut\u00e9 de ce jean r\u00e9side dans sa polyvalence : il se porte aussi bien avec des baskets et un sweat \u00e0 capuche qu&#8217;avec des bottes et un blazer.  <\/p>\n<p class=\"\" data-start=\"3205\" data-end=\"3495\">Relucky n&#8217;est pas apparu sur la sc\u00e8ne du jour au lendemain. La marque s&#8217;est forg\u00e9 une identit\u00e9 forte en se concentrant sur les prix abordables, le confort et la tendance. Avec ses racines dans la mode d\u00e9contract\u00e9e et street-chic, elle s\u00e9duit les femmes qui veulent se sentir bien dans ce qu&#8217;elles portent sans sacrifier leur style personnel.  <\/p>\n","protected":false},"excerpt":{"rendered":"<p>Avouons-le, les jeans peuvent \u00eatre difficiles \u00e0 porter. Mais Relucky a accumul\u00e9 les commentaires positifs de femmes qui aiment le confort, la coupe et les compliments qu&#8217;elles re\u00e7oivent. Ils se situent juste \u00e0 la taille, \u00e9pousent les bonnes courbes et se r\u00e9v\u00e8lent impeccables d\u00e8s la premi\u00e8re utilisation.  <\/p>\n","protected":false},"featured_media":4830,"comment_status":"open","ping_status":"closed","template":"","meta":{"_joinchat":[]},"product_brand":[],"product_cat":[463,452,421,386,420,428,451,391],"product_tag":[473,453,383,394,384,419,389,390,382],"class_list":{"0":"post-5879","1":"product","2":"type-product","3":"status-publish","4":"has-post-thumbnail","6":"product_cat-dame","7":"product_cat-deko-fr","8":"product_cat-filles","9":"product_cat-ledis-besic-pantalon","10":"product_cat-mode-feminine","11":"product_cat-pantalon-besic","12":"product_cat-pantalon-en-jean","13":"product_cat-relucky-mode-pour-femmes","14":"product_tag-dekploy-fr","15":"product_tag-denim-fr","16":"product_tag-la-mode","17":"product_tag-le-monde-de-la-mode","18":"product_tag-ledis-fashion-fr","19":"product_tag-lunzimalito-com-fr","20":"product_tag-marque","21":"product_tag-mode-femmes","22":"product_tag-vetements","24":"first","25":"instock","26":"sale","27":"shipping-taxable","28":"purchasable","29":"product-type-simple"},"_links":{"self":[{"href":"https:\/\/lunzimalito.com\/index.php?rest_route=\/wp\/v2\/product\/5879","targetHints":{"allow":["GET"]}}],"collection":[{"href":"https:\/\/lunzimalito.com\/index.php?rest_route=\/wp\/v2\/product"}],"about":[{"href":"https:\/\/lunzimalito.com\/index.php?rest_route=\/wp\/v2\/types\/product"}],"replies":[{"embeddable":true,"href":"https:\/\/lunzimalito.com\/index.php?rest_route=%2Fwp%2Fv2%2Fcomments&post=5879"}],"wp:featuredmedia":[{"embeddable":true,"href":"https:\/\/lunzimalito.com\/index.php?rest_route=\/wp\/v2\/media\/4830"}],"wp:attachment":[{"href":"https:\/\/lunzimalito.com\/index.php?rest_route=%2Fwp%2Fv2%2Fmedia&parent=5879"}],"wp:term":[{"taxonomy":"product_brand","embeddable":true,"href":"https:\/\/lunzimalito.com\/index.php?rest_route=%2Fwp%2Fv2%2Fproduct_brand&post=5879"},{"taxonomy":"product_cat","embeddable":true,"href":"https:\/\/lunzimalito.com\/index.php?rest_route=%2Fwp%2Fv2%2Fproduct_cat&post=5879"},{"taxonomy":"product_tag","embeddable":true,"href":"https:\/\/lunzimalito.com\/index.php?rest_route=%2Fwp%2Fv2%2Fproduct_tag&post=5879"}],"curies":[{"name":"wp","href":"https:\/\/api.w.org\/{rel}","templated":true}]}}