{"id":5878,"date":"2025-04-24T13:06:20","date_gmt":"2025-04-24T12:06:20","guid":{"rendered":"https:\/\/lunzimalito.com\/?product=jeansy-marki-liuzin"},"modified":"2025-04-24T13:06:20","modified_gmt":"2025-04-24T12:06:20","slug":"jeansy-marki-liuzin","status":"publish","type":"product","link":"https:\/\/lunzimalito.com\/?product=jeansy-marki-liuzin","title":{"rendered":"Jeansy marki LIUZIN"},"content":{"rendered":"<p class=\"my-0\">Odkryj wyj\u0105tkowe dopasowanie i nowoczesny styl dzi\u0119ki damskim jeansom marki LIUZIN. Zaprojektowane dla pewnych siebie kobiet, kt\u00f3re ceni\u0105 sobie zar\u00f3wno wygod\u0119, jak i mod\u0119, te d\u017cinsy s\u0105 wykonane z wysokiej jako\u015bci mieszanek denimu, kt\u00f3re zapewniaj\u0105 trwa\u0142o\u015b\u0107 i pochlebn\u0105 sylwetk\u0119. Kolekcja LIUZIN obejmuje r\u00f3\u017cne modne kroje &#8211; takie jak z wysokim stanem, skinny i bootcut &#8211; zapewniaj\u0105c idealn\u0105 par\u0119 dla ka\u017cdego typu sylwetki i okazji.  <\/p>\n<p class=\"my-0\">D\u017cinsy LIUZIN wyr\u00f3\u017cniaj\u0105 si\u0119 przemy\u015blanymi detalami, takimi jak precyzyjne szwy, wysokiej jako\u015bci okucia i stylowe sprania, dzi\u0119ki czemu s\u0105 wystarczaj\u0105co wszechstronne na swobodne wyj\u015bcia lub bardziej dopracowane stylizacje. Wiele wzor\u00f3w jest r\u00f3wnie\u017c wykonanych z innowacyjnych elastycznych tkanin, kt\u00f3re zapewniaj\u0105 wi\u0119kszy komfort i swobod\u0119 ruch\u00f3w, dzi\u0119ki czemu mo\u017cesz wygl\u0105da\u0107 i czu\u0107 si\u0119 jak najlepiej przez ca\u0142y dzie\u0144. <\/p>\n<p>Damskie jeansy LIUZIN to podstawowy element garderoby, kt\u00f3ry bez wysi\u0142ku \u0142\u0105czy nowoczesn\u0105 elegancj\u0119 z codzienn\u0105 praktyczno\u015bci\u0105, zar\u00f3wno w po\u0142\u0105czeniu z eleganck\u0105 bluzk\u0105, jak i swobodn\u0105 koszulk\u0105.<\/p>\n","protected":false},"excerpt":{"rendered":"<p>Damskie jeansy LIUZIN to podstawowy element garderoby, kt\u00f3ry bez wysi\u0142ku \u0142\u0105czy nowoczesn\u0105 elegancj\u0119 z codzienn\u0105 praktyczno\u015bci\u0105, zar\u00f3wno w po\u0142\u0105czeniu z eleganck\u0105 bluzk\u0105, jak i swobodn\u0105 koszulk\u0105.<\/p>\n","protected":false},"featured_media":4813,"comment_status":"open","ping_status":"closed","template":"","meta":{"_joinchat":[]},"product_brand":[],"product_cat":[438,424,423,397,461,437,439,380],"product_tag":[474,436,378,422,395,377,406,376],"class_list":{"0":"post-5878","1":"product","2":"type-product","3":"status-publish","4":"has-post-thumbnail","6":"product_cat-deko-pl","7":"product_cat-dziewczece","8":"product_cat-moda-damska","9":"product_cat-moda-damska-relucky","10":"product_cat-pani","11":"product_cat-spodnie-besic","12":"product_cat-spodnie-dzinsowe","13":"product_cat-spodnie-ledis-besic","14":"product_tag-dekploy-pl","15":"product_tag-denim-pl","16":"product_tag-ledis-fashion-pl","17":"product_tag-lunzimalito-com-pl","18":"product_tag-marka","19":"product_tag-moda","20":"product_tag-swiat-mody","21":"product_tag-ubrania","23":"first","24":"instock","25":"sale","26":"shipping-taxable","27":"purchasable","28":"product-type-simple"},"_links":{"self":[{"href":"https:\/\/lunzimalito.com\/index.php?rest_route=\/wp\/v2\/product\/5878","targetHints":{"allow":["GET"]}}],"collection":[{"href":"https:\/\/lunzimalito.com\/index.php?rest_route=\/wp\/v2\/product"}],"about":[{"href":"https:\/\/lunzimalito.com\/index.php?rest_route=\/wp\/v2\/types\/product"}],"replies":[{"embeddable":true,"href":"https:\/\/lunzimalito.com\/index.php?rest_route=%2Fwp%2Fv2%2Fcomments&post=5878"}],"wp:featuredmedia":[{"embeddable":true,"href":"https:\/\/lunzimalito.com\/index.php?rest_route=\/wp\/v2\/media\/4813"}],"wp:attachment":[{"href":"https:\/\/lunzimalito.com\/index.php?rest_route=%2Fwp%2Fv2%2Fmedia&parent=5878"}],"wp:term":[{"taxonomy":"product_brand","embeddable":true,"href":"https:\/\/lunzimalito.com\/index.php?rest_route=%2Fwp%2Fv2%2Fproduct_brand&post=5878"},{"taxonomy":"product_cat","embeddable":true,"href":"https:\/\/lunzimalito.com\/index.php?rest_route=%2Fwp%2Fv2%2Fproduct_cat&post=5878"},{"taxonomy":"product_tag","embeddable":true,"href":"https:\/\/lunzimalito.com\/index.php?rest_route=%2Fwp%2Fv2%2Fproduct_tag&post=5878"}],"curies":[{"name":"wp","href":"https:\/\/api.w.org\/{rel}","templated":true}]}}