{"id":5871,"date":"2025-04-24T12:39:11","date_gmt":"2025-04-24T11:39:11","guid":{"rendered":"https:\/\/lunzimalito.com\/?product=dzinsowa-koszula-sherocco"},"modified":"2025-04-24T12:39:11","modified_gmt":"2025-04-24T11:39:11","slug":"dzinsowa-koszula-sherocco","status":"publish","type":"product","link":"https:\/\/lunzimalito.com\/?product=dzinsowa-koszula-sherocco","title":{"rendered":"D\u017cinsowa koszula Sherocco"},"content":{"rendered":"<p class=\"my-0\">Damska koszula d\u017cinsowa Sherocco to ponadczasowy styl i uniwersalno\u015b\u0107 na co dzie\u0144. Ta koszula jest wykonana z wysokiej jako\u015bci d\u017cinsu, oferuj\u0105c mi\u0119kko\u015b\u0107 i wygod\u0119, kt\u00f3re bez wysi\u0142ku \u0142\u0105cz\u0105 si\u0119 z ka\u017cd\u0105 garderob\u0105. Zaprojektowana z my\u015bl\u0105 zar\u00f3wno o klasycznych, jak i nowoczesnych gustach, koszula Sherocco Denim Shirt ma pochlebn\u0105 sylwetk\u0119, kt\u00f3ra pasuje do r\u00f3\u017cnych typ\u00f3w cia\u0142a i okazji, niezale\u017cnie od tego, czy ubierasz si\u0119 na swobodne wyj\u015bcie, czy nak\u0142adasz warstw\u0119, aby uzyska\u0107 elegancki, zrelaksowany wygl\u0105d<span class=\"whitespace-nowrap\">.<\/span>  <\/p>\n<p class=\"my-0\">Koszula d\u017cinsowa Sherocco wyr\u00f3\u017cnia si\u0119 przemy\u015blanymi detalami, takimi jak wysokiej jako\u015bci szwy i dopasowany kr\u00f3j, zapewniaj\u0105c trwa\u0142o\u015b\u0107 i dopracowany wygl\u0105d. Jej zapinany na guziki prz\u00f3d i regulowane mankiety pozwalaj\u0105 na dostosowanie stylizacji, a oddychaj\u0105ca tkanina d\u017cinsowa sprawia, \u017ce nadaje si\u0119 do noszenia przez ca\u0142y rok<span class=\"whitespace-nowrap\">.<\/span> <\/p>\n<p class=\"my-0\">Idealna do sparowania z d\u017cinsami, sp\u00f3dnicami lub na\u0142o\u017cenia na sukienk\u0119, damska koszula Sherocco Denim Shirt to obowi\u0105zkowy element, kt\u00f3ry zapewnia swobodny styl i wygod\u0119 w codziennej rotacji mody.<\/p>\n","protected":false},"excerpt":{"rendered":"<p>Idealna do sparowania z d\u017cinsami, sp\u00f3dnicami lub na\u0142o\u017cenia na sukienk\u0119, damska koszula Sherocco Denim Shirt to obowi\u0105zkowy element, kt\u00f3ry zapewnia swobodny styl i wygod\u0119 w codziennej rotacji mody.<\/p>\n","protected":false},"featured_media":4804,"comment_status":"open","ping_status":"closed","template":"","meta":{"_joinchat":[]},"product_brand":[],"product_cat":[438,424,423,397,461,437,439,380],"product_tag":[436,378,422,395,377,396,406,376],"class_list":{"0":"post-5871","1":"product","2":"type-product","3":"status-publish","4":"has-post-thumbnail","6":"product_cat-deko-pl","7":"product_cat-dziewczece","8":"product_cat-moda-damska","9":"product_cat-moda-damska-relucky","10":"product_cat-pani","11":"product_cat-spodnie-besic","12":"product_cat-spodnie-dzinsowe","13":"product_cat-spodnie-ledis-besic","14":"product_tag-denim-pl","15":"product_tag-ledis-fashion-pl","16":"product_tag-lunzimalito-com-pl","17":"product_tag-marka","18":"product_tag-moda","19":"product_tag-moda-damska","20":"product_tag-swiat-mody","21":"product_tag-ubrania","23":"first","24":"instock","25":"sale","26":"shipping-taxable","27":"purchasable","28":"product-type-simple"},"_links":{"self":[{"href":"https:\/\/lunzimalito.com\/index.php?rest_route=\/wp\/v2\/product\/5871","targetHints":{"allow":["GET"]}}],"collection":[{"href":"https:\/\/lunzimalito.com\/index.php?rest_route=\/wp\/v2\/product"}],"about":[{"href":"https:\/\/lunzimalito.com\/index.php?rest_route=\/wp\/v2\/types\/product"}],"replies":[{"embeddable":true,"href":"https:\/\/lunzimalito.com\/index.php?rest_route=%2Fwp%2Fv2%2Fcomments&post=5871"}],"wp:featuredmedia":[{"embeddable":true,"href":"https:\/\/lunzimalito.com\/index.php?rest_route=\/wp\/v2\/media\/4804"}],"wp:attachment":[{"href":"https:\/\/lunzimalito.com\/index.php?rest_route=%2Fwp%2Fv2%2Fmedia&parent=5871"}],"wp:term":[{"taxonomy":"product_brand","embeddable":true,"href":"https:\/\/lunzimalito.com\/index.php?rest_route=%2Fwp%2Fv2%2Fproduct_brand&post=5871"},{"taxonomy":"product_cat","embeddable":true,"href":"https:\/\/lunzimalito.com\/index.php?rest_route=%2Fwp%2Fv2%2Fproduct_cat&post=5871"},{"taxonomy":"product_tag","embeddable":true,"href":"https:\/\/lunzimalito.com\/index.php?rest_route=%2Fwp%2Fv2%2Fproduct_tag&post=5871"}],"curies":[{"name":"wp","href":"https:\/\/api.w.org\/{rel}","templated":true}]}}