{"id":5867,"date":"2025-04-24T10:15:23","date_gmt":"2025-04-24T09:15:23","guid":{"rendered":"https:\/\/lunzimalito.com\/?product=jeans-de-la-foret"},"modified":"2025-04-24T10:15:23","modified_gmt":"2025-04-24T09:15:23","slug":"jeans-de-la-foret","status":"publish","type":"product","link":"https:\/\/lunzimalito.com\/?product=jeans-de-la-foret","title":{"rendered":"Jeans de la for\u00eat"},"content":{"rendered":"<p>Forest Jeans est plus qu&#8217;une autre marque de denim &#8211; c&#8217;est une marque \u00e0 mission qui fusionne la mode de tous les jours avec un mode de vie conscient. Con\u00e7ue pour les femmes qui veulent \u00eatre belles et se sentir encore mieux dans ce qu&#8217;elles portent, Forest est en train de changer la fa\u00e7on dont nous concevons les jeans. <\/p>\n<p>Des \u00e9tudiantes aux mamans conscientes, les femmes aiment les jeans Forest pour leur tissu doux, leur coupe flatteuse et leur \u00e9thique respectueuse de l&#8217;environnement. Ils sont con\u00e7us pour le mouvement, le confort et l&#8217;affirmation d&#8217;un style audacieux mais naturel. <\/p>\n<p>Ce jean n&#8217;est pas seulement doux, il est durablement doux. Fabriqu\u00e9s \u00e0 partir de coton biologique certifi\u00e9 GOTS, ils sont agr\u00e9ables sur votre peau et encore meilleurs pour votre conscience. <\/p>\n","protected":false},"excerpt":{"rendered":"<p class=\"\" data-start=\"3239\" data-end=\"3386\">Forest s&#8217;associe \u00e0 des usines qui minimisent les d\u00e9chets, recyclent l&#8217;eau et versent des salaires \u00e9quitables. Chaque paire est un pas vers une industrie de la mode plus \u00e9thique. <\/p>\n<h4 class=\"\" data-start=\"3388\" data-end=\"3428\"><\/h4>\n","protected":false},"featured_media":4767,"comment_status":"open","ping_status":"closed","template":"","meta":{"_joinchat":[]},"product_brand":[],"product_cat":[463,452,421,386,420,428,451,391],"product_tag":[453,383,394,384,419,389,390,382],"class_list":{"0":"post-5867","1":"product","2":"type-product","3":"status-publish","4":"has-post-thumbnail","6":"product_cat-dame","7":"product_cat-deko-fr","8":"product_cat-filles","9":"product_cat-ledis-besic-pantalon","10":"product_cat-mode-feminine","11":"product_cat-pantalon-besic","12":"product_cat-pantalon-en-jean","13":"product_cat-relucky-mode-pour-femmes","14":"product_tag-denim-fr","15":"product_tag-la-mode","16":"product_tag-le-monde-de-la-mode","17":"product_tag-ledis-fashion-fr","18":"product_tag-lunzimalito-com-fr","19":"product_tag-marque","20":"product_tag-mode-femmes","21":"product_tag-vetements","23":"first","24":"instock","25":"sale","26":"shipping-taxable","27":"purchasable","28":"product-type-simple"},"_links":{"self":[{"href":"https:\/\/lunzimalito.com\/index.php?rest_route=\/wp\/v2\/product\/5867","targetHints":{"allow":["GET"]}}],"collection":[{"href":"https:\/\/lunzimalito.com\/index.php?rest_route=\/wp\/v2\/product"}],"about":[{"href":"https:\/\/lunzimalito.com\/index.php?rest_route=\/wp\/v2\/types\/product"}],"replies":[{"embeddable":true,"href":"https:\/\/lunzimalito.com\/index.php?rest_route=%2Fwp%2Fv2%2Fcomments&post=5867"}],"wp:featuredmedia":[{"embeddable":true,"href":"https:\/\/lunzimalito.com\/index.php?rest_route=\/wp\/v2\/media\/4767"}],"wp:attachment":[{"href":"https:\/\/lunzimalito.com\/index.php?rest_route=%2Fwp%2Fv2%2Fmedia&parent=5867"}],"wp:term":[{"taxonomy":"product_brand","embeddable":true,"href":"https:\/\/lunzimalito.com\/index.php?rest_route=%2Fwp%2Fv2%2Fproduct_brand&post=5867"},{"taxonomy":"product_cat","embeddable":true,"href":"https:\/\/lunzimalito.com\/index.php?rest_route=%2Fwp%2Fv2%2Fproduct_cat&post=5867"},{"taxonomy":"product_tag","embeddable":true,"href":"https:\/\/lunzimalito.com\/index.php?rest_route=%2Fwp%2Fv2%2Fproduct_tag&post=5867"}],"curies":[{"name":"wp","href":"https:\/\/api.w.org\/{rel}","templated":true}]}}