{"id":5866,"date":"2025-04-24T12:06:29","date_gmt":"2025-04-24T11:06:29","guid":{"rendered":"https:\/\/lunzimalito.com\/?product=jeans-dicesil"},"modified":"2025-04-24T12:06:29","modified_gmt":"2025-04-24T11:06:29","slug":"jeans-dicesil","status":"publish","type":"product","link":"https:\/\/lunzimalito.com\/?product=jeans-dicesil","title":{"rendered":"Jeans Dicesil"},"content":{"rendered":"<p>Les jeans Dicesil ne sont pas seulement des jeans &#8211; ils sont votre nouvel essentiel de tous les jours. Con\u00e7us pour les femmes modernes, ces jeans offrent un \u00e9quilibre parfait entre l&#8217;attrait du denim classique et un style actualis\u00e9 et fonctionnel qui s&#8217;adapte \u00e0 votre mode de vie. <\/p>\n<p>D\u00e8s la premi\u00e8re utilisation, vous remarquerez la qualit\u00e9 et la coupe sup\u00e9rieures. Vous aurez l&#8217;impression qu&#8217;ils ont \u00e9t\u00e9 con\u00e7us pour vous, avec des d\u00e9tails flatteurs et un tissu qui bouge avec vous. <\/p>\n<p>Dites adieu aux jeans rigides et inconfortables. Dicesil utilise un tissu riche en coton de premi\u00e8re qualit\u00e9, doux au toucher, respirant et agr\u00e9able pour la peau. <\/p>\n","protected":false},"excerpt":{"rendered":"<p>Chaque paire comprend juste ce qu&#8217;il faut d&#8217;extensibilit\u00e9 pour \u00e9pouser les contours de votre corps tout en conservant sa forme tout au long de la journ\u00e9e.<\/p>\n","protected":false},"featured_media":4788,"comment_status":"open","ping_status":"closed","template":"","meta":{"_joinchat":[]},"product_brand":[],"product_cat":[463,452,421,386,420,428,451,391],"product_tag":[473,453,383,394,384,419,389,390,382],"class_list":{"0":"post-5866","1":"product","2":"type-product","3":"status-publish","4":"has-post-thumbnail","6":"product_cat-dame","7":"product_cat-deko-fr","8":"product_cat-filles","9":"product_cat-ledis-besic-pantalon","10":"product_cat-mode-feminine","11":"product_cat-pantalon-besic","12":"product_cat-pantalon-en-jean","13":"product_cat-relucky-mode-pour-femmes","14":"product_tag-dekploy-fr","15":"product_tag-denim-fr","16":"product_tag-la-mode","17":"product_tag-le-monde-de-la-mode","18":"product_tag-ledis-fashion-fr","19":"product_tag-lunzimalito-com-fr","20":"product_tag-marque","21":"product_tag-mode-femmes","22":"product_tag-vetements","24":"first","25":"instock","26":"sale","27":"shipping-taxable","28":"purchasable","29":"product-type-simple"},"_links":{"self":[{"href":"https:\/\/lunzimalito.com\/index.php?rest_route=\/wp\/v2\/product\/5866","targetHints":{"allow":["GET"]}}],"collection":[{"href":"https:\/\/lunzimalito.com\/index.php?rest_route=\/wp\/v2\/product"}],"about":[{"href":"https:\/\/lunzimalito.com\/index.php?rest_route=\/wp\/v2\/types\/product"}],"replies":[{"embeddable":true,"href":"https:\/\/lunzimalito.com\/index.php?rest_route=%2Fwp%2Fv2%2Fcomments&post=5866"}],"wp:featuredmedia":[{"embeddable":true,"href":"https:\/\/lunzimalito.com\/index.php?rest_route=\/wp\/v2\/media\/4788"}],"wp:attachment":[{"href":"https:\/\/lunzimalito.com\/index.php?rest_route=%2Fwp%2Fv2%2Fmedia&parent=5866"}],"wp:term":[{"taxonomy":"product_brand","embeddable":true,"href":"https:\/\/lunzimalito.com\/index.php?rest_route=%2Fwp%2Fv2%2Fproduct_brand&post=5866"},{"taxonomy":"product_cat","embeddable":true,"href":"https:\/\/lunzimalito.com\/index.php?rest_route=%2Fwp%2Fv2%2Fproduct_cat&post=5866"},{"taxonomy":"product_tag","embeddable":true,"href":"https:\/\/lunzimalito.com\/index.php?rest_route=%2Fwp%2Fv2%2Fproduct_tag&post=5866"}],"curies":[{"name":"wp","href":"https:\/\/api.w.org\/{rel}","templated":true}]}}