{"id":5865,"date":"2025-04-24T07:52:39","date_gmt":"2025-04-24T06:52:39","guid":{"rendered":"https:\/\/lunzimalito.com\/?product=jeans-liuzin-pour-femmes"},"modified":"2025-04-24T07:52:39","modified_gmt":"2025-04-24T06:52:39","slug":"jeans-liuzin-pour-femmes","status":"publish","type":"product","link":"https:\/\/lunzimalito.com\/?product=jeans-liuzin-pour-femmes","title":{"rendered":"Jeans LIUZIN pour femmes"},"content":{"rendered":"<p class=\"\" data-start=\"26\" data-end=\"414\">Rehaussez votre garde-robe de tous les jours avec les <strong data-start=\"62\" data-end=\"86\">jeans LIUZIN pour femmes, o\u00f9<\/strong>le denim intemporel rencontre le style moderne. Con\u00e7us pour les femmes s\u00fbres d&#8217;elles et \u00e0 la pointe de la mode, les jeans LIUZIN offrent un \u00e9quilibre parfait entre confort, coupe et polyvalence. Avec des coupes ajust\u00e9es par des experts et des tissus de qualit\u00e9 sup\u00e9rieure, ces jeans \u00e9pousent vos courbes de toutes les bonnes mani\u00e8res tout en offrant la flexibilit\u00e9 dont vous avez besoin pour votre mode de vie actif.  <\/p>\n<p class=\"\" data-start=\"416\" data-end=\"711\">Des mod\u00e8les classiques \u00e0 jambe droite aux mod\u00e8les \u00e0 taille haute et d\u00e9chir\u00e9s, LIUZIN propose une large gamme de d\u00e9lavages et de finitions pour s&#8217;adapter \u00e0 toutes les humeurs et \u00e0 toutes les occasions. Que vous vous habilliez pour une soir\u00e9e d\u00e9contract\u00e9e ou que vous restiez simple pour une journ\u00e9e de travail, ces jeans sont votre meilleur compagnon de style. <\/p>\n<p class=\"\" data-start=\"713\" data-end=\"873\">Con\u00e7us pour \u00eatre aussi agr\u00e9ables \u00e0 porter qu&#8217;\u00e0 regarder, les <strong data-start=\"749\" data-end=\"765\">jeans LIUZIN<\/strong> sont les essentiels de tous les jours qui ne se d\u00e9modent jamais, s\u00fbrs d&#8217;eux, chics et toujours pr\u00eats \u00e0 bouger avec vous.<\/p>\n","protected":false},"excerpt":{"rendered":"<p>Les <strong data-start=\"749\" data-end=\"765\">jeans LIUZIN<\/strong> sont les essentiels de tous les jours qui ne se d\u00e9modent jamais. Ils sont s\u00fbrs d&#8217;eux, chics et toujours pr\u00eats \u00e0 bouger avec vous.<\/p>\n","protected":false},"featured_media":4749,"comment_status":"open","ping_status":"closed","template":"","meta":{"_joinchat":[]},"product_brand":[],"product_cat":[463,421,386,420,428,451,391,373],"product_tag":[453,383,394,384,419,389,390,382],"class_list":{"0":"post-5865","1":"product","2":"type-product","3":"status-publish","4":"has-post-thumbnail","6":"product_cat-dame","7":"product_cat-filles","8":"product_cat-ledis-besic-pantalon","9":"product_cat-mode-feminine","10":"product_cat-pantalon-besic","11":"product_cat-pantalon-en-jean","12":"product_cat-relucky-mode-pour-femmes","13":"product_cat-non-categorise","14":"product_tag-denim-fr","15":"product_tag-la-mode","16":"product_tag-le-monde-de-la-mode","17":"product_tag-ledis-fashion-fr","18":"product_tag-lunzimalito-com-fr","19":"product_tag-marque","20":"product_tag-mode-femmes","21":"product_tag-vetements","23":"first","24":"instock","25":"sale","26":"shipping-taxable","27":"purchasable","28":"product-type-simple"},"_links":{"self":[{"href":"https:\/\/lunzimalito.com\/index.php?rest_route=\/wp\/v2\/product\/5865","targetHints":{"allow":["GET"]}}],"collection":[{"href":"https:\/\/lunzimalito.com\/index.php?rest_route=\/wp\/v2\/product"}],"about":[{"href":"https:\/\/lunzimalito.com\/index.php?rest_route=\/wp\/v2\/types\/product"}],"replies":[{"embeddable":true,"href":"https:\/\/lunzimalito.com\/index.php?rest_route=%2Fwp%2Fv2%2Fcomments&post=5865"}],"wp:featuredmedia":[{"embeddable":true,"href":"https:\/\/lunzimalito.com\/index.php?rest_route=\/wp\/v2\/media\/4749"}],"wp:attachment":[{"href":"https:\/\/lunzimalito.com\/index.php?rest_route=%2Fwp%2Fv2%2Fmedia&parent=5865"}],"wp:term":[{"taxonomy":"product_brand","embeddable":true,"href":"https:\/\/lunzimalito.com\/index.php?rest_route=%2Fwp%2Fv2%2Fproduct_brand&post=5865"},{"taxonomy":"product_cat","embeddable":true,"href":"https:\/\/lunzimalito.com\/index.php?rest_route=%2Fwp%2Fv2%2Fproduct_cat&post=5865"},{"taxonomy":"product_tag","embeddable":true,"href":"https:\/\/lunzimalito.com\/index.php?rest_route=%2Fwp%2Fv2%2Fproduct_tag&post=5865"}],"curies":[{"name":"wp","href":"https:\/\/api.w.org\/{rel}","templated":true}]}}