{"id":5864,"date":"2025-04-24T07:52:39","date_gmt":"2025-04-24T06:52:39","guid":{"rendered":"https:\/\/lunzimalito.com\/?product=damskie-jeansy-liuzin"},"modified":"2025-04-24T07:52:39","modified_gmt":"2025-04-24T06:52:39","slug":"damskie-jeansy-liuzin","status":"publish","type":"product","link":"https:\/\/lunzimalito.com\/?product=damskie-jeansy-liuzin","title":{"rendered":"Damskie jeansy LIUZIN"},"content":{"rendered":"<p class=\"\" data-start=\"26\" data-end=\"414\">Podnie\u015b swoj\u0105 codzienn\u0105 garderob\u0119 dzi\u0119ki <strong data-start=\"62\" data-end=\"86\">damskim jeansom LIUZIN, w kt\u00f3rych<\/strong>ponadczasowy denim \u0142\u0105czy si\u0119 z nowoczesnym stylem. Zaprojektowane dla pewnych siebie, zorientowanych na mod\u0119 kobiet, jeansy LIUZIN oferuj\u0105 idealn\u0105 r\u00f3wnowag\u0119 mi\u0119dzy komfortem, dopasowaniem i wszechstronno\u015bci\u0105. Dzi\u0119ki fachowo dopasowanym krojom i wysokiej jako\u015bci tkaninom, te d\u017cinsy podkre\u015blaj\u0105 Twoje kszta\u0142ty we w\u0142a\u015bciwy spos\u00f3b, zapewniaj\u0105c jednocze\u015bnie elastyczno\u015b\u0107 potrzebn\u0105 do intensywnego stylu \u017cycia.  <\/p>\n<p class=\"\" data-start=\"416\" data-end=\"711\">Od klasycznych modeli z prostymi nogawkami po modne modele z wysokim stanem i podarte, LIUZIN oferuje szerok\u0105 gam\u0119 sprania i wyko\u0144czenia, kt\u00f3re pasuj\u0105 do ka\u017cdego nastroju i okazji. Niezale\u017cnie od tego, czy ubierasz si\u0119 na niezobowi\u0105zuj\u0105cy wiecz\u00f3r, czy zachowujesz prostot\u0119 na dzie\u0144 w podr\u00f3\u017cy, te d\u017cinsy s\u0105 najlepszym towarzyszem stylu. <\/p>\n<p class=\"\" data-start=\"713\" data-end=\"873\"><strong data-start=\"749\" data-end=\"765\">Jeansy LIUZIN<\/strong> s\u0105 stworzone, aby czu\u0107 si\u0119 tak dobrze, jak wygl\u0105daj\u0105 &#8211; s\u0105 niezb\u0119dne na co dzie\u0144 i nigdy nie wychodz\u0105 z mody &#8211; pewne siebie, szykowne i zawsze gotowe do ruchu.<\/p>\n","protected":false},"excerpt":{"rendered":"<p><strong data-start=\"749\" data-end=\"765\">Jeansy LIUZIN<\/strong> to codzienny niezb\u0119dnik, kt\u00f3ry nigdy nie wychodzi z mody &#8211; pewny siebie, szykowny i zawsze gotowy do ruchu.<\/p>\n","protected":false},"featured_media":4750,"comment_status":"open","ping_status":"closed","template":"","meta":{"_joinchat":[]},"product_brand":[],"product_cat":[424,423,397,461,437,439,380,374],"product_tag":[436,378,422,395,377,396,406,376],"class_list":{"0":"post-5864","1":"product","2":"type-product","3":"status-publish","4":"has-post-thumbnail","6":"product_cat-dziewczece","7":"product_cat-moda-damska","8":"product_cat-moda-damska-relucky","9":"product_cat-pani","10":"product_cat-spodnie-besic","11":"product_cat-spodnie-dzinsowe","12":"product_cat-spodnie-ledis-besic","13":"product_cat-bez-kategorii","14":"product_tag-denim-pl","15":"product_tag-ledis-fashion-pl","16":"product_tag-lunzimalito-com-pl","17":"product_tag-marka","18":"product_tag-moda","19":"product_tag-moda-damska","20":"product_tag-swiat-mody","21":"product_tag-ubrania","23":"first","24":"instock","25":"sale","26":"shipping-taxable","27":"purchasable","28":"product-type-simple"},"_links":{"self":[{"href":"https:\/\/lunzimalito.com\/index.php?rest_route=\/wp\/v2\/product\/5864","targetHints":{"allow":["GET"]}}],"collection":[{"href":"https:\/\/lunzimalito.com\/index.php?rest_route=\/wp\/v2\/product"}],"about":[{"href":"https:\/\/lunzimalito.com\/index.php?rest_route=\/wp\/v2\/types\/product"}],"replies":[{"embeddable":true,"href":"https:\/\/lunzimalito.com\/index.php?rest_route=%2Fwp%2Fv2%2Fcomments&post=5864"}],"wp:featuredmedia":[{"embeddable":true,"href":"https:\/\/lunzimalito.com\/index.php?rest_route=\/wp\/v2\/media\/4750"}],"wp:attachment":[{"href":"https:\/\/lunzimalito.com\/index.php?rest_route=%2Fwp%2Fv2%2Fmedia&parent=5864"}],"wp:term":[{"taxonomy":"product_brand","embeddable":true,"href":"https:\/\/lunzimalito.com\/index.php?rest_route=%2Fwp%2Fv2%2Fproduct_brand&post=5864"},{"taxonomy":"product_cat","embeddable":true,"href":"https:\/\/lunzimalito.com\/index.php?rest_route=%2Fwp%2Fv2%2Fproduct_cat&post=5864"},{"taxonomy":"product_tag","embeddable":true,"href":"https:\/\/lunzimalito.com\/index.php?rest_route=%2Fwp%2Fv2%2Fproduct_tag&post=5864"}],"curies":[{"name":"wp","href":"https:\/\/api.w.org\/{rel}","templated":true}]}}