{"id":5863,"date":"2025-04-24T09:20:28","date_gmt":"2025-04-24T08:20:28","guid":{"rendered":"https:\/\/lunzimalito.com\/?product=damskie-jeansy-lanlaniee"},"modified":"2025-04-24T09:20:28","modified_gmt":"2025-04-24T08:20:28","slug":"damskie-jeansy-lanlaniee","status":"publish","type":"product","link":"https:\/\/lunzimalito.com\/?product=damskie-jeansy-lanlaniee","title":{"rendered":"Damskie jeansy LANLANIEE"},"content":{"rendered":"<p>LANLANIEE to co\u015b wi\u0119cej ni\u017c tylko marka d\u017cins\u00f3w &#8211; to ruch, kt\u00f3ry \u0142\u0105czy nowoczesny design z klasycznym komfortem. Zrodzona z pasji do wysokiej jako\u015bci rzemios\u0142a i mody integracyjnej, LANLANIEE wyrze\u017abi\u0142a swoj\u0105 przestrze\u0144 w konkurencyjnym \u015bwiecie damskich d\u017cins\u00f3w. <\/p>\n<p class=\"\" data-start=\"2423\" data-end=\"2631\">Od influencerek na Instagramie po ikony stylu ulicznego, damskie d\u017cinsy LANLANIEE sta\u0142y si\u0119 podstaw\u0105 garderoby. Dzi\u0119ki odwa\u017cnym krojom i elegancji, kt\u00f3r\u0105 mo\u017cna nosi\u0107, s\u0105 obecnie jedn\u0105 z najbardziej poszukiwanych marek d\u017cins\u00f3w. <\/p>\n<p data-start=\"2423\" data-end=\"2631\">Wykonane z wysokiej jako\u015bci mieszanki bawe\u0142ny i elastanu, jeansy LANLANIEE oferuj\u0105 odpowiedni\u0105 ilo\u015b\u0107 rozci\u0105gliwo\u015bci i trzymania. Materia\u0142 jest mi\u0119kki w dotyku, ale wystarczaj\u0105co wytrzyma\u0142y, aby wytrzyma\u0107 zu\u017cycie. <\/p>\n","protected":false},"excerpt":{"rendered":"<p>To ma\u0142e rzeczy, kt\u00f3re robi\u0105 wielk\u0105 r\u00f3\u017cnic\u0119 &#8211; jak charakterystyczny haft, surowe obszycia, kontrastowe szwy i niestandardowe guziki, kt\u00f3re wyr\u00f3\u017cniaj\u0105 te d\u017cinsy.<\/p>\n","protected":false},"featured_media":4759,"comment_status":"open","ping_status":"closed","template":"","meta":{"_joinchat":[]},"product_brand":[],"product_cat":[438,424,423,397,461,437,439,380],"product_tag":[436,378,422,395,377,396,406,376],"class_list":{"0":"post-5863","1":"product","2":"type-product","3":"status-publish","4":"has-post-thumbnail","6":"product_cat-deko-pl","7":"product_cat-dziewczece","8":"product_cat-moda-damska","9":"product_cat-moda-damska-relucky","10":"product_cat-pani","11":"product_cat-spodnie-besic","12":"product_cat-spodnie-dzinsowe","13":"product_cat-spodnie-ledis-besic","14":"product_tag-denim-pl","15":"product_tag-ledis-fashion-pl","16":"product_tag-lunzimalito-com-pl","17":"product_tag-marka","18":"product_tag-moda","19":"product_tag-moda-damska","20":"product_tag-swiat-mody","21":"product_tag-ubrania","23":"first","24":"instock","25":"sale","26":"shipping-taxable","27":"purchasable","28":"product-type-simple"},"_links":{"self":[{"href":"https:\/\/lunzimalito.com\/index.php?rest_route=\/wp\/v2\/product\/5863","targetHints":{"allow":["GET"]}}],"collection":[{"href":"https:\/\/lunzimalito.com\/index.php?rest_route=\/wp\/v2\/product"}],"about":[{"href":"https:\/\/lunzimalito.com\/index.php?rest_route=\/wp\/v2\/types\/product"}],"replies":[{"embeddable":true,"href":"https:\/\/lunzimalito.com\/index.php?rest_route=%2Fwp%2Fv2%2Fcomments&post=5863"}],"wp:featuredmedia":[{"embeddable":true,"href":"https:\/\/lunzimalito.com\/index.php?rest_route=\/wp\/v2\/media\/4759"}],"wp:attachment":[{"href":"https:\/\/lunzimalito.com\/index.php?rest_route=%2Fwp%2Fv2%2Fmedia&parent=5863"}],"wp:term":[{"taxonomy":"product_brand","embeddable":true,"href":"https:\/\/lunzimalito.com\/index.php?rest_route=%2Fwp%2Fv2%2Fproduct_brand&post=5863"},{"taxonomy":"product_cat","embeddable":true,"href":"https:\/\/lunzimalito.com\/index.php?rest_route=%2Fwp%2Fv2%2Fproduct_cat&post=5863"},{"taxonomy":"product_tag","embeddable":true,"href":"https:\/\/lunzimalito.com\/index.php?rest_route=%2Fwp%2Fv2%2Fproduct_tag&post=5863"}],"curies":[{"name":"wp","href":"https:\/\/api.w.org\/{rel}","templated":true}]}}