{"id":5861,"date":"2025-04-24T06:33:11","date_gmt":"2025-04-24T05:33:11","guid":{"rendered":"https:\/\/lunzimalito.com\/?product=liuzin-jeans-decontractes"},"modified":"2025-04-24T06:33:11","modified_gmt":"2025-04-24T05:33:11","slug":"liuzin-jeans-decontractes","status":"publish","type":"product","link":"https:\/\/lunzimalito.com\/?product=liuzin-jeans-decontractes","title":{"rendered":"LIUZIN Jeans d\u00e9contract\u00e9s"},"content":{"rendered":"<p class=\"\" data-start=\"25\" data-end=\"459\">Le style sans effort rencontre le confort de tous les jours avec les <strong data-start=\"70\" data-end=\"93\">jeans d\u00e9contract\u00e9s LIUZIN, con\u00e7us<\/strong>pour celles qui recherchent la polyvalence sans faire de compromis sur la mode. Fabriqu\u00e9 en denim de qualit\u00e9 sup\u00e9rieure, ce jean offre une coupe impeccable qui flatte toutes les morphologies, ce qui en fait un \u00e9l\u00e9ment de base de toute garde-robe d\u00e9contract\u00e9e. Que vous sortiez pour un brunch d\u00e9contract\u00e9 ou que vous fassiez vos courses quotidiennes, les jeans LIUZIN offrent l&#8217;\u00e9quilibre parfait entre confort d\u00e9contract\u00e9 et style moderne.  <\/p>\n<p class=\"\" data-start=\"461\" data-end=\"764\">Avec une gamme de d\u00e9lavages, du bleu classique aux tons d\u00e9lav\u00e9s \u00e0 la mode, et des d\u00e9tails bien pens\u00e9s comme les accents en d\u00e9tresse, les tailles hautes et le tissu extensible, LIUZIN met le denim intemporel au go\u00fbt du jour. Associez-les \u00e0 un tee-shirt rentr\u00e9, un sweat \u00e0 capuche surdimensionn\u00e9 ou un chemisier impeccable &#8211; les possibilit\u00e9s de style sont infinies. <\/p>\n<p class=\"\" data-start=\"766\" data-end=\"969\">Con\u00e7us pour bouger avec vous et pour durer, les <strong data-start=\"807\" data-end=\"830\">jeans d\u00e9contract\u00e9s LIUZIN<\/strong> sont plus qu&#8217;une simple paire de pantalons &#8211; ils sont votre choix de tous les jours pour avoir l&#8217;air cool, se sentir confiant et rester d\u00e9contract\u00e9 de la meilleure fa\u00e7on qui soit.<\/p>\n","protected":false},"excerpt":{"rendered":"<p>Le style sans effort rencontre le confort de tous les jours avec les <strong data-start=\"70\" data-end=\"93\">jeans d\u00e9contract\u00e9s LIUZIN, con\u00e7us<\/strong>pour celles qui recherchent la polyvalence sans faire de compromis sur la mode. Fabriqu\u00e9 en denim de qualit\u00e9 sup\u00e9rieure, ce jean offre une coupe impeccable qui flatte toutes les morphologies, ce qui en fait un \u00e9l\u00e9ment de base de toute garde-robe d\u00e9contract\u00e9e. Que vous sortiez pour un brunch d\u00e9contract\u00e9 ou que vous fassiez vos courses quotidiennes, les jeans LIUZIN offrent l&#8217;\u00e9quilibre parfait entre confort d\u00e9contract\u00e9 et style moderne.  <\/p>\n","protected":false},"featured_media":4722,"comment_status":"open","ping_status":"closed","template":"","meta":{"_joinchat":[]},"product_brand":[],"product_cat":[463,452,421,386,420,428,451,391],"product_tag":[453,383,394,384,419,389,390,382],"class_list":{"0":"post-5861","1":"product","2":"type-product","3":"status-publish","4":"has-post-thumbnail","6":"product_cat-dame","7":"product_cat-deko-fr","8":"product_cat-filles","9":"product_cat-ledis-besic-pantalon","10":"product_cat-mode-feminine","11":"product_cat-pantalon-besic","12":"product_cat-pantalon-en-jean","13":"product_cat-relucky-mode-pour-femmes","14":"product_tag-denim-fr","15":"product_tag-la-mode","16":"product_tag-le-monde-de-la-mode","17":"product_tag-ledis-fashion-fr","18":"product_tag-lunzimalito-com-fr","19":"product_tag-marque","20":"product_tag-mode-femmes","21":"product_tag-vetements","23":"first","24":"instock","25":"sale","26":"shipping-taxable","27":"purchasable","28":"product-type-simple"},"_links":{"self":[{"href":"https:\/\/lunzimalito.com\/index.php?rest_route=\/wp\/v2\/product\/5861","targetHints":{"allow":["GET"]}}],"collection":[{"href":"https:\/\/lunzimalito.com\/index.php?rest_route=\/wp\/v2\/product"}],"about":[{"href":"https:\/\/lunzimalito.com\/index.php?rest_route=\/wp\/v2\/types\/product"}],"replies":[{"embeddable":true,"href":"https:\/\/lunzimalito.com\/index.php?rest_route=%2Fwp%2Fv2%2Fcomments&post=5861"}],"wp:featuredmedia":[{"embeddable":true,"href":"https:\/\/lunzimalito.com\/index.php?rest_route=\/wp\/v2\/media\/4722"}],"wp:attachment":[{"href":"https:\/\/lunzimalito.com\/index.php?rest_route=%2Fwp%2Fv2%2Fmedia&parent=5861"}],"wp:term":[{"taxonomy":"product_brand","embeddable":true,"href":"https:\/\/lunzimalito.com\/index.php?rest_route=%2Fwp%2Fv2%2Fproduct_brand&post=5861"},{"taxonomy":"product_cat","embeddable":true,"href":"https:\/\/lunzimalito.com\/index.php?rest_route=%2Fwp%2Fv2%2Fproduct_cat&post=5861"},{"taxonomy":"product_tag","embeddable":true,"href":"https:\/\/lunzimalito.com\/index.php?rest_route=%2Fwp%2Fv2%2Fproduct_tag&post=5861"}],"curies":[{"name":"wp","href":"https:\/\/api.w.org\/{rel}","templated":true}]}}