{"id":5857,"date":"2025-04-24T07:31:04","date_gmt":"2025-04-24T06:31:04","guid":{"rendered":"https:\/\/lunzimalito.com\/?product=damskie-jeansy-relucky"},"modified":"2025-04-24T07:31:04","modified_gmt":"2025-04-24T06:31:04","slug":"damskie-jeansy-relucky","status":"publish","type":"product","link":"https:\/\/lunzimalito.com\/?product=damskie-jeansy-relucky","title":{"rendered":"Damskie jeansy Relucky"},"content":{"rendered":"<p class=\"\" data-start=\"27\" data-end=\"338\"><strong data-start=\"59\" data-end=\"84\">Damskie jeansy Relucky Jeans<\/strong>to idealne po\u0142\u0105czenie wygody, jako\u015bci i nowoczesnego stylu. Zaprojektowane dla kobiet, kt\u00f3re ceni\u0105 sobie zar\u00f3wno mod\u0119, jak i funkcjonalno\u015b\u0107, d\u017cinsy Relucky oferuj\u0105 elegancki, pochlebny kr\u00f3j, kt\u00f3ry otula wszystkie w\u0142a\u015bciwe miejsca, jednocze\u015bnie pozwalaj\u0105c na swobodne poruszanie si\u0119 przez ca\u0142y dzie\u0144. <\/p>\n<p class=\"\" data-start=\"340\" data-end=\"622\">Wykonane z mi\u0119kkiego, wytrzyma\u0142ego denimu i odrobiny stretchu, te d\u017cinsy s\u0105 trwa\u0142e i \u015bwietnie si\u0119 w nich czujesz od rana do wieczora. Niezale\u017cnie od tego, czy preferujesz klasyczny kr\u00f3j skinny, zrelaksowany styl boyfriend, czy modny kr\u00f3j z wysokim stanem, Relucky oferuje szereg opcji dopasowanych do ka\u017cdego gustu i typu sylwetki. <\/p>\n<p class=\"\" data-start=\"624\" data-end=\"911\">Wszechstronne i \u0142atwe w stylizacji, <strong data-start=\"653\" data-end=\"670\">jeansy Relucky Jeans<\/strong> s\u0105 idealne na ka\u017cd\u0105 okazj\u0119 &#8211; po\u0142\u0105cz je z trampkami i koszulk\u0105, aby uzyska\u0107 swobodny luz, lub ubierz je na obcasy i bluzk\u0119 na wieczorne wyj\u015bcie. Bez wzgl\u0119du na to, jak je nosisz, Relucky pomaga Ci czu\u0107 si\u0119 pewnie, wygodnie i niezaprzeczalnie stylowo. <\/p>\n","protected":false},"excerpt":{"rendered":"<p><strong data-start=\"59\" data-end=\"84\">Damskie jeansy Relucky Jeans<\/strong>to idealne po\u0142\u0105czenie wygody, jako\u015bci i nowoczesnego stylu. Zaprojektowane dla kobiet, kt\u00f3re ceni\u0105 sobie zar\u00f3wno mod\u0119, jak i funkcjonalno\u015b\u0107, d\u017cinsy Relucky oferuj\u0105 elegancki, pochlebny kr\u00f3j, kt\u00f3ry otula wszystkie w\u0142a\u015bciwe miejsca, jednocze\u015bnie pozwalaj\u0105c na swobodne poruszanie si\u0119 przez ca\u0142y dzie\u0144. <\/p>\n","protected":false},"featured_media":4741,"comment_status":"open","ping_status":"closed","template":"","meta":{"_joinchat":[]},"product_brand":[],"product_cat":[438,424,423,397,461,437,439,380],"product_tag":[436,378,422,395,377,396,406,376],"class_list":{"0":"post-5857","1":"product","2":"type-product","3":"status-publish","4":"has-post-thumbnail","6":"product_cat-deko-pl","7":"product_cat-dziewczece","8":"product_cat-moda-damska","9":"product_cat-moda-damska-relucky","10":"product_cat-pani","11":"product_cat-spodnie-besic","12":"product_cat-spodnie-dzinsowe","13":"product_cat-spodnie-ledis-besic","14":"product_tag-denim-pl","15":"product_tag-ledis-fashion-pl","16":"product_tag-lunzimalito-com-pl","17":"product_tag-marka","18":"product_tag-moda","19":"product_tag-moda-damska","20":"product_tag-swiat-mody","21":"product_tag-ubrania","23":"first","24":"instock","25":"sale","26":"shipping-taxable","27":"purchasable","28":"product-type-simple"},"_links":{"self":[{"href":"https:\/\/lunzimalito.com\/index.php?rest_route=\/wp\/v2\/product\/5857","targetHints":{"allow":["GET"]}}],"collection":[{"href":"https:\/\/lunzimalito.com\/index.php?rest_route=\/wp\/v2\/product"}],"about":[{"href":"https:\/\/lunzimalito.com\/index.php?rest_route=\/wp\/v2\/types\/product"}],"replies":[{"embeddable":true,"href":"https:\/\/lunzimalito.com\/index.php?rest_route=%2Fwp%2Fv2%2Fcomments&post=5857"}],"wp:featuredmedia":[{"embeddable":true,"href":"https:\/\/lunzimalito.com\/index.php?rest_route=\/wp\/v2\/media\/4741"}],"wp:attachment":[{"href":"https:\/\/lunzimalito.com\/index.php?rest_route=%2Fwp%2Fv2%2Fmedia&parent=5857"}],"wp:term":[{"taxonomy":"product_brand","embeddable":true,"href":"https:\/\/lunzimalito.com\/index.php?rest_route=%2Fwp%2Fv2%2Fproduct_brand&post=5857"},{"taxonomy":"product_cat","embeddable":true,"href":"https:\/\/lunzimalito.com\/index.php?rest_route=%2Fwp%2Fv2%2Fproduct_cat&post=5857"},{"taxonomy":"product_tag","embeddable":true,"href":"https:\/\/lunzimalito.com\/index.php?rest_route=%2Fwp%2Fv2%2Fproduct_tag&post=5857"}],"curies":[{"name":"wp","href":"https:\/\/api.w.org\/{rel}","templated":true}]}}