{"id":5844,"date":"2025-04-24T07:09:06","date_gmt":"2025-04-24T06:09:06","guid":{"rendered":"https:\/\/lunzimalito.com\/?product=modne-jeansy-damskie-vindasion"},"modified":"2025-04-24T07:09:06","modified_gmt":"2025-04-24T06:09:06","slug":"modne-jeansy-damskie-vindasion","status":"publish","type":"product","link":"https:\/\/lunzimalito.com\/?product=modne-jeansy-damskie-vindasion","title":{"rendered":"Modne jeansy damskie VINDASION"},"content":{"rendered":"<p class=\"\" data-start=\"0\" data-end=\"342\">Ka\u017cda para <strong data-start=\"14\" data-end=\"45\">modnych d\u017cins\u00f3w VINDASION<\/strong> jest starannie zaprojektowana z dba\u0142o\u015bci\u0105 o szczeg\u00f3\u0142y &#8211; ze stylowymi przeszyciami, krojami poprawiaj\u0105cymi sylwetk\u0119 i odpowiedni\u0105 ilo\u015bci\u0105 stretchu dla nieskazitelnego, wygodnego dopasowania. Te d\u017cinsy poruszaj\u0105 si\u0119 wraz z Tob\u0105, oferuj\u0105c elastyczno\u015b\u0107 bez utraty kszta\u0142tu, dzi\u0119ki czemu mo\u017cesz wygodnie i pewnie sp\u0119dzi\u0107 dzie\u0144. <\/p>\n<p class=\"\" data-start=\"344\" data-end=\"608\">Idealne na ka\u017cd\u0105 por\u0119 roku, p\u0142ynnie przechodz\u0105 z dnia na noc. Po\u0142\u0105cz je z wyrazist\u0105 kurtk\u0105, aby uzyska\u0107 odwa\u017cny streetwearowy wygl\u0105d, lub ubierz je z przytulnym swetrem, aby uzyska\u0107 swobodny weekendowy klimat. W VINDASION chodzi o wszechstronno\u015b\u0107 i wyra\u017canie siebie.  <\/p>\n<p class=\"\" data-start=\"610\" data-end=\"862\"><strong data-start=\"632\" data-end=\"663\">Modne d\u017cinsy VINDASION<\/strong> to co\u015b wi\u0119cej ni\u017c tylko d\u017cins &#8211; to odzwierciedlenie Twojego wyj\u0105tkowego stylu &#8211; odwa\u017cnego, pewnego siebie i zawsze modnego. Podnie\u015b sw\u00f3j codzienny str\u00f3j i spraw, by ka\u017cdy krok by\u0142 stylowy dzi\u0119ki d\u017cinsom, kt\u00f3re s\u0105 tak modne, jak funkcjonalne. <\/p>\n","protected":false},"excerpt":{"rendered":"<p><strong data-start=\"734\" data-end=\"765\">Modne d\u017cinsy VINDASION<\/strong> to przepustka do pewno\u015bci siebie, stylu i szyku bez wysi\u0142ku. Zdefiniuj na nowo swoj\u0105 d\u017cinsow\u0105 gr\u0119 dzi\u0119ki modzie, kt\u00f3ra pasuje do Twojej osobowo\u015bci i Twojego \u017cycia. <\/p>\n","protected":false},"featured_media":4732,"comment_status":"open","ping_status":"closed","template":"","meta":{"_joinchat":[]},"product_brand":[],"product_cat":[438,424,423,397,461,437,439,380],"product_tag":[436,378,422,395,377,396,406,376],"class_list":{"0":"post-5844","1":"product","2":"type-product","3":"status-publish","4":"has-post-thumbnail","6":"product_cat-deko-pl","7":"product_cat-dziewczece","8":"product_cat-moda-damska","9":"product_cat-moda-damska-relucky","10":"product_cat-pani","11":"product_cat-spodnie-besic","12":"product_cat-spodnie-dzinsowe","13":"product_cat-spodnie-ledis-besic","14":"product_tag-denim-pl","15":"product_tag-ledis-fashion-pl","16":"product_tag-lunzimalito-com-pl","17":"product_tag-marka","18":"product_tag-moda","19":"product_tag-moda-damska","20":"product_tag-swiat-mody","21":"product_tag-ubrania","23":"first","24":"instock","25":"sale","26":"shipping-taxable","27":"purchasable","28":"product-type-simple"},"_links":{"self":[{"href":"https:\/\/lunzimalito.com\/index.php?rest_route=\/wp\/v2\/product\/5844","targetHints":{"allow":["GET"]}}],"collection":[{"href":"https:\/\/lunzimalito.com\/index.php?rest_route=\/wp\/v2\/product"}],"about":[{"href":"https:\/\/lunzimalito.com\/index.php?rest_route=\/wp\/v2\/types\/product"}],"replies":[{"embeddable":true,"href":"https:\/\/lunzimalito.com\/index.php?rest_route=%2Fwp%2Fv2%2Fcomments&post=5844"}],"wp:featuredmedia":[{"embeddable":true,"href":"https:\/\/lunzimalito.com\/index.php?rest_route=\/wp\/v2\/media\/4732"}],"wp:attachment":[{"href":"https:\/\/lunzimalito.com\/index.php?rest_route=%2Fwp%2Fv2%2Fmedia&parent=5844"}],"wp:term":[{"taxonomy":"product_brand","embeddable":true,"href":"https:\/\/lunzimalito.com\/index.php?rest_route=%2Fwp%2Fv2%2Fproduct_brand&post=5844"},{"taxonomy":"product_cat","embeddable":true,"href":"https:\/\/lunzimalito.com\/index.php?rest_route=%2Fwp%2Fv2%2Fproduct_cat&post=5844"},{"taxonomy":"product_tag","embeddable":true,"href":"https:\/\/lunzimalito.com\/index.php?rest_route=%2Fwp%2Fv2%2Fproduct_tag&post=5844"}],"curies":[{"name":"wp","href":"https:\/\/api.w.org\/{rel}","templated":true}]}}