{"id":5841,"date":"2025-04-24T06:33:11","date_gmt":"2025-04-24T05:33:11","guid":{"rendered":"https:\/\/lunzimalito.com\/?product=jeansy-liuzin-casual"},"modified":"2025-04-24T06:33:11","modified_gmt":"2025-04-24T05:33:11","slug":"jeansy-liuzin-casual","status":"publish","type":"product","link":"https:\/\/lunzimalito.com\/?product=jeansy-liuzin-casual","title":{"rendered":"Jeansy LIUZIN Casual"},"content":{"rendered":"<p class=\"\" data-start=\"25\" data-end=\"459\">Niewymuszony styl \u0142\u0105czy si\u0119 z codziennym komfortem dzi\u0119ki <strong data-start=\"70\" data-end=\"93\">d\u017cinsom LIUZIN Casual Jeans &#8211; zaprojektowanym<\/strong>dla tych, kt\u00f3rzy pragn\u0105 wszechstronno\u015bci bez kompromis\u00f3w w modzie. Wykonane z wysokiej jako\u015bci d\u017cinsu, te d\u017cinsy oferuj\u0105 nieskazitelne dopasowanie, kt\u00f3re schlebia ka\u017cdemu typowi cia\u0142a, dzi\u0119ki czemu s\u0105 podstaw\u0105 ka\u017cdej codziennej garderoby. Niezale\u017cnie od tego, czy wybierasz si\u0119 na lu\u017any brunch, czy za\u0142atwiasz codzienne sprawy, d\u017cinsy LIUZIN zapewniaj\u0105 idealn\u0105 r\u00f3wnowag\u0119 mi\u0119dzy swobodnym komfortem i nowoczesnym stylem.  <\/p>\n<p class=\"\" data-start=\"461\" data-end=\"764\">Dzi\u0119ki szerokiej gamie sprania, od klasycznego niebieskiego po modne wyblak\u0142e odcienie, oraz przemy\u015blanym detalom, takim jak postarzane akcenty, wysoki stan i elastyczny materia\u0142, LIUZIN wprowadza ponadczasowy d\u017cins w tera\u017aniejszo\u015b\u0107. Po\u0142\u0105cz je z dopasowan\u0105 koszulk\u0105, du\u017c\u0105 bluz\u0105 z kapturem lub eleganck\u0105 bluzk\u0105 &#8211; mo\u017cliwo\u015bci stylizacji s\u0105 nieograniczone. <\/p>\n<p class=\"\" data-start=\"766\" data-end=\"969\"><strong data-start=\"807\" data-end=\"830\">Jeansy LIUZIN Casual Jeans<\/strong> to co\u015b wi\u0119cej ni\u017c tylko para spodni &#8211; to codzienny wyb\u00f3r, aby wygl\u0105da\u0107 fajnie, czu\u0107 si\u0119 pewnie i zachowa\u0107 swobod\u0119 w najlepszy spos\u00f3b.<\/p>\n","protected":false},"excerpt":{"rendered":"<p>Niewymuszony styl \u0142\u0105czy si\u0119 z codziennym komfortem dzi\u0119ki <strong data-start=\"70\" data-end=\"93\">d\u017cinsom LIUZIN Casual Jeans &#8211; zaprojektowanym<\/strong>dla tych, kt\u00f3rzy pragn\u0105 wszechstronno\u015bci bez kompromis\u00f3w w modzie. Wykonane z wysokiej jako\u015bci d\u017cinsu, te d\u017cinsy oferuj\u0105 nieskazitelne dopasowanie, kt\u00f3re schlebia ka\u017cdemu typowi cia\u0142a, dzi\u0119ki czemu s\u0105 podstaw\u0105 ka\u017cdej codziennej garderoby. Niezale\u017cnie od tego, czy wybierasz si\u0119 na lu\u017any brunch, czy za\u0142atwiasz codzienne sprawy, d\u017cinsy LIUZIN zapewniaj\u0105 idealn\u0105 r\u00f3wnowag\u0119 mi\u0119dzy swobodnym komfortem i nowoczesnym stylem.  <\/p>\n","protected":false},"featured_media":4723,"comment_status":"open","ping_status":"closed","template":"","meta":{"_joinchat":[]},"product_brand":[],"product_cat":[438,424,423,397,461,437,439,380],"product_tag":[436,378,422,395,377,396,406,376],"class_list":{"0":"post-5841","1":"product","2":"type-product","3":"status-publish","4":"has-post-thumbnail","6":"product_cat-deko-pl","7":"product_cat-dziewczece","8":"product_cat-moda-damska","9":"product_cat-moda-damska-relucky","10":"product_cat-pani","11":"product_cat-spodnie-besic","12":"product_cat-spodnie-dzinsowe","13":"product_cat-spodnie-ledis-besic","14":"product_tag-denim-pl","15":"product_tag-ledis-fashion-pl","16":"product_tag-lunzimalito-com-pl","17":"product_tag-marka","18":"product_tag-moda","19":"product_tag-moda-damska","20":"product_tag-swiat-mody","21":"product_tag-ubrania","23":"first","24":"instock","25":"sale","26":"shipping-taxable","27":"purchasable","28":"product-type-simple"},"_links":{"self":[{"href":"https:\/\/lunzimalito.com\/index.php?rest_route=\/wp\/v2\/product\/5841","targetHints":{"allow":["GET"]}}],"collection":[{"href":"https:\/\/lunzimalito.com\/index.php?rest_route=\/wp\/v2\/product"}],"about":[{"href":"https:\/\/lunzimalito.com\/index.php?rest_route=\/wp\/v2\/types\/product"}],"replies":[{"embeddable":true,"href":"https:\/\/lunzimalito.com\/index.php?rest_route=%2Fwp%2Fv2%2Fcomments&post=5841"}],"wp:featuredmedia":[{"embeddable":true,"href":"https:\/\/lunzimalito.com\/index.php?rest_route=\/wp\/v2\/media\/4723"}],"wp:attachment":[{"href":"https:\/\/lunzimalito.com\/index.php?rest_route=%2Fwp%2Fv2%2Fmedia&parent=5841"}],"wp:term":[{"taxonomy":"product_brand","embeddable":true,"href":"https:\/\/lunzimalito.com\/index.php?rest_route=%2Fwp%2Fv2%2Fproduct_brand&post=5841"},{"taxonomy":"product_cat","embeddable":true,"href":"https:\/\/lunzimalito.com\/index.php?rest_route=%2Fwp%2Fv2%2Fproduct_cat&post=5841"},{"taxonomy":"product_tag","embeddable":true,"href":"https:\/\/lunzimalito.com\/index.php?rest_route=%2Fwp%2Fv2%2Fproduct_tag&post=5841"}],"curies":[{"name":"wp","href":"https:\/\/api.w.org\/{rel}","templated":true}]}}