{"id":5732,"date":"2025-04-24T06:11:06","date_gmt":"2025-04-24T05:11:06","guid":{"rendered":"https:\/\/lunzimalito.com\/?product=moda-damska-forest-trending"},"modified":"2025-04-24T06:11:06","modified_gmt":"2025-04-24T05:11:06","slug":"moda-damska-forest-trending","status":"publish","type":"product","link":"https:\/\/lunzimalito.com\/?product=moda-damska-forest-trending","title":{"rendered":"Moda damska Forest Trending"},"content":{"rendered":"<p>Wkrocz na \u0142ono natury z pewno\u015bci\u0105 siebie i gracj\u0105 &#8211; kobieca<strong data-start=\"82\" data-end=\"117\">moda Forest Trending<\/strong> \u0142\u0105czy naturaln\u0105 elegancj\u0119 z odwa\u017cn\u0105, ziemist\u0105 estetyk\u0105. Zainspirowany kolorami, teksturami i wzorami lasu, trend ten celebruje organiczne pi\u0119kno i wolno\u015b\u0107 na \u015bwie\u017cym powietrzu. Pomy\u015bl o bogatej zieleni, ciep\u0142ych br\u0105zach i jesiennych odcieniach w po\u0142\u0105czeniu z lej\u0105cymi si\u0119 tkaninami, wytrzyma\u0142ymi butami i ekologicznymi akcesoriami. Od sukienek maxi we wzory li\u015bci po odzie\u017c wierzchni\u0105 w odcieniach mchu, ten wygl\u0105d jest zar\u00f3wno odwa\u017cny, jak i kobiecy. Niezale\u017cnie od tego, czy w\u0119drujesz po le\u015bnych szlakach, czy poruszasz si\u0119 po miejskiej d\u017cungli, moda le\u015bna pozwala ci pozosta\u0107 w zgodzie z natur\u0105 i wyprzedza\u0107 trendy.    <\/p>\n<p class=\"\" data-start=\"0\" data-end=\"391\">Warstwowo\u015b\u0107 jest kluczowa w <strong data-start=\"19\" data-end=\"54\">damskiej modzie Forest Trending<\/strong>, oferuj\u0105c zar\u00f3wno funkcjonalno\u015b\u0107, jak i styl. Przytulne swetry z dzianiny, flanelowe koszule i du\u017ce szale zapewniaj\u0105 tekstur\u0119 i ciep\u0142o, a lekkie kurtki i spodnie cargo dodaj\u0105 odrobin\u0119 surowego uroku. Wa\u017cn\u0105 rol\u0119 odgrywaj\u0105 akcesoria &#8211; r\u0119cznie robiona bi\u017cuteria, plecione torby i kapelusze z szerokim rondem, kt\u00f3re przywo\u0142uj\u0105 swobodny, artystyczny klimat.  <\/p>\n<p class=\"\" data-start=\"393\" data-end=\"653\">Obuwie obejmuje zar\u00f3wno solidne buty inspirowane turystyk\u0105 piesz\u0105, jak i zamszowe botki do kostki, doskonale \u0142\u0105cz\u0105c wygod\u0119 i elegancj\u0119. Tkaniny s\u0105 mi\u0119kkie, ale trwa\u0142e, z naciskiem na zr\u00f3wnowa\u017cony rozw\u00f3j &#8211; bawe\u0142na organiczna, konopie i materia\u0142y pochodz\u0105ce z recyklingu s\u0105 w centrum tego trendu. <\/p>\n<p class=\"\" data-start=\"655\" data-end=\"974\">To, co naprawd\u0119 wyr\u00f3\u017cnia t\u0119 mod\u0119, to jej zdolno\u015b\u0107 do \u0142\u0105czenia nowoczesnej kobiety z rytmem natury. Chodzi o wyra\u017canie indywidualno\u015bci przy jednoczesnym poszanowaniu \u015brodowiska. Niezale\u017cnie od tego, czy popijasz kaw\u0119 w domku, czy zwiedzasz weekendowy targ, <strong data-start=\"900\" data-end=\"918\">moda le\u015bna<\/strong> zapewnia szyk bez wysi\u0142ku i zakorzenienie w autentyczno\u015bci.  <\/p>\n","protected":false},"excerpt":{"rendered":"<article class=\"text-token-text-primary w-full sm:AIPRM__conversation__response\" dir=\"auto\" data-testid=\"conversation-turn-4\" data-scroll-anchor=\"true\">\n<div class=\"text-base my-auto mx-auto py-5 [--thread-content-margin:--spacing(4)] @[37rem]:[--thread-content-margin:--spacing(6)] @[70rem]:[--thread-content-margin:--spacing(12)] px-(--thread-content-margin)\">\n<div class=\"[--thread-content-max-width:32rem] @[34rem]:[--thread-content-max-width:40rem] @[64rem]:[--thread-content-max-width:48rem] mx-auto flex max-w-(--thread-content-max-width) flex-1 text-base gap-4 md:gap-5 lg:gap-6 group\/turn-messages focus-visible:outline-hidden\" tabindex=\"-1\">\n<div class=\"group\/conversation-turn relative flex w-full min-w-0 flex-col agent-turn\">\n<div class=\"relative flex-col gap-1 md:gap-3\">\n<div class=\"flex max-w-full flex-col grow\">\n<div class=\"min-h-8 text-message relative flex w-full flex-col items-end gap-2 text-start break-words whitespace-normal [.text-message+&amp;]:mt-5 AIPRM__conversation__response\" dir=\"auto\" data-message-author-role=\"assistant\" data-message-id=\"e9d054a0-326c-4b08-9bb5-93f2726cee4f\" data-message-model-slug=\"gpt-4o\">\n<div class=\"flex w-full flex-col gap-1 empty:hidden first:pt-[3px]\">\n<div class=\"markdown prose dark:prose-invert w-full break-words light\">\n<p class=\"\" data-start=\"655\" data-end=\"974\">Prawdziwym wyr\u00f3\u017cnikiem tej mody jest jej zdolno\u015b\u0107 do \u0142\u0105czenia nowoczesnej kobiety z rytmem natury. Chodzi o wyra\u017canie indywidualno\u015bci przy jednoczesnym poszanowaniu \u015brodowiska. Niezale\u017cnie od tego, czy popijasz kaw\u0119 w domku, czy zwiedzasz weekendowy targ, <strong data-start=\"900\" data-end=\"918\">moda le\u015bna<\/strong> zapewnia szyk bez wysi\u0142ku i zakorzenienie w autentyczno\u015bci.  <\/p>\n<\/div>\n<\/div>\n<\/div>\n<\/div>\n<div class=\"flex justify-start\">\n<div class=\"touch:-me-2 touch:-ms-3.5 -ms-2.5 -me-1 flex items-center p-1 select-none -mt-1 duration-[1.5s] focus-within:transition-none hover:transition-none pointer-events-none [mask-image:linear-gradient(to_right,black_33%,transparent_66%)] [mask-position:100%_0%] [mask-size:300%_100%] motion-safe:transition-[mask-position] group-hover\/turn-messages:pointer-events-auto group-hover\/turn-messages:[mask-position:0_0] group-focus-within\/turn-messages:pointer-events-auto group-focus-within\/turn-messages:[mask-position:0_0] has-data-[state=open]:pointer-events-auto has-data-[state=open]:[mask-position:0_0]\"><\/div>\n<\/div>\n<div class=\"mt-3 w-full empty:hidden\">\n<div class=\"text-center\"><\/div>\n<\/div>\n<\/div>\n<div class=\"absolute\">\n<div class=\"flex items-center justify-center\"><\/div>\n<\/div>\n<\/div>\n<\/div>\n<\/div>\n<\/article>\n<div class=\"pointer-events-none h-px w-px\" aria-hidden=\"true\" data-edge=\"true\"><\/div>\n","protected":false},"featured_media":4714,"comment_status":"open","ping_status":"closed","template":"","meta":{"_joinchat":[]},"product_brand":[],"product_cat":[438,424,423,397,461,437,439,380],"product_tag":[436,378,422,395,406,376],"class_list":{"0":"post-5732","1":"product","2":"type-product","3":"status-publish","4":"has-post-thumbnail","6":"product_cat-deko-pl","7":"product_cat-dziewczece","8":"product_cat-moda-damska","9":"product_cat-moda-damska-relucky","10":"product_cat-pani","11":"product_cat-spodnie-besic","12":"product_cat-spodnie-dzinsowe","13":"product_cat-spodnie-ledis-besic","14":"product_tag-denim-pl","15":"product_tag-ledis-fashion-pl","16":"product_tag-lunzimalito-com-pl","17":"product_tag-marka","18":"product_tag-swiat-mody","19":"product_tag-ubrania","21":"first","22":"instock","23":"sale","24":"shipping-taxable","25":"purchasable","26":"product-type-simple"},"_links":{"self":[{"href":"https:\/\/lunzimalito.com\/index.php?rest_route=\/wp\/v2\/product\/5732","targetHints":{"allow":["GET"]}}],"collection":[{"href":"https:\/\/lunzimalito.com\/index.php?rest_route=\/wp\/v2\/product"}],"about":[{"href":"https:\/\/lunzimalito.com\/index.php?rest_route=\/wp\/v2\/types\/product"}],"replies":[{"embeddable":true,"href":"https:\/\/lunzimalito.com\/index.php?rest_route=%2Fwp%2Fv2%2Fcomments&post=5732"}],"wp:featuredmedia":[{"embeddable":true,"href":"https:\/\/lunzimalito.com\/index.php?rest_route=\/wp\/v2\/media\/4714"}],"wp:attachment":[{"href":"https:\/\/lunzimalito.com\/index.php?rest_route=%2Fwp%2Fv2%2Fmedia&parent=5732"}],"wp:term":[{"taxonomy":"product_brand","embeddable":true,"href":"https:\/\/lunzimalito.com\/index.php?rest_route=%2Fwp%2Fv2%2Fproduct_brand&post=5732"},{"taxonomy":"product_cat","embeddable":true,"href":"https:\/\/lunzimalito.com\/index.php?rest_route=%2Fwp%2Fv2%2Fproduct_cat&post=5732"},{"taxonomy":"product_tag","embeddable":true,"href":"https:\/\/lunzimalito.com\/index.php?rest_route=%2Fwp%2Fv2%2Fproduct_tag&post=5732"}],"curies":[{"name":"wp","href":"https:\/\/api.w.org\/{rel}","templated":true}]}}