{"id":5729,"date":"2025-04-23T13:03:08","date_gmt":"2025-04-23T12:03:08","guid":{"rendered":"https:\/\/lunzimalito.com\/?product=dzinsy-lady-forgina"},"modified":"2025-04-23T13:03:08","modified_gmt":"2025-04-23T12:03:08","slug":"dzinsy-lady-forgina","status":"publish","type":"product","link":"https:\/\/lunzimalito.com\/?product=dzinsy-lady-forgina","title":{"rendered":"D\u017cinsy Lady Forgina"},"content":{"rendered":"<p class=\"\" data-start=\"532\" data-end=\"737\">Szukasz jeans\u00f3w, kt\u00f3re \u0142\u0105cz\u0105 wygod\u0119 z wyluzowan\u0105 elegancj\u0105? <strong data-start=\"594\" data-end=\"623\">D\u017cinsy Lady Forgina Casual<\/strong> s\u0105 odpowiedzi\u0105. Te d\u017cinsy zosta\u0142y zaprojektowane z my\u015bl\u0105 o nowoczesnej kobiecie, kt\u00f3ra chce pozosta\u0107 stylowa bez zbytniego wysi\u0142ku. <\/p>\n<p class=\"\" data-start=\"739\" data-end=\"1014\">Wykonane z mi\u0119kkiego, wytrzyma\u0142ego denimu d\u017cinsy Lady Forgina oferuj\u0105 swobodny, ale pochlebny kr\u00f3j, kt\u00f3ry jest idealny do noszenia na co dzie\u0144. Niezale\u017cnie od tego, czy idziesz na kaw\u0119, na zaj\u0119cia, czy po prostu cieszysz si\u0119 leniwym weekendem, te d\u017cinsy sprawi\u0105, \u017ce b\u0119dziesz wygl\u0105da\u0107 elegancko, czuj\u0105c si\u0119 ca\u0142kowicie komfortowo. <\/p>\n<p class=\"\" data-start=\"1016\" data-end=\"1324\">Dzi\u0119ki klasycznej talii o \u015brednim wzro\u015bcie, zw\u0119\u017canym nogawkom i subtelnym efektom sprania, pi\u0119knie komponuj\u0105 si\u0119 ze wszystkim &#8211; od podstawowych t-shirt\u00f3w i trampek po bluzki i botki. Minimalistyczny design zapewnia elegancki wygl\u0105d, a przemy\u015blane detale, takie jak g\u0142adkie szwy i wygodne paski w talii, dodaj\u0105 im atrakcyjno\u015bci przez ca\u0142y dzie\u0144. <\/p>\n<p class=\"\" data-start=\"1326\" data-end=\"1525\"><strong data-start=\"1326\" data-end=\"1355\">Lady Forgina Casual Jeans<\/strong> to rodzaj d\u017cins\u00f3w, kt\u00f3re b\u0119dziesz chcia\u0142a nosi\u0107 wielokrotnie &#8211; poniewa\u017c po prostu Ci\u0119 rozumiej\u0105. Proste, uniwersalne i zawsze modne, s\u0105 niezb\u0119dnym elementem ka\u017cdej garderoby. <\/p>\n","protected":false},"excerpt":{"rendered":"<p><strong data-start=\"1326\" data-end=\"1355\">Lady Forgina Casual Jeans<\/strong> to rodzaj d\u017cins\u00f3w, kt\u00f3re b\u0119dziesz chcia\u0142a nosi\u0107 wielokrotnie &#8211; poniewa\u017c po prostu Ci\u0119 rozumiej\u0105. Proste, uniwersalne i zawsze modne, s\u0105 niezb\u0119dnym elementem ka\u017cdej garderoby <\/p>\n","protected":false},"featured_media":4696,"comment_status":"open","ping_status":"closed","template":"","meta":{"_joinchat":[]},"product_brand":[],"product_cat":[438,424,423,397,461,437,439,380],"product_tag":[436,378,422,395,377,396,406,376],"class_list":{"0":"post-5729","1":"product","2":"type-product","3":"status-publish","4":"has-post-thumbnail","6":"product_cat-deko-pl","7":"product_cat-dziewczece","8":"product_cat-moda-damska","9":"product_cat-moda-damska-relucky","10":"product_cat-pani","11":"product_cat-spodnie-besic","12":"product_cat-spodnie-dzinsowe","13":"product_cat-spodnie-ledis-besic","14":"product_tag-denim-pl","15":"product_tag-ledis-fashion-pl","16":"product_tag-lunzimalito-com-pl","17":"product_tag-marka","18":"product_tag-moda","19":"product_tag-moda-damska","20":"product_tag-swiat-mody","21":"product_tag-ubrania","23":"first","24":"instock","25":"sale","26":"shipping-taxable","27":"purchasable","28":"product-type-simple"},"_links":{"self":[{"href":"https:\/\/lunzimalito.com\/index.php?rest_route=\/wp\/v2\/product\/5729","targetHints":{"allow":["GET"]}}],"collection":[{"href":"https:\/\/lunzimalito.com\/index.php?rest_route=\/wp\/v2\/product"}],"about":[{"href":"https:\/\/lunzimalito.com\/index.php?rest_route=\/wp\/v2\/types\/product"}],"replies":[{"embeddable":true,"href":"https:\/\/lunzimalito.com\/index.php?rest_route=%2Fwp%2Fv2%2Fcomments&post=5729"}],"wp:featuredmedia":[{"embeddable":true,"href":"https:\/\/lunzimalito.com\/index.php?rest_route=\/wp\/v2\/media\/4696"}],"wp:attachment":[{"href":"https:\/\/lunzimalito.com\/index.php?rest_route=%2Fwp%2Fv2%2Fmedia&parent=5729"}],"wp:term":[{"taxonomy":"product_brand","embeddable":true,"href":"https:\/\/lunzimalito.com\/index.php?rest_route=%2Fwp%2Fv2%2Fproduct_brand&post=5729"},{"taxonomy":"product_cat","embeddable":true,"href":"https:\/\/lunzimalito.com\/index.php?rest_route=%2Fwp%2Fv2%2Fproduct_cat&post=5729"},{"taxonomy":"product_tag","embeddable":true,"href":"https:\/\/lunzimalito.com\/index.php?rest_route=%2Fwp%2Fv2%2Fproduct_tag&post=5729"}],"curies":[{"name":"wp","href":"https:\/\/api.w.org\/{rel}","templated":true}]}}