{"id":5725,"date":"2025-04-23T12:37:20","date_gmt":"2025-04-23T11:37:20","guid":{"rendered":"https:\/\/lunzimalito.com\/?product=jeansy-damskie-zeo-basic"},"modified":"2025-04-23T12:37:20","modified_gmt":"2025-04-23T11:37:20","slug":"jeansy-damskie-zeo-basic","status":"publish","type":"product","link":"https:\/\/lunzimalito.com\/?product=jeansy-damskie-zeo-basic","title":{"rendered":"Jeansy damskie Zeo Basic"},"content":{"rendered":"<p class=\"\" data-start=\"542\" data-end=\"823\">Prostota nigdy nie wychodzi z mody &#8211; i dok\u0142adnie to otrzymujesz dzi\u0119ki <strong data-start=\"614\" data-end=\"641\">d\u017cinsom damskim Zeo Basic<\/strong>. S\u0105 to klasyczne d\u017cinsy, kt\u00f3rych potrzebuje ka\u017cda szafa. Czyste linie, wygodne dopasowanie i ponadczasowe sprania sprawiaj\u0105, \u017ce s\u0105 one niezb\u0119dne dla kobiet ceni\u0105cych mod\u0119 bez wysi\u0142ku.  <\/p>\n<p class=\"\" data-start=\"825\" data-end=\"1192\">Wykonane z wysokiej jako\u015bci denimu d\u017cinsy Zeo Basic zosta\u0142y zaprojektowane tak, aby porusza\u0107 si\u0119 razem z Tob\u0105, zachowuj\u0105c sw\u00f3j kszta\u0142t przez ca\u0142y dzie\u0144. Niezale\u017cnie od tego, czy za\u0142atwiasz sprawy, idziesz do pracy, czy po prostu sp\u0119dzasz czas, zapewniaj\u0105 niezr\u00f3wnany komfort bez uszczerbku dla stylu. Opcje ze \u015brednim lub wysokim stanem zapewniaj\u0105 pochlebn\u0105 sylwetk\u0119, a dopasowany kr\u00f3j przylega we wszystkich w\u0142a\u015bciwych miejscach.  <\/p>\n<p class=\"\" data-start=\"1194\" data-end=\"1431\">Wybieraj spo\u015br\u00f3d jasnych, \u015brednich lub ciemnych odcieni, aby dopasowa\u0107 je do swojego nastroju lub pory roku. Ubierz je w szpilki i marynark\u0119, aby uzyska\u0107 elegancki wygl\u0105d, lub zachowaj swobod\u0119 z koszulk\u0105 i trampkami &#8211; tak czy inaczej, b\u0119dziesz wygl\u0105da\u0107 razem przy minimalnym wysi\u0142ku. <\/p>\n","protected":false},"excerpt":{"rendered":"<p>Wybieraj spo\u015br\u00f3d jasnych, \u015brednich lub ciemnych odcieni, aby dopasowa\u0107 je do swojego nastroju lub pory roku. Ubierz je w szpilki i marynark\u0119, aby uzyska\u0107 elegancki wygl\u0105d, lub zachowaj swobod\u0119 z koszulk\u0105 i trampkami &#8211; tak czy inaczej, b\u0119dziesz wygl\u0105da\u0107 razem przy minimalnym wysi\u0142ku. <\/p>\n","protected":false},"featured_media":4687,"comment_status":"open","ping_status":"closed","template":"","meta":{"_joinchat":[]},"product_brand":[],"product_cat":[438,424,423,397,461,437,439,380],"product_tag":[381,436,378,422,395,377,396,406,376],"class_list":{"0":"post-5725","1":"product","2":"type-product","3":"status-publish","4":"has-post-thumbnail","6":"product_cat-deko-pl","7":"product_cat-dziewczece","8":"product_cat-moda-damska","9":"product_cat-moda-damska-relucky","10":"product_cat-pani","11":"product_cat-spodnie-besic","12":"product_cat-spodnie-dzinsowe","13":"product_cat-spodnie-ledis-besic","14":"product_tag-damskie","15":"product_tag-denim-pl","16":"product_tag-ledis-fashion-pl","17":"product_tag-lunzimalito-com-pl","18":"product_tag-marka","19":"product_tag-moda","20":"product_tag-moda-damska","21":"product_tag-swiat-mody","22":"product_tag-ubrania","24":"first","25":"instock","26":"sale","27":"shipping-taxable","28":"purchasable","29":"product-type-simple"},"_links":{"self":[{"href":"https:\/\/lunzimalito.com\/index.php?rest_route=\/wp\/v2\/product\/5725","targetHints":{"allow":["GET"]}}],"collection":[{"href":"https:\/\/lunzimalito.com\/index.php?rest_route=\/wp\/v2\/product"}],"about":[{"href":"https:\/\/lunzimalito.com\/index.php?rest_route=\/wp\/v2\/types\/product"}],"replies":[{"embeddable":true,"href":"https:\/\/lunzimalito.com\/index.php?rest_route=%2Fwp%2Fv2%2Fcomments&post=5725"}],"wp:featuredmedia":[{"embeddable":true,"href":"https:\/\/lunzimalito.com\/index.php?rest_route=\/wp\/v2\/media\/4687"}],"wp:attachment":[{"href":"https:\/\/lunzimalito.com\/index.php?rest_route=%2Fwp%2Fv2%2Fmedia&parent=5725"}],"wp:term":[{"taxonomy":"product_brand","embeddable":true,"href":"https:\/\/lunzimalito.com\/index.php?rest_route=%2Fwp%2Fv2%2Fproduct_brand&post=5725"},{"taxonomy":"product_cat","embeddable":true,"href":"https:\/\/lunzimalito.com\/index.php?rest_route=%2Fwp%2Fv2%2Fproduct_cat&post=5725"},{"taxonomy":"product_tag","embeddable":true,"href":"https:\/\/lunzimalito.com\/index.php?rest_route=%2Fwp%2Fv2%2Fproduct_tag&post=5725"}],"curies":[{"name":"wp","href":"https:\/\/api.w.org\/{rel}","templated":true}]}}