{"id":5721,"date":"2025-04-23T09:08:59","date_gmt":"2025-04-23T08:08:59","guid":{"rendered":"https:\/\/lunzimalito.com\/?product=pozitif-jeans-decontractes-pour-femmes"},"modified":"2025-04-23T09:08:59","modified_gmt":"2025-04-23T08:08:59","slug":"pozitif-jeans-decontractes-pour-femmes","status":"publish","type":"product","link":"https:\/\/lunzimalito.com\/?product=pozitif-jeans-decontractes-pour-femmes","title":{"rendered":"POZITIF Jeans d\u00e9contract\u00e9s pour femmes"},"content":{"rendered":"<p class=\"\" data-start=\"530\" data-end=\"829\">Si vous \u00eates une <strong data-start=\"550\" data-end=\"591\">adepte du style sans effort et du confort tout au long de la journ\u00e9e<\/strong>, le <strong data-start=\"598\" data-end=\"630\">jean d\u00e9contract\u00e9 pour femme de POZITIF<\/strong> m\u00e9rite une place de choix dans votre garde-robe. Con\u00e7u pour la femme moderne en mouvement, ce jean allie le charme du denim classique \u00e0 une ambiance d\u00e9contract\u00e9e et relaxante qui convient parfaitement \u00e0 tous les jours de la semaine. <\/p>\n<p class=\"\" data-start=\"831\" data-end=\"1242\">Que vous vous rendiez \u00e0 un brunch, que vous fassiez des courses ou que vous vous d\u00e9tendiez avec des amis, le jean POZITIF est votre partenaire id\u00e9al en mati\u00e8re de style. Fabriqu\u00e9s dans un denim doux et respirant qui s&#8217;\u00e9tire juste ce qu&#8217;il faut, ils offrent une coupe flatteuse sans \u00eatre trop serr\u00e9s ou contraignants. Des coutures de haute qualit\u00e9 et des d\u00e9tails de conception bien pens\u00e9s, comme une taille moyenne, des poches spacieuses et des fermetures \u00e0 boutons lisses, en font un v\u00eatement \u00e0 la fois fonctionnel et \u00e0 la mode.  <\/p>\n<p class=\"\" data-start=\"1244\" data-end=\"1513\">Disponible dans une vari\u00e9t\u00e9 de d\u00e9lavages allant du bleu clair \u00e0 l&#8217;indigo profond, ce jean d\u00e9contract\u00e9 s&#8217;associe sans effort \u00e0 tout ce qui se trouve dans votre garde-robe. Enfilez un tee-shirt basique et des baskets pour un look de jour facile, ou habillez-le avec un chemisier chic et des bottines pour des soir\u00e9es d\u00e9contract\u00e9es. <\/p>\n<p class=\"\" data-start=\"1515\" data-end=\"1664\">Simple. \u00c9l\u00e9gant. Fiable. <strong data-start=\"1542\" data-end=\"1574\">Les jeans d\u00e9contract\u00e9s pour femmes de POZITIF<\/strong> sont le choix id\u00e9al lorsque vous voulez vous sentir confiante, \u00e0 l&#8217;aise et compl\u00e8tement vous-m\u00eame.  <\/p>\n","protected":false},"excerpt":{"rendered":"<p class=\"\" data-start=\"1515\" data-end=\"1664\">Simple. \u00c9l\u00e9gant. Fiable. <strong data-start=\"1542\" data-end=\"1574\">Les jeans d\u00e9contract\u00e9s pour femmes de POZITIF<\/strong> sont le choix id\u00e9al lorsque vous voulez vous sentir confiante, \u00e0 l&#8217;aise et compl\u00e8tement vous-m\u00eame.  <\/p>\n","protected":false},"featured_media":4647,"comment_status":"open","ping_status":"closed","template":"","meta":{"_joinchat":[]},"product_brand":[],"product_cat":[463,452,421,386,420,428,451,391],"product_tag":[453,383,394,384,419,389,390,382],"class_list":{"0":"post-5721","1":"product","2":"type-product","3":"status-publish","4":"has-post-thumbnail","6":"product_cat-dame","7":"product_cat-deko-fr","8":"product_cat-filles","9":"product_cat-ledis-besic-pantalon","10":"product_cat-mode-feminine","11":"product_cat-pantalon-besic","12":"product_cat-pantalon-en-jean","13":"product_cat-relucky-mode-pour-femmes","14":"product_tag-denim-fr","15":"product_tag-la-mode","16":"product_tag-le-monde-de-la-mode","17":"product_tag-ledis-fashion-fr","18":"product_tag-lunzimalito-com-fr","19":"product_tag-marque","20":"product_tag-mode-femmes","21":"product_tag-vetements","23":"first","24":"instock","25":"sale","26":"shipping-taxable","27":"purchasable","28":"product-type-simple"},"_links":{"self":[{"href":"https:\/\/lunzimalito.com\/index.php?rest_route=\/wp\/v2\/product\/5721","targetHints":{"allow":["GET"]}}],"collection":[{"href":"https:\/\/lunzimalito.com\/index.php?rest_route=\/wp\/v2\/product"}],"about":[{"href":"https:\/\/lunzimalito.com\/index.php?rest_route=\/wp\/v2\/types\/product"}],"replies":[{"embeddable":true,"href":"https:\/\/lunzimalito.com\/index.php?rest_route=%2Fwp%2Fv2%2Fcomments&post=5721"}],"wp:featuredmedia":[{"embeddable":true,"href":"https:\/\/lunzimalito.com\/index.php?rest_route=\/wp\/v2\/media\/4647"}],"wp:attachment":[{"href":"https:\/\/lunzimalito.com\/index.php?rest_route=%2Fwp%2Fv2%2Fmedia&parent=5721"}],"wp:term":[{"taxonomy":"product_brand","embeddable":true,"href":"https:\/\/lunzimalito.com\/index.php?rest_route=%2Fwp%2Fv2%2Fproduct_brand&post=5721"},{"taxonomy":"product_cat","embeddable":true,"href":"https:\/\/lunzimalito.com\/index.php?rest_route=%2Fwp%2Fv2%2Fproduct_cat&post=5721"},{"taxonomy":"product_tag","embeddable":true,"href":"https:\/\/lunzimalito.com\/index.php?rest_route=%2Fwp%2Fv2%2Fproduct_tag&post=5721"}],"curies":[{"name":"wp","href":"https:\/\/api.w.org\/{rel}","templated":true}]}}