{"id":5720,"date":"2025-04-22T12:31:41","date_gmt":"2025-04-22T11:31:41","guid":{"rendered":"https:\/\/lunzimalito.com\/?product=jeans-lady-trending"},"modified":"2025-04-22T12:31:41","modified_gmt":"2025-04-22T11:31:41","slug":"jeans-lady-trending","status":"publish","type":"product","link":"https:\/\/lunzimalito.com\/?product=jeans-lady-trending","title":{"rendered":"Jeans LADY Trending"},"content":{"rendered":"<p class=\"my-0\">Les v\u00eatements en jean LADY Trending pour femmes pr\u00e9sentent les derni\u00e8res tendances en mati\u00e8re de denim, associant des classiques intemporels \u00e0 des silhouettes modernes et \u00e0 des d\u00e9tails innovants. Pour 2025, les tendances les plus populaires sont les jeans \u00e0 jambe large, les jeans \u00e9vas\u00e9s et les jeans \u00e0 jambe tonneau, chacun offrant une nouvelle approche du confort et du style. Les jeans \u00e0 jambe large et \u00e9vas\u00e9s \u00e9voquent l&#8217;ambiance r\u00e9tro des ann\u00e9es 70, cr\u00e9ant un look chic et d\u00e9contract\u00e9, parfait pour les tenues d\u00e9contract\u00e9es et \u00e9l\u00e9gantes. Avec leur forme unique et leur taille haute, les jeans \u00e0 pattes d&#8217;oie constituent une option flatteuse et \u00e0 la pointe de la mode qui met en valeur les courbes tout en restant confortables et faciles \u00e0 porter<span class=\"whitespace-nowrap\">.<\/span>   <\/p>\n<p class=\"my-0\">Parmi les autres styles cl\u00e9s de la collection de jeans tendance, citons les jeans \u00e0 jambe droite avec des ourlets \u00e0 revers pour une sensation \u00e0 la fois raffin\u00e9e et d\u00e9contract\u00e9e, ainsi que les jeans cargo d&#8217;inspiration utilitaire qui allient l&#8217;aspect pratique \u00e0 une touche<span class=\"whitespace-nowrap\"><a class=\" mr-[2px] citation ml-xs inline\" href=\"https:\/\/us.mavi.com\/blogs\/stories\/key-women-s-denim-trends-for-spring\" target=\"_blank\" rel=\"nofollow noopener\" data-state=\"closed\" aria-label=\"Key Women\u2019s Denim Trends for Spring\"><span class=\"relative select-none align-middle undefined -top-px default font-sans text-base text-textMain dark:text-textMainDark selection:bg-super\/50 selection:text-textMain dark:selection:bg-superDuper\/10 dark:selection:text-superDark\"><span class=\"hover:bg-super dark:hover:bg-superDark dark:hover:text-backgroundDark min-w-[1rem] rounded-[0.3125rem] px-[0.3rem] text-center align-middle font-mono text-[0.6rem] tabular-nums hover:text-white py-[0.1875rem] border-borderMain\/50 ring-borderMain\/50 divide-borderMain\/50 dark:divide-borderMainDark\/50 dark:ring-borderMainDark\/50 dark:border-borderMainDark\/50 bg-offsetPlus dark:bg-offsetPlusDark\">contemporaine4<\/span><\/span><\/a>.<\/span> Les coupes classiques comme le skinny, le slim, le boyfriend et le mom jeans restent des basiques de la garde-robe, offrant une polyvalence pour toutes les occasions &#8211; des sorties d\u00e9contract\u00e9es aux soir\u00e9es habill\u00e9es<span class=\"whitespace-nowrap\">.<\/span><\/p>\n","protected":false},"excerpt":{"rendered":"<p>En r\u00e9sum\u00e9, cette collection c\u00e9l\u00e8bre l&#8217;individualit\u00e9, le confort et la confiance en soi, avec des jeans tendance qui peuvent \u00eatre stylis\u00e9s sans effort pour n&#8217;importe quel look, ce qui en fait des pi\u00e8ces essentielles de la garde-robe de toute femme moderne<span class=\"whitespace-nowrap\">.<\/span><\/p>\n","protected":false},"featured_media":4620,"comment_status":"open","ping_status":"closed","template":"","meta":{"_joinchat":[]},"product_brand":[],"product_cat":[463,452,421,386,420,428,451,391],"product_tag":[453,387,383,394,384,419,389,390,382],"class_list":{"0":"post-5720","1":"product","2":"type-product","3":"status-publish","4":"has-post-thumbnail","6":"product_cat-dame","7":"product_cat-deko-fr","8":"product_cat-filles","9":"product_cat-ledis-besic-pantalon","10":"product_cat-mode-feminine","11":"product_cat-pantalon-besic","12":"product_cat-pantalon-en-jean","13":"product_cat-relucky-mode-pour-femmes","14":"product_tag-denim-fr","15":"product_tag-femmes","16":"product_tag-la-mode","17":"product_tag-le-monde-de-la-mode","18":"product_tag-ledis-fashion-fr","19":"product_tag-lunzimalito-com-fr","20":"product_tag-marque","21":"product_tag-mode-femmes","22":"product_tag-vetements","24":"first","25":"instock","26":"sale","27":"shipping-taxable","28":"purchasable","29":"product-type-simple"},"_links":{"self":[{"href":"https:\/\/lunzimalito.com\/index.php?rest_route=\/wp\/v2\/product\/5720","targetHints":{"allow":["GET"]}}],"collection":[{"href":"https:\/\/lunzimalito.com\/index.php?rest_route=\/wp\/v2\/product"}],"about":[{"href":"https:\/\/lunzimalito.com\/index.php?rest_route=\/wp\/v2\/types\/product"}],"replies":[{"embeddable":true,"href":"https:\/\/lunzimalito.com\/index.php?rest_route=%2Fwp%2Fv2%2Fcomments&post=5720"}],"wp:featuredmedia":[{"embeddable":true,"href":"https:\/\/lunzimalito.com\/index.php?rest_route=\/wp\/v2\/media\/4620"}],"wp:attachment":[{"href":"https:\/\/lunzimalito.com\/index.php?rest_route=%2Fwp%2Fv2%2Fmedia&parent=5720"}],"wp:term":[{"taxonomy":"product_brand","embeddable":true,"href":"https:\/\/lunzimalito.com\/index.php?rest_route=%2Fwp%2Fv2%2Fproduct_brand&post=5720"},{"taxonomy":"product_cat","embeddable":true,"href":"https:\/\/lunzimalito.com\/index.php?rest_route=%2Fwp%2Fv2%2Fproduct_cat&post=5720"},{"taxonomy":"product_tag","embeddable":true,"href":"https:\/\/lunzimalito.com\/index.php?rest_route=%2Fwp%2Fv2%2Fproduct_tag&post=5720"}],"curies":[{"name":"wp","href":"https:\/\/api.w.org\/{rel}","templated":true}]}}