{"id":5719,"date":"2025-04-24T06:11:06","date_gmt":"2025-04-24T05:11:06","guid":{"rendered":"https:\/\/lunzimalito.com\/?product=mode-feminine-forest-trending"},"modified":"2025-04-24T06:11:06","modified_gmt":"2025-04-24T05:11:06","slug":"mode-feminine-forest-trending","status":"publish","type":"product","link":"https:\/\/lunzimalito.com\/?product=mode-feminine-forest-trending","title":{"rendered":"Mode f\u00e9minine Forest Trending"},"content":{"rendered":"<p>Entrez dans la nature avec confiance et gr\u00e2ce : la<strong data-start=\"82\" data-end=\"117\">mode<\/strong> f\u00e9minine<strong data-start=\"82\" data-end=\"117\">Forest Trending<\/strong> allie l&#8217;\u00e9l\u00e9gance naturelle \u00e0 une esth\u00e9tique audacieuse et terreuse. Inspir\u00e9e par les couleurs, les textures et les motifs de la for\u00eat, cette tendance c\u00e9l\u00e8bre la beaut\u00e9 organique et la libert\u00e9 en plein air. Pensez \u00e0 des verts riches, des bruns chauds et des tons automnaux associ\u00e9s \u00e0 des tissus fluides, des bottes robustes et des accessoires respectueux de l&#8217;environnement. Des robes maxi \u00e0 motifs de feuilles aux v\u00eatements d&#8217;ext\u00e9rieur aux tons moussus, ce look est \u00e0 la fois aventureux et f\u00e9minin. Que vous vous promeniez sur les sentiers forestiers ou que vous naviguiez dans la jungle urbaine, la mode foresti\u00e8re vous permet de rester ancr\u00e9e dans la nature et d&#8217;avoir une longueur d&#8217;avance en mati\u00e8re de style.    <\/p>\n<p class=\"\" data-start=\"0\" data-end=\"391\">La superposition est un \u00e9l\u00e9ment cl\u00e9 de la <strong data-start=\"19\" data-end=\"54\">mode f\u00e9minine Forest Trending<\/strong>, car elle offre \u00e0 la fois fonctionnalit\u00e9 et style. Les pulls en tricot, les chemises en flanelle et les \u00e9charpes surdimensionn\u00e9es apportent texture et chaleur, tandis que les vestes utilitaires l\u00e9g\u00e8res et les pantalons cargo ajoutent une touche de charme robuste. Les accessoires jouent un r\u00f4le essentiel &#8211; pensez aux bijoux artisanaux, aux sacs tiss\u00e9s et aux chapeaux \u00e0 larges bords qui \u00e9voquent un esprit libre et boh\u00e8me.  <\/p>\n<p class=\"\" data-start=\"393\" data-end=\"653\">Les chaussures vont des robustes bottes inspir\u00e9es de la randonn\u00e9e aux bottines en daim, alliant parfaitement confort et \u00e9l\u00e9gance. Les tissus sont \u00e0 la fois doux et durables, et l&#8217;accent est mis sur le d\u00e9veloppement durable &#8211; le coton biologique, le chanvre et les mat\u00e9riaux recycl\u00e9s sont au c\u0153ur de cette tendance respectueuse de l&#8217;environnement. <\/p>\n<p class=\"\" data-start=\"655\" data-end=\"974\">Ce qui distingue vraiment cette mode, c&#8217;est sa capacit\u00e9 \u00e0 relier la femme moderne au rythme de la nature. Il s&#8217;agit d&#8217;exprimer son individualit\u00e9 tout en respectant l&#8217;environnement. Que vous sirotiez un caf\u00e9 dans une cabane ou que vous exploriez un march\u00e9 le week-end, la <strong data-start=\"900\" data-end=\"918\">mode foresti\u00e8re<\/strong> vous permet de rester chic sans effort et ancr\u00e9e dans l&#8217;authenticit\u00e9.  <\/p>\n","protected":false},"excerpt":{"rendered":"<article class=\"text-token-text-primary w-full sm:AIPRM__conversation__response\" dir=\"auto\" data-testid=\"conversation-turn-4\" data-scroll-anchor=\"true\">\n<div class=\"text-base my-auto mx-auto py-5 [--thread-content-margin:--spacing(4)] @[37rem]:[--thread-content-margin:--spacing(6)] @[70rem]:[--thread-content-margin:--spacing(12)] px-(--thread-content-margin)\">\n<div class=\"[--thread-content-max-width:32rem] @[34rem]:[--thread-content-max-width:40rem] @[64rem]:[--thread-content-max-width:48rem] mx-auto flex max-w-(--thread-content-max-width) flex-1 text-base gap-4 md:gap-5 lg:gap-6 group\/turn-messages focus-visible:outline-hidden\" tabindex=\"-1\">\n<div class=\"group\/conversation-turn relative flex w-full min-w-0 flex-col agent-turn\">\n<div class=\"relative flex-col gap-1 md:gap-3\">\n<div class=\"flex max-w-full flex-col grow\">\n<div class=\"min-h-8 text-message relative flex w-full flex-col items-end gap-2 text-start break-words whitespace-normal [.text-message+&amp;]:mt-5 AIPRM__conversation__response\" dir=\"auto\" data-message-author-role=\"assistant\" data-message-id=\"e9d054a0-326c-4b08-9bb5-93f2726cee4f\" data-message-model-slug=\"gpt-4o\">\n<div class=\"flex w-full flex-col gap-1 empty:hidden first:pt-[3px]\">\n<div class=\"markdown prose dark:prose-invert w-full break-words light\">\n<p class=\"\" data-start=\"655\" data-end=\"974\">Ce qui distingue cette mode, c&#8217;est sa capacit\u00e9 \u00e0 relier la femme moderne au rythme de la nature. Il s&#8217;agit d&#8217;exprimer son individualit\u00e9 tout en respectant l&#8217;environnement. Que vous sirotiez un caf\u00e9 dans une cabane ou que vous exploriez un march\u00e9 le week-end, la <strong data-start=\"900\" data-end=\"918\">mode foresti\u00e8re<\/strong> vous permet de rester chic sans effort et ancr\u00e9e dans l&#8217;authenticit\u00e9.  <\/p>\n<\/div>\n<\/div>\n<\/div>\n<\/div>\n<div class=\"flex justify-start\">\n<div class=\"touch:-me-2 touch:-ms-3.5 -ms-2.5 -me-1 flex items-center p-1 select-none -mt-1 duration-[1.5s] focus-within:transition-none hover:transition-none pointer-events-none [mask-image:linear-gradient(to_right,black_33%,transparent_66%)] [mask-position:100%_0%] [mask-size:300%_100%] motion-safe:transition-[mask-position] group-hover\/turn-messages:pointer-events-auto group-hover\/turn-messages:[mask-position:0_0] group-focus-within\/turn-messages:pointer-events-auto group-focus-within\/turn-messages:[mask-position:0_0] has-data-[state=open]:pointer-events-auto has-data-[state=open]:[mask-position:0_0]\"><\/div>\n<\/div>\n<div class=\"mt-3 w-full empty:hidden\">\n<div class=\"text-center\"><\/div>\n<\/div>\n<\/div>\n<div class=\"absolute\">\n<div class=\"flex items-center justify-center\"><\/div>\n<\/div>\n<\/div>\n<\/div>\n<\/div>\n<\/article>\n<div class=\"pointer-events-none h-px w-px\" aria-hidden=\"true\" data-edge=\"true\"><\/div>\n","protected":false},"featured_media":4713,"comment_status":"open","ping_status":"closed","template":"","meta":{"_joinchat":[]},"product_brand":[],"product_cat":[463,452,421,386,420,428,451,391],"product_tag":[453,394,384,419,389,382],"class_list":{"0":"post-5719","1":"product","2":"type-product","3":"status-publish","4":"has-post-thumbnail","6":"product_cat-dame","7":"product_cat-deko-fr","8":"product_cat-filles","9":"product_cat-ledis-besic-pantalon","10":"product_cat-mode-feminine","11":"product_cat-pantalon-besic","12":"product_cat-pantalon-en-jean","13":"product_cat-relucky-mode-pour-femmes","14":"product_tag-denim-fr","15":"product_tag-le-monde-de-la-mode","16":"product_tag-ledis-fashion-fr","17":"product_tag-lunzimalito-com-fr","18":"product_tag-marque","19":"product_tag-vetements","21":"first","22":"instock","23":"sale","24":"shipping-taxable","25":"purchasable","26":"product-type-simple"},"_links":{"self":[{"href":"https:\/\/lunzimalito.com\/index.php?rest_route=\/wp\/v2\/product\/5719","targetHints":{"allow":["GET"]}}],"collection":[{"href":"https:\/\/lunzimalito.com\/index.php?rest_route=\/wp\/v2\/product"}],"about":[{"href":"https:\/\/lunzimalito.com\/index.php?rest_route=\/wp\/v2\/types\/product"}],"replies":[{"embeddable":true,"href":"https:\/\/lunzimalito.com\/index.php?rest_route=%2Fwp%2Fv2%2Fcomments&post=5719"}],"wp:featuredmedia":[{"embeddable":true,"href":"https:\/\/lunzimalito.com\/index.php?rest_route=\/wp\/v2\/media\/4713"}],"wp:attachment":[{"href":"https:\/\/lunzimalito.com\/index.php?rest_route=%2Fwp%2Fv2%2Fmedia&parent=5719"}],"wp:term":[{"taxonomy":"product_brand","embeddable":true,"href":"https:\/\/lunzimalito.com\/index.php?rest_route=%2Fwp%2Fv2%2Fproduct_brand&post=5719"},{"taxonomy":"product_cat","embeddable":true,"href":"https:\/\/lunzimalito.com\/index.php?rest_route=%2Fwp%2Fv2%2Fproduct_cat&post=5719"},{"taxonomy":"product_tag","embeddable":true,"href":"https:\/\/lunzimalito.com\/index.php?rest_route=%2Fwp%2Fv2%2Fproduct_tag&post=5719"}],"curies":[{"name":"wp","href":"https:\/\/api.w.org\/{rel}","templated":true}]}}