{"id":5714,"date":"2025-04-23T13:27:50","date_gmt":"2025-04-23T12:27:50","guid":{"rendered":"https:\/\/lunzimalito.com\/?product=damskie-jeansy-lan-bai"},"modified":"2025-04-23T13:27:50","modified_gmt":"2025-04-23T12:27:50","slug":"damskie-jeansy-lan-bai","status":"publish","type":"product","link":"https:\/\/lunzimalito.com\/?product=damskie-jeansy-lan-bai","title":{"rendered":"Damskie jeansy Lan Bai"},"content":{"rendered":"<p class=\"\" data-start=\"531\" data-end=\"814\">Odkryj idealne po\u0142\u0105czenie klasycznego uroku i nowoczesnego komfortu z <strong data-start=\"599\" data-end=\"624\">damskimi jeansami Lan Bai &#8211; Twoim<\/strong>nowym wyborem dla wyrafinowanej odzie\u017cy codziennej. Te d\u017cinsy s\u0105 stworzone dla kobiet, kt\u00f3re ceni\u0105 elegancki design, nienaganne dopasowanie i wszechstronne opcje stylizacji, kt\u00f3re przenosz\u0105 je przez ka\u017cd\u0105 cz\u0119\u015b\u0107 dnia. <\/p>\n<p class=\"\" data-start=\"816\" data-end=\"1190\">Wykonane z precyzj\u0105 i staranno\u015bci\u0105, jeansy Lan Bai Jeans s\u0105 wykonane z wysokiej jako\u015bci denimu, kt\u00f3ry zapewnia zar\u00f3wno rozci\u0105gliwo\u015b\u0107, jak i trwa\u0142o\u015b\u0107. Tkanina dopasowuje si\u0119 do kszta\u0142tu cia\u0142a bez przylegania, zapewniaj\u0105c g\u0142adk\u0105, pochlebn\u0105 sylwetk\u0119, kt\u00f3ra jest tak dobra, jak wygl\u0105da. Niezale\u017cnie od tego, czy preferujesz w\u0105ski kr\u00f3j, prost\u0105 nogawk\u0119 czy lu\u017any kr\u00f3j, w kolekcji Lan Bai znajdziesz co\u015b dla ka\u017cdego typu sylwetki i preferencji stylistycznych.  <\/p>\n<p class=\"\" data-start=\"1192\" data-end=\"1438\">Co je wyr\u00f3\u017cnia? Wszystko tkwi w szczeg\u00f3\u0142ach &#8211; gustownych przeszyciach, subtelnych wyblakni\u0119ciach, wypolerowanych guzikach i odpowiedniej ilo\u015bci kraw\u0119dzi. S\u0105 idealne do noszenia z bluzk\u0105 i szpilkami lub na co dzie\u0144 z dopasowan\u0105 koszulk\u0105 i p\u0142askimi butami.  <\/p>\n","protected":false},"excerpt":{"rendered":"<p><strong data-start=\"1440\" data-end=\"1465\">Damskie jeansy Lan Bai Jeans<\/strong> to co\u015b wi\u0119cej ni\u017c tylko kolejna para d\u017cins\u00f3w &#8211; to styl \u017cycia niezb\u0119dny dla pewnych siebie, stylowych kobiet, kt\u00f3re ceni\u0105 jako\u015b\u0107 i wdzi\u0119k w ka\u017cdym stroju.<\/p>\n","protected":false},"featured_media":4705,"comment_status":"open","ping_status":"closed","template":"","meta":{"_joinchat":[]},"product_brand":[],"product_cat":[438,424,423,397,461,437,439,380],"product_tag":[381,436,378,422,395,406,376],"class_list":{"0":"post-5714","1":"product","2":"type-product","3":"status-publish","4":"has-post-thumbnail","6":"product_cat-deko-pl","7":"product_cat-dziewczece","8":"product_cat-moda-damska","9":"product_cat-moda-damska-relucky","10":"product_cat-pani","11":"product_cat-spodnie-besic","12":"product_cat-spodnie-dzinsowe","13":"product_cat-spodnie-ledis-besic","14":"product_tag-damskie","15":"product_tag-denim-pl","16":"product_tag-ledis-fashion-pl","17":"product_tag-lunzimalito-com-pl","18":"product_tag-marka","19":"product_tag-swiat-mody","20":"product_tag-ubrania","22":"first","23":"instock","24":"sale","25":"shipping-taxable","26":"purchasable","27":"product-type-simple"},"_links":{"self":[{"href":"https:\/\/lunzimalito.com\/index.php?rest_route=\/wp\/v2\/product\/5714","targetHints":{"allow":["GET"]}}],"collection":[{"href":"https:\/\/lunzimalito.com\/index.php?rest_route=\/wp\/v2\/product"}],"about":[{"href":"https:\/\/lunzimalito.com\/index.php?rest_route=\/wp\/v2\/types\/product"}],"replies":[{"embeddable":true,"href":"https:\/\/lunzimalito.com\/index.php?rest_route=%2Fwp%2Fv2%2Fcomments&post=5714"}],"wp:featuredmedia":[{"embeddable":true,"href":"https:\/\/lunzimalito.com\/index.php?rest_route=\/wp\/v2\/media\/4705"}],"wp:attachment":[{"href":"https:\/\/lunzimalito.com\/index.php?rest_route=%2Fwp%2Fv2%2Fmedia&parent=5714"}],"wp:term":[{"taxonomy":"product_brand","embeddable":true,"href":"https:\/\/lunzimalito.com\/index.php?rest_route=%2Fwp%2Fv2%2Fproduct_brand&post=5714"},{"taxonomy":"product_cat","embeddable":true,"href":"https:\/\/lunzimalito.com\/index.php?rest_route=%2Fwp%2Fv2%2Fproduct_cat&post=5714"},{"taxonomy":"product_tag","embeddable":true,"href":"https:\/\/lunzimalito.com\/index.php?rest_route=%2Fwp%2Fv2%2Fproduct_tag&post=5714"}],"curies":[{"name":"wp","href":"https:\/\/api.w.org\/{rel}","templated":true}]}}