{"id":5709,"date":"2025-04-23T12:18:19","date_gmt":"2025-04-23T11:18:19","guid":{"rendered":"https:\/\/lunzimalito.com\/?product=damskie-spodnie-cudi-baggy-fit-2"},"modified":"2025-04-23T12:18:19","modified_gmt":"2025-04-23T11:18:19","slug":"damskie-spodnie-cudi-baggy-fit-2","status":"publish","type":"product","link":"https:\/\/lunzimalito.com\/?product=damskie-spodnie-cudi-baggy-fit-2","title":{"rendered":"Damskie spodnie CUDI BAGGY FIT"},"content":{"rendered":"<p class=\"\" data-start=\"540\" data-end=\"705\">Szukasz idealnego po\u0142\u0105czenia wygody i luzu? Przywitaj si\u0119 z <strong data-start=\"609\" data-end=\"641\">damskimi spodniami CUDI BAGGY FIT Pants<\/strong> &#8211; najlepszymi w lu\u017anej odzie\u017cy ulicznej z modnym akcentem. <\/p>\n<p class=\"\" data-start=\"707\" data-end=\"1011\">To nie s\u0105 tylko spodnie &#8211; to ca\u0142y klimat. Dzi\u0119ki lu\u017anej, oversize \u201eowej sylwetce i bezwysi\u0142kowemu, ch\u0142odnemu designowi, spodnie CUDI Baggy Fit Pants zapewniaj\u0105 modelowy wygl\u0105d poza s\u0142u\u017cb\u0105 przy zerowym wysi\u0142ku. Niezale\u017cnie od tego, czy po\u0142\u0105czysz je z crop topem, oversize\u201d ow\u0105 koszulk\u0105 czy bluz\u0105 z kapturem, od razu zyskasz niepowtarzalny styl.  <\/p>\n<p class=\"\" data-start=\"1013\" data-end=\"1346\">Wykonane z mi\u0119kkiego, oddychaj\u0105cego materia\u0142u z odpowiedni\u0105 ilo\u015bci\u0105 drapowania, poruszaj\u0105 si\u0119 z tob\u0105 przez ca\u0142y dzie\u0144 &#8211; bez sztywno\u015bci, bez \u015bciskania, po prostu czysta swoboda. Wysoka talia i obszerne nogawki zapewniaj\u0105 r\u00f3wnowag\u0119 i postaw\u0119, a subtelne detale, takie jak zszywane panele, g\u0142\u0119bokie kieszenie i elastyczne paski w talii, zapewniaj\u0105 \u015bwie\u017co\u015b\u0107 i funkcjonalno\u015b\u0107. <\/p>\n<p class=\"\" data-start=\"1348\" data-end=\"1586\">Od biegania na kaw\u0119 po swobodne spotkania, te spodnie s\u0105 stworzone do prawdziwych chwil z polotem gotowym na wybieg. Po\u0142\u0105cz je z trampkami, aby uzyska\u0107 estetyk\u0119 \u201ezbyt fajn\u0105, by si\u0119 ni\u0105 przejmowa\u0107\u201d, lub ubierz je z grubymi butami i dopasowan\u0105 marynark\u0105, aby uzyska\u0107 ostry kontrast. <\/p>\n<p class=\"\" data-start=\"1588\" data-end=\"1728\"><strong data-start=\"1588\" data-end=\"1620\">Damskie spodnie CUDI BAGGY FIT<\/strong> to co\u015b wi\u0119cej ni\u017c tylko trend &#8211; to Tw\u00f3j spos\u00f3b na odwa\u017cn\u0105, beztrosk\u0105 mod\u0119. Posiadaj swoj\u0105 przestrze\u0144. W\u0142asny styl.  <\/p>\n","protected":false},"excerpt":{"rendered":"<p>Szukasz idealnego po\u0142\u0105czenia wygody i luzu? Przywitaj si\u0119 z <strong data-start=\"609\" data-end=\"641\">damskimi spodniami CUDI BAGGY FIT Pants<\/strong> &#8211; najlepszymi w lu\u017anej odzie\u017cy ulicznej z modnym akcentem. <\/p>\n","protected":false},"featured_media":4675,"comment_status":"open","ping_status":"closed","template":"","meta":{"_joinchat":[]},"product_brand":[],"product_cat":[438,424,423,397,461,437,439,380],"product_tag":[381,436,378,422,395,377,396,406,376],"class_list":{"0":"post-5709","1":"product","2":"type-product","3":"status-publish","4":"has-post-thumbnail","6":"product_cat-deko-pl","7":"product_cat-dziewczece","8":"product_cat-moda-damska","9":"product_cat-moda-damska-relucky","10":"product_cat-pani","11":"product_cat-spodnie-besic","12":"product_cat-spodnie-dzinsowe","13":"product_cat-spodnie-ledis-besic","14":"product_tag-damskie","15":"product_tag-denim-pl","16":"product_tag-ledis-fashion-pl","17":"product_tag-lunzimalito-com-pl","18":"product_tag-marka","19":"product_tag-moda","20":"product_tag-moda-damska","21":"product_tag-swiat-mody","22":"product_tag-ubrania","24":"first","25":"instock","26":"sale","27":"shipping-taxable","28":"purchasable","29":"product-type-simple"},"_links":{"self":[{"href":"https:\/\/lunzimalito.com\/index.php?rest_route=\/wp\/v2\/product\/5709","targetHints":{"allow":["GET"]}}],"collection":[{"href":"https:\/\/lunzimalito.com\/index.php?rest_route=\/wp\/v2\/product"}],"about":[{"href":"https:\/\/lunzimalito.com\/index.php?rest_route=\/wp\/v2\/types\/product"}],"replies":[{"embeddable":true,"href":"https:\/\/lunzimalito.com\/index.php?rest_route=%2Fwp%2Fv2%2Fcomments&post=5709"}],"wp:featuredmedia":[{"embeddable":true,"href":"https:\/\/lunzimalito.com\/index.php?rest_route=\/wp\/v2\/media\/4675"}],"wp:attachment":[{"href":"https:\/\/lunzimalito.com\/index.php?rest_route=%2Fwp%2Fv2%2Fmedia&parent=5709"}],"wp:term":[{"taxonomy":"product_brand","embeddable":true,"href":"https:\/\/lunzimalito.com\/index.php?rest_route=%2Fwp%2Fv2%2Fproduct_brand&post=5709"},{"taxonomy":"product_cat","embeddable":true,"href":"https:\/\/lunzimalito.com\/index.php?rest_route=%2Fwp%2Fv2%2Fproduct_cat&post=5709"},{"taxonomy":"product_tag","embeddable":true,"href":"https:\/\/lunzimalito.com\/index.php?rest_route=%2Fwp%2Fv2%2Fproduct_tag&post=5709"}],"curies":[{"name":"wp","href":"https:\/\/api.w.org\/{rel}","templated":true}]}}