{"id":5704,"date":"2025-04-23T10:33:10","date_gmt":"2025-04-23T09:33:10","guid":{"rendered":"https:\/\/lunzimalito.com\/?product=damskie-spodnie-cudi-baggy-fit"},"modified":"2025-04-23T10:33:10","modified_gmt":"2025-04-23T09:33:10","slug":"damskie-spodnie-cudi-baggy-fit","status":"publish","type":"product","link":"https:\/\/lunzimalito.com\/?product=damskie-spodnie-cudi-baggy-fit","title":{"rendered":"Damskie spodnie CUDI BAGGY FIT"},"content":{"rendered":"<p class=\"\" data-start=\"540\" data-end=\"705\">Szukasz idealnego po\u0142\u0105czenia wygody i luzu? Przywitaj si\u0119 z <strong data-start=\"609\" data-end=\"641\">damskimi spodniami CUDI BAGGY FIT Pants<\/strong> &#8211; najlepszymi w lu\u017anej odzie\u017cy ulicznej z modnym akcentem. <\/p>\n<p class=\"\" data-start=\"707\" data-end=\"1011\">To nie s\u0105 tylko spodnie &#8211; to ca\u0142y klimat. Dzi\u0119ki lu\u017anej, oversize \u201eowej sylwetce i bezwysi\u0142kowemu, ch\u0142odnemu designowi, spodnie CUDI Baggy Fit Pants zapewniaj\u0105 modelowy wygl\u0105d poza s\u0142u\u017cb\u0105 przy zerowym wysi\u0142ku. Niezale\u017cnie od tego, czy po\u0142\u0105czysz je z crop topem, oversize\u201d ow\u0105 koszulk\u0105 czy bluz\u0105 z kapturem, od razu zyskasz niepowtarzalny styl.  <\/p>\n<p class=\"\" data-start=\"1013\" data-end=\"1346\">Wykonane z mi\u0119kkiego, oddychaj\u0105cego materia\u0142u z odpowiedni\u0105 ilo\u015bci\u0105 drapowania, poruszaj\u0105 si\u0119 z tob\u0105 przez ca\u0142y dzie\u0144 &#8211; bez sztywno\u015bci, bez \u015bciskania, po prostu czysta swoboda. Wysoka talia i obszerne nogawki zapewniaj\u0105 r\u00f3wnowag\u0119 i postaw\u0119, a subtelne detale, takie jak zszywane panele, g\u0142\u0119bokie kieszenie i elastyczne paski w talii, zapewniaj\u0105 \u015bwie\u017co\u015b\u0107 i funkcjonalno\u015b\u0107. <\/p>\n<p class=\"\" data-start=\"1348\" data-end=\"1586\">Od biegania na kaw\u0119 po swobodne spotkania, te spodnie s\u0105 stworzone do prawdziwych chwil z polotem gotowym na wybieg. Po\u0142\u0105cz je z trampkami, aby uzyska\u0107 estetyk\u0119 \u201ezbyt fajn\u0105, by si\u0119 ni\u0105 przejmowa\u0107\u201d, lub ubierz je z grubymi butami i dopasowan\u0105 marynark\u0105, aby uzyska\u0107 ostry kontrast. <\/p>\n","protected":false},"excerpt":{"rendered":"<p>Szukasz idealnego po\u0142\u0105czenia wygody i luzu? Przywitaj si\u0119 z <strong data-start=\"609\" data-end=\"641\">damskimi spodniami CUDI BAGGY FIT Pants<\/strong> &#8211; najlepszymi w lu\u017anej odzie\u017cy ulicznej z modnym akcentem <\/p>\n","protected":false},"featured_media":4666,"comment_status":"open","ping_status":"closed","template":"","meta":{"_joinchat":[]},"product_brand":[],"product_cat":[438,424,423,397,461,437,439,380],"product_tag":[436,378,422,395,377,396,406,376],"class_list":{"0":"post-5704","1":"product","2":"type-product","3":"status-publish","4":"has-post-thumbnail","6":"product_cat-deko-pl","7":"product_cat-dziewczece","8":"product_cat-moda-damska","9":"product_cat-moda-damska-relucky","10":"product_cat-pani","11":"product_cat-spodnie-besic","12":"product_cat-spodnie-dzinsowe","13":"product_cat-spodnie-ledis-besic","14":"product_tag-denim-pl","15":"product_tag-ledis-fashion-pl","16":"product_tag-lunzimalito-com-pl","17":"product_tag-marka","18":"product_tag-moda","19":"product_tag-moda-damska","20":"product_tag-swiat-mody","21":"product_tag-ubrania","23":"first","24":"instock","25":"sale","26":"shipping-taxable","27":"purchasable","28":"product-type-simple"},"_links":{"self":[{"href":"https:\/\/lunzimalito.com\/index.php?rest_route=\/wp\/v2\/product\/5704","targetHints":{"allow":["GET"]}}],"collection":[{"href":"https:\/\/lunzimalito.com\/index.php?rest_route=\/wp\/v2\/product"}],"about":[{"href":"https:\/\/lunzimalito.com\/index.php?rest_route=\/wp\/v2\/types\/product"}],"replies":[{"embeddable":true,"href":"https:\/\/lunzimalito.com\/index.php?rest_route=%2Fwp%2Fv2%2Fcomments&post=5704"}],"wp:featuredmedia":[{"embeddable":true,"href":"https:\/\/lunzimalito.com\/index.php?rest_route=\/wp\/v2\/media\/4666"}],"wp:attachment":[{"href":"https:\/\/lunzimalito.com\/index.php?rest_route=%2Fwp%2Fv2%2Fmedia&parent=5704"}],"wp:term":[{"taxonomy":"product_brand","embeddable":true,"href":"https:\/\/lunzimalito.com\/index.php?rest_route=%2Fwp%2Fv2%2Fproduct_brand&post=5704"},{"taxonomy":"product_cat","embeddable":true,"href":"https:\/\/lunzimalito.com\/index.php?rest_route=%2Fwp%2Fv2%2Fproduct_cat&post=5704"},{"taxonomy":"product_tag","embeddable":true,"href":"https:\/\/lunzimalito.com\/index.php?rest_route=%2Fwp%2Fv2%2Fproduct_tag&post=5704"}],"curies":[{"name":"wp","href":"https:\/\/api.w.org\/{rel}","templated":true}]}}