{"id":5702,"date":"2025-04-23T09:08:59","date_gmt":"2025-04-23T08:08:59","guid":{"rendered":"https:\/\/lunzimalito.com\/?product=damskie-jeansy-na-co-dzien-pozitif"},"modified":"2025-04-23T09:08:59","modified_gmt":"2025-04-23T08:08:59","slug":"damskie-jeansy-na-co-dzien-pozitif","status":"publish","type":"product","link":"https:\/\/lunzimalito.com\/?product=damskie-jeansy-na-co-dzien-pozitif","title":{"rendered":"Damskie jeansy na co dzie\u0144 POZITIF"},"content":{"rendered":"<p class=\"\" data-start=\"530\" data-end=\"829\">Je\u015bli stawiasz na <strong data-start=\"550\" data-end=\"591\">niewymuszony styl i wygod\u0119 przez ca\u0142y dzie\u0144<\/strong>, to <strong data-start=\"598\" data-end=\"630\">damskie d\u017cinsy casualowe POZITIF<\/strong> zas\u0142uguj\u0105 na miejsce w pierwszym rz\u0119dzie w Twojej garderobie. Zaprojektowane z my\u015bl\u0105 o nowoczesnej kobiecie w ruchu, te d\u017cinsy \u0142\u0105cz\u0105 klasyczny d\u017cinsowy urok ze swobodnym, swobodnym klimatem, kt\u00f3ry jest odpowiedni na ka\u017cdy dzie\u0144 tygodnia. <\/p>\n<p class=\"\" data-start=\"831\" data-end=\"1242\">Niezale\u017cnie od tego, czy wybierasz si\u0119 na brunch, za\u0142atwiasz sprawy, czy odpoczywasz z przyjaci\u00f3\u0142mi, d\u017cinsy POZITIF s\u0105 idealnym partnerem w stylu. Wykonane z mi\u0119kkiego, oddychaj\u0105cego d\u017cinsu, kt\u00f3ry rozci\u0105ga si\u0119 wystarczaj\u0105co, oferuj\u0105 pochlebne dopasowanie bez uczucia obcis\u0142ego lub ograniczaj\u0105cego. Wysokiej jako\u015bci szwy i przemy\u015blane detale, takie jak \u015bredni stan, pojemne kieszenie i g\u0142adkie zapi\u0119cia na guziki, sprawiaj\u0105, \u017ce s\u0105 one zar\u00f3wno funkcjonalne, jak i modne.  <\/p>\n<p class=\"\" data-start=\"1244\" data-end=\"1513\">Dost\u0119pne w r\u00f3\u017cnych odcieniach od jasnoniebieskiego do g\u0142\u0119bokiego indygo, te swobodne d\u017cinsy bez wysi\u0142ku \u0142\u0105cz\u0105 si\u0119 ze wszystkim, co masz w szafie. Za\u0142\u00f3\u017c je do podstawowej koszulki i trampek, aby uzyska\u0107 prosty wygl\u0105d w ci\u0105gu dnia, lub ubierz je w eleganck\u0105 bluzk\u0119 i botki na swobodne wieczory. <\/p>\n<p class=\"\" data-start=\"1515\" data-end=\"1664\">Prosty. Stylowy. Niezawodne. <strong data-start=\"1542\" data-end=\"1574\">Jeansy damskie POZITIF<\/strong> to doskona\u0142y wyb\u00f3r, gdy chcesz czu\u0107 si\u0119 pewnie, komfortowo i w pe\u0142ni sob\u0105.  <\/p>\n","protected":false},"excerpt":{"rendered":"<p class=\"\" data-start=\"1515\" data-end=\"1664\">Prosty. Stylowy. Niezawodne. <strong data-start=\"1542\" data-end=\"1574\">Jeansy damskie POZITIF<\/strong> to doskona\u0142y wyb\u00f3r, gdy chcesz czu\u0107 si\u0119 pewnie, komfortowo i w pe\u0142ni sob\u0105.  <\/p>\n","protected":false},"featured_media":4648,"comment_status":"open","ping_status":"closed","template":"","meta":{"_joinchat":[]},"product_brand":[],"product_cat":[438,424,423,397,461,437,439,380],"product_tag":[436,378,422,395,377,396,406,376],"class_list":{"0":"post-5702","1":"product","2":"type-product","3":"status-publish","4":"has-post-thumbnail","6":"product_cat-deko-pl","7":"product_cat-dziewczece","8":"product_cat-moda-damska","9":"product_cat-moda-damska-relucky","10":"product_cat-pani","11":"product_cat-spodnie-besic","12":"product_cat-spodnie-dzinsowe","13":"product_cat-spodnie-ledis-besic","14":"product_tag-denim-pl","15":"product_tag-ledis-fashion-pl","16":"product_tag-lunzimalito-com-pl","17":"product_tag-marka","18":"product_tag-moda","19":"product_tag-moda-damska","20":"product_tag-swiat-mody","21":"product_tag-ubrania","23":"first","24":"instock","25":"sale","26":"shipping-taxable","27":"purchasable","28":"product-type-simple"},"_links":{"self":[{"href":"https:\/\/lunzimalito.com\/index.php?rest_route=\/wp\/v2\/product\/5702","targetHints":{"allow":["GET"]}}],"collection":[{"href":"https:\/\/lunzimalito.com\/index.php?rest_route=\/wp\/v2\/product"}],"about":[{"href":"https:\/\/lunzimalito.com\/index.php?rest_route=\/wp\/v2\/types\/product"}],"replies":[{"embeddable":true,"href":"https:\/\/lunzimalito.com\/index.php?rest_route=%2Fwp%2Fv2%2Fcomments&post=5702"}],"wp:featuredmedia":[{"embeddable":true,"href":"https:\/\/lunzimalito.com\/index.php?rest_route=\/wp\/v2\/media\/4648"}],"wp:attachment":[{"href":"https:\/\/lunzimalito.com\/index.php?rest_route=%2Fwp%2Fv2%2Fmedia&parent=5702"}],"wp:term":[{"taxonomy":"product_brand","embeddable":true,"href":"https:\/\/lunzimalito.com\/index.php?rest_route=%2Fwp%2Fv2%2Fproduct_brand&post=5702"},{"taxonomy":"product_cat","embeddable":true,"href":"https:\/\/lunzimalito.com\/index.php?rest_route=%2Fwp%2Fv2%2Fproduct_cat&post=5702"},{"taxonomy":"product_tag","embeddable":true,"href":"https:\/\/lunzimalito.com\/index.php?rest_route=%2Fwp%2Fv2%2Fproduct_tag&post=5702"}],"curies":[{"name":"wp","href":"https:\/\/api.w.org\/{rel}","templated":true}]}}