{"id":5701,"date":"2025-04-23T08:46:03","date_gmt":"2025-04-23T07:46:03","guid":{"rendered":"https:\/\/lunzimalito.com\/?product=jeansy-pink-girl"},"modified":"2025-04-23T08:46:03","modified_gmt":"2025-04-23T07:46:03","slug":"jeansy-pink-girl","status":"publish","type":"product","link":"https:\/\/lunzimalito.com\/?product=jeansy-pink-girl","title":{"rendered":"Jeansy Pink Girl"},"content":{"rendered":"<p class=\"\" data-start=\"525\" data-end=\"801\">Chcesz doda\u0107 do swojej garderoby odrobin\u0119 osobowo\u015bci? <strong data-start=\"579\" data-end=\"598\">D\u017cinsy Pink Girl<\/strong> to idealne po\u0142\u0105czenie uroku, pewno\u015bci siebie i modnego stylu. To nie s\u0105 zwyk\u0142e niebieskie d\u017cinsy &#8211; te d\u017cinsy wnosz\u0105 zabawny, zalotny klimat do ka\u017cdego stroju dzi\u0119ki uroczym rumianym odcieniom i odwa\u017cnym r\u00f3\u017cowym odcieniom. <\/p>\n<p class=\"\" data-start=\"803\" data-end=\"1071\">Dost\u0119pne w r\u00f3\u017cnych stylach, od skinny z wysokim stanem po szerokie nogawki, r\u00f3\u017cowe d\u017cinsy s\u0105 idealne dla dziewczyn, kt\u00f3re uwielbiaj\u0105 si\u0119 wyr\u00f3\u017cnia\u0107. Po\u0142\u0105cz je z bia\u0142ym crop topem i trampkami, aby uzyska\u0107 lu\u017any wygl\u0105d, lub ubierz je w koronkow\u0105 bluzk\u0119 i szpilki na brunch z dziewczynami. <\/p>\n<p class=\"\" data-start=\"1073\" data-end=\"1418\">Niezale\u017cnie od tego, czy masz na sobie gor\u0105cy r\u00f3\u017c, r\u00f3\u017c, pastel, czy nawet odcienie gumy balonowej, r\u00f3\u017cowe d\u017cinsy dziewcz\u0119ce oferuj\u0105 najlepsze po\u0142\u0105czenie wygody i stylu. Mi\u0119kki, elastyczny materia\u0142 zapewnia swobod\u0119 ruch\u00f3w, a dopasowane kroje dopasowuj\u0105 si\u0119 do ka\u017cdego typu sylwetki. Ponadto, dzi\u0119ki dodatkowym detalom, takim jak postrz\u0119pione obszycia, podarte kolana lub kieszenie w kszta\u0142cie serca, ju\u017c nigdy nie poczujesz si\u0119 nudna.  <\/p>\n<p class=\"\" data-start=\"1420\" data-end=\"1567\">\n","protected":false},"excerpt":{"rendered":"<p class=\"\" data-start=\"1420\" data-end=\"1567\">R\u00f3\u017cowe d\u017cinsy dziewcz\u0119ce to co\u015b wi\u0119cej ni\u017c tylko moda &#8211; to wyraz \u017cartobliwej pewno\u015bci siebie. Gotowa, by nada\u0107 swojemu wygl\u0105dowi charakteru? <\/p>\n","protected":false},"featured_media":4639,"comment_status":"open","ping_status":"closed","template":"","meta":{"_joinchat":[]},"product_brand":[],"product_cat":[438,424,423,397,461,437,439],"product_tag":[436,378,422,395,377,396,406,376],"class_list":{"0":"post-5701","1":"product","2":"type-product","3":"status-publish","4":"has-post-thumbnail","6":"product_cat-deko-pl","7":"product_cat-dziewczece","8":"product_cat-moda-damska","9":"product_cat-moda-damska-relucky","10":"product_cat-pani","11":"product_cat-spodnie-besic","12":"product_cat-spodnie-dzinsowe","13":"product_tag-denim-pl","14":"product_tag-ledis-fashion-pl","15":"product_tag-lunzimalito-com-pl","16":"product_tag-marka","17":"product_tag-moda","18":"product_tag-moda-damska","19":"product_tag-swiat-mody","20":"product_tag-ubrania","22":"first","23":"instock","24":"sale","25":"shipping-taxable","26":"purchasable","27":"product-type-simple"},"_links":{"self":[{"href":"https:\/\/lunzimalito.com\/index.php?rest_route=\/wp\/v2\/product\/5701","targetHints":{"allow":["GET"]}}],"collection":[{"href":"https:\/\/lunzimalito.com\/index.php?rest_route=\/wp\/v2\/product"}],"about":[{"href":"https:\/\/lunzimalito.com\/index.php?rest_route=\/wp\/v2\/types\/product"}],"replies":[{"embeddable":true,"href":"https:\/\/lunzimalito.com\/index.php?rest_route=%2Fwp%2Fv2%2Fcomments&post=5701"}],"wp:featuredmedia":[{"embeddable":true,"href":"https:\/\/lunzimalito.com\/index.php?rest_route=\/wp\/v2\/media\/4639"}],"wp:attachment":[{"href":"https:\/\/lunzimalito.com\/index.php?rest_route=%2Fwp%2Fv2%2Fmedia&parent=5701"}],"wp:term":[{"taxonomy":"product_brand","embeddable":true,"href":"https:\/\/lunzimalito.com\/index.php?rest_route=%2Fwp%2Fv2%2Fproduct_brand&post=5701"},{"taxonomy":"product_cat","embeddable":true,"href":"https:\/\/lunzimalito.com\/index.php?rest_route=%2Fwp%2Fv2%2Fproduct_cat&post=5701"},{"taxonomy":"product_tag","embeddable":true,"href":"https:\/\/lunzimalito.com\/index.php?rest_route=%2Fwp%2Fv2%2Fproduct_tag&post=5701"}],"curies":[{"name":"wp","href":"https:\/\/api.w.org\/{rel}","templated":true}]}}