{"id":5698,"date":"2025-04-23T08:46:03","date_gmt":"2025-04-23T07:46:03","guid":{"rendered":"https:\/\/lunzimalito.com\/?product=jeans-pink-girl"},"modified":"2025-04-23T08:46:03","modified_gmt":"2025-04-23T07:46:03","slug":"jeans-pink-girl","status":"publish","type":"product","link":"https:\/\/lunzimalito.com\/?product=jeans-pink-girl","title":{"rendered":"Jeans Pink Girl"},"content":{"rendered":"<p class=\"\" data-start=\"525\" data-end=\"801\">Vous cherchez \u00e0 ajouter une touche de personnalit\u00e9 \u00e0 votre garde-robe ? Les <strong data-start=\"579\" data-end=\"598\">jeans Pink Girl<\/strong> sont le m\u00e9lange parfait de mignonet\u00e9, d&#8217;assurance et de tendance. Il ne s&#8217;agit pas d&#8217;un simple jean bleu, mais d&#8217;un jean qui apporte une touche amusante et flirteuse \u00e0 n&#8217;importe quelle tenue gr\u00e2ce \u00e0 ses charmants tons blush et \u00e0 ses nuances de rose audacieuses. <\/p>\n<p class=\"\" data-start=\"803\" data-end=\"1071\">Disponibles dans une gamme de styles allant des skinnies \u00e0 taille haute aux coupes \u00e0 jambes larges, les jeans roses sont parfaits pour les filles qui aiment se d\u00e9marquer. Associez-le \u00e0 un top blanc et \u00e0 des baskets pour un look d\u00e9contract\u00e9, ou habillez-le avec un chemisier en dentelle et des talons pour un brunch entre filles. <\/p>\n<p class=\"\" data-start=\"1073\" data-end=\"1418\">Que vous soyez rose vif, rose, pastel ou m\u00eame bubblegum, les jeans roses pour filles offrent la combinaison ultime de confort et de style. Le tissu doux et extensible vous permet de bouger librement, tandis que les coupes ajust\u00e9es flattent toutes les morphologies. De plus, avec des d\u00e9tails suppl\u00e9mentaires comme des ourlets effiloch\u00e9s, des genoux d\u00e9chir\u00e9s ou des poches en forme de c\u0153ur, vous ne vous sentirez plus jamais ennuy\u00e9e.  <\/p>\n<p class=\"\" data-start=\"1420\" data-end=\"1567\">\n","protected":false},"excerpt":{"rendered":"<p class=\"\" data-start=\"1420\" data-end=\"1567\">Les jeans roses pour filles sont plus qu&#8217;une simple mode &#8211; ils sont une d\u00e9claration de confiance enjou\u00e9e. Pr\u00eate \u00e0 donner de l&#8217;\u00e9clat \u00e0 votre look ? <\/p>\n","protected":false},"featured_media":4638,"comment_status":"open","ping_status":"closed","template":"","meta":{"_joinchat":[]},"product_brand":[],"product_cat":[463,452,421,420,428,451,391],"product_tag":[453,383,394,384,419,389,390,382],"class_list":{"0":"post-5698","1":"product","2":"type-product","3":"status-publish","4":"has-post-thumbnail","6":"product_cat-dame","7":"product_cat-deko-fr","8":"product_cat-filles","9":"product_cat-mode-feminine","10":"product_cat-pantalon-besic","11":"product_cat-pantalon-en-jean","12":"product_cat-relucky-mode-pour-femmes","13":"product_tag-denim-fr","14":"product_tag-la-mode","15":"product_tag-le-monde-de-la-mode","16":"product_tag-ledis-fashion-fr","17":"product_tag-lunzimalito-com-fr","18":"product_tag-marque","19":"product_tag-mode-femmes","20":"product_tag-vetements","22":"first","23":"instock","24":"sale","25":"shipping-taxable","26":"purchasable","27":"product-type-simple"},"_links":{"self":[{"href":"https:\/\/lunzimalito.com\/index.php?rest_route=\/wp\/v2\/product\/5698","targetHints":{"allow":["GET"]}}],"collection":[{"href":"https:\/\/lunzimalito.com\/index.php?rest_route=\/wp\/v2\/product"}],"about":[{"href":"https:\/\/lunzimalito.com\/index.php?rest_route=\/wp\/v2\/types\/product"}],"replies":[{"embeddable":true,"href":"https:\/\/lunzimalito.com\/index.php?rest_route=%2Fwp%2Fv2%2Fcomments&post=5698"}],"wp:featuredmedia":[{"embeddable":true,"href":"https:\/\/lunzimalito.com\/index.php?rest_route=\/wp\/v2\/media\/4638"}],"wp:attachment":[{"href":"https:\/\/lunzimalito.com\/index.php?rest_route=%2Fwp%2Fv2%2Fmedia&parent=5698"}],"wp:term":[{"taxonomy":"product_brand","embeddable":true,"href":"https:\/\/lunzimalito.com\/index.php?rest_route=%2Fwp%2Fv2%2Fproduct_brand&post=5698"},{"taxonomy":"product_cat","embeddable":true,"href":"https:\/\/lunzimalito.com\/index.php?rest_route=%2Fwp%2Fv2%2Fproduct_cat&post=5698"},{"taxonomy":"product_tag","embeddable":true,"href":"https:\/\/lunzimalito.com\/index.php?rest_route=%2Fwp%2Fv2%2Fproduct_tag&post=5698"}],"curies":[{"name":"wp","href":"https:\/\/api.w.org\/{rel}","templated":true}]}}