{"id":5692,"date":"2025-04-23T06:25:52","date_gmt":"2025-04-23T05:25:52","guid":{"rendered":"https:\/\/lunzimalito.com\/?product=lady-trendy-w-modzie-jeansowej"},"modified":"2025-04-23T06:25:52","modified_gmt":"2025-04-23T05:25:52","slug":"lady-trendy-w-modzie-jeansowej","status":"publish","type":"product","link":"https:\/\/lunzimalito.com\/?product=lady-trendy-w-modzie-jeansowej","title":{"rendered":"LADY Trendy w modzie jeansowej"},"content":{"rendered":"<p>D\u017cinsy: ten jeden element mody, kt\u00f3ry nigdy si\u0119 nie starzeje. Od szaf nastolatk\u00f3w po szuflady bab\u0107, ka\u017cdy posiada co najmniej jedn\u0105 par\u0119. A je\u015bli jeste\u015b kobiet\u0105, kt\u00f3ra stara si\u0119 nad\u0105\u017cy\u0107 za trendami, gra w d\u017cinsy jest teraz bardziej ekscytuj\u0105ca ni\u017c kiedykolwiek.  <\/p>\n<p>D\u017cinsy s\u0105 jak chleb powszedni ka\u017cdej garderoby. S\u0105 \u0142atwe w stylizacji, uniwersalne na ka\u017cd\u0105 okazj\u0119 i dost\u0119pne w niezliczonych kszta\u0142tach i odcieniach. Niezale\u017cnie od tego, czy stawiasz na luz i wygod\u0119, czy na elegancj\u0119 i seksapil, jeansy s\u0105 dla Ciebie.  <\/p>\n<p>Marki takie jak Levi&#8217;s Water&lt;Less, Everlane i Nudie Jeans zmniejszaj\u0105 zu\u017cycie wody i promuj\u0105 etyczne praktyki pracy.<\/p>\n","protected":false},"excerpt":{"rendered":"<p>Wi\u0119c, co jest najwa\u017cniejsze? Denim to co\u015b wi\u0119cej ni\u017c tylko materia\u0142 &#8211; to klimat, styl \u017cycia i spos\u00f3b na wyra\u017cenie siebie. Niezale\u017cnie od tego, czy lubisz eleganckie skinny, czy wyluzowane jeansy mom, ka\u017cda kobieta znajdzie co\u015b dla siebie. A co najlepsze? Mo\u017cesz miesza\u0107, dopasowywa\u0107 i tworzy\u0107 w\u0142asne stylizacje. Wi\u0119c \u015bmia\u0142o, chwy\u0107 swoj\u0105 ulubion\u0105 par\u0119 i rozkr\u0119\u0107 sw\u00f3j \u015bwiat &#8211; krok po kroku.     <\/p>\n","protected":false},"featured_media":4630,"comment_status":"open","ping_status":"closed","template":"","meta":{"_joinchat":[]},"product_brand":[],"product_cat":[438,424,423,397,461,437,439,380],"product_tag":[436,378,422,395,377,396,406,376],"class_list":{"0":"post-5692","1":"product","2":"type-product","3":"status-publish","4":"has-post-thumbnail","6":"product_cat-deko-pl","7":"product_cat-dziewczece","8":"product_cat-moda-damska","9":"product_cat-moda-damska-relucky","10":"product_cat-pani","11":"product_cat-spodnie-besic","12":"product_cat-spodnie-dzinsowe","13":"product_cat-spodnie-ledis-besic","14":"product_tag-denim-pl","15":"product_tag-ledis-fashion-pl","16":"product_tag-lunzimalito-com-pl","17":"product_tag-marka","18":"product_tag-moda","19":"product_tag-moda-damska","20":"product_tag-swiat-mody","21":"product_tag-ubrania","23":"first","24":"instock","25":"sale","26":"shipping-taxable","27":"purchasable","28":"product-type-simple"},"_links":{"self":[{"href":"https:\/\/lunzimalito.com\/index.php?rest_route=\/wp\/v2\/product\/5692","targetHints":{"allow":["GET"]}}],"collection":[{"href":"https:\/\/lunzimalito.com\/index.php?rest_route=\/wp\/v2\/product"}],"about":[{"href":"https:\/\/lunzimalito.com\/index.php?rest_route=\/wp\/v2\/types\/product"}],"replies":[{"embeddable":true,"href":"https:\/\/lunzimalito.com\/index.php?rest_route=%2Fwp%2Fv2%2Fcomments&post=5692"}],"wp:featuredmedia":[{"embeddable":true,"href":"https:\/\/lunzimalito.com\/index.php?rest_route=\/wp\/v2\/media\/4630"}],"wp:attachment":[{"href":"https:\/\/lunzimalito.com\/index.php?rest_route=%2Fwp%2Fv2%2Fmedia&parent=5692"}],"wp:term":[{"taxonomy":"product_brand","embeddable":true,"href":"https:\/\/lunzimalito.com\/index.php?rest_route=%2Fwp%2Fv2%2Fproduct_brand&post=5692"},{"taxonomy":"product_cat","embeddable":true,"href":"https:\/\/lunzimalito.com\/index.php?rest_route=%2Fwp%2Fv2%2Fproduct_cat&post=5692"},{"taxonomy":"product_tag","embeddable":true,"href":"https:\/\/lunzimalito.com\/index.php?rest_route=%2Fwp%2Fv2%2Fproduct_tag&post=5692"}],"curies":[{"name":"wp","href":"https:\/\/api.w.org\/{rel}","templated":true}]}}