{"id":5691,"date":"2025-04-17T07:24:25","date_gmt":"2025-04-17T06:24:25","guid":{"rendered":"https:\/\/lunzimalito.com\/?product=hommes-bella-denim"},"modified":"2025-04-17T07:24:25","modified_gmt":"2025-04-17T06:24:25","slug":"hommes-bella-denim","status":"publish","type":"product","link":"https:\/\/lunzimalito.com\/?product=hommes-bella-denim","title":{"rendered":"Hommes Bella Denim"},"content":{"rendered":"<p class=\"\" data-start=\"3252\" data-end=\"3389\">Bella Denim utilise des m\u00e9langes de coton de qualit\u00e9 sup\u00e9rieure, con\u00e7us pour \u00eatre doux, extensibles et respirants. Vous obtenez un jean qui bouge avec vous, pas contre vous. <\/p>\n<h4 class=\"\" data-start=\"3391\" data-end=\"3437\"><strong data-start=\"3396\" data-end=\"3437\">Fabrication durable et \u00e9thique<\/strong><\/h4>\n<p class=\"\" data-start=\"3439\" data-end=\"3601\">Prendre soin de la plan\u00e8te n&#8217;est pas seulement une tendance. Bella s&#8217;approvisionne en mat\u00e9riaux de mani\u00e8re responsable et veille \u00e0 ce que les pratiques de travail soient \u00e9thiques. Soyez beaux, sentez-vous bien, litt\u00e9ralement et moralement.  <\/p>\n<h4 class=\"\" data-start=\"3603\" data-end=\"3639\"><strong data-start=\"3608\" data-end=\"3639\">Une coupe sur mesure pour les hommes modernes<\/strong><\/h4>\n<p class=\"\" data-start=\"3641\" data-end=\"3832\">Ces jeans n&#8217;ont rien \u00e0 voir avec les jeans baggy de votre p\u00e8re. Les mod\u00e8les de Bella flattent les formes masculines sans les restreindre. Ils sont taill\u00e9s pour s&#8217;adapter parfaitement \u00e0 votre morphologie, que vous soyez mince, muscl\u00e9 ou entre les deux.  <\/p>\n","protected":false},"excerpt":{"rendered":"<p>Fabriqu\u00e9 \u00e0 l&#8217;origine pour les mineurs et les ouvriers dans les ann\u00e9es 1800, le denim a \u00e9t\u00e9 con\u00e7u pour \u00eatre r\u00e9sistant. Au fil des d\u00e9cennies, il est pass\u00e9 du statut d&#8217;uniforme robuste \u00e0 celui d&#8217;\u00e9l\u00e9ment essentiel de la garde-robe. Aujourd&#8217;hui, le denim est une ic\u00f4ne mondiale du style, et Bella Denim en est la derni\u00e8re \u00e9volution.  <\/p>\n","protected":false},"featured_media":4326,"comment_status":"open","ping_status":"closed","template":"","meta":{"_joinchat":[]},"product_brand":[],"product_cat":[451],"product_tag":[453,456,383,389,382],"class_list":{"0":"post-5691","1":"product","2":"type-product","3":"status-publish","4":"has-post-thumbnail","6":"product_cat-pantalon-en-jean","7":"product_tag-denim-fr","8":"product_tag-hommes","9":"product_tag-la-mode","10":"product_tag-marque","11":"product_tag-vetements","13":"first","14":"instock","15":"sale","16":"shipping-taxable","17":"purchasable","18":"product-type-simple"},"_links":{"self":[{"href":"https:\/\/lunzimalito.com\/index.php?rest_route=\/wp\/v2\/product\/5691","targetHints":{"allow":["GET"]}}],"collection":[{"href":"https:\/\/lunzimalito.com\/index.php?rest_route=\/wp\/v2\/product"}],"about":[{"href":"https:\/\/lunzimalito.com\/index.php?rest_route=\/wp\/v2\/types\/product"}],"replies":[{"embeddable":true,"href":"https:\/\/lunzimalito.com\/index.php?rest_route=%2Fwp%2Fv2%2Fcomments&post=5691"}],"wp:featuredmedia":[{"embeddable":true,"href":"https:\/\/lunzimalito.com\/index.php?rest_route=\/wp\/v2\/media\/4326"}],"wp:attachment":[{"href":"https:\/\/lunzimalito.com\/index.php?rest_route=%2Fwp%2Fv2%2Fmedia&parent=5691"}],"wp:term":[{"taxonomy":"product_brand","embeddable":true,"href":"https:\/\/lunzimalito.com\/index.php?rest_route=%2Fwp%2Fv2%2Fproduct_brand&post=5691"},{"taxonomy":"product_cat","embeddable":true,"href":"https:\/\/lunzimalito.com\/index.php?rest_route=%2Fwp%2Fv2%2Fproduct_cat&post=5691"},{"taxonomy":"product_tag","embeddable":true,"href":"https:\/\/lunzimalito.com\/index.php?rest_route=%2Fwp%2Fv2%2Fproduct_tag&post=5691"}],"curies":[{"name":"wp","href":"https:\/\/api.w.org\/{rel}","templated":true}]}}