{"id":5688,"date":"2025-04-22T11:52:44","date_gmt":"2025-04-22T10:52:44","guid":{"rendered":"https:\/\/lunzimalito.com\/?product=dziewczeta-ladyn-sqrit-fashion"},"modified":"2025-04-22T11:52:44","modified_gmt":"2025-04-22T10:52:44","slug":"dziewczeta-ladyn-sqrit-fashion","status":"publish","type":"product","link":"https:\/\/lunzimalito.com\/?product=dziewczeta-ladyn-sqrit-fashion","title":{"rendered":"Dziewcz\u0119ta LadyN Sqrit Fashion"},"content":{"rendered":"<p>Girls LadyN Sqrit Fashion wydaje si\u0119 odnosi\u0107 do stylu lub koncepcji marki zwi\u0105zanej z mod\u0105 dziewcz\u0119c\u0105, prawdopodobnie inspirowan\u0105 zabawnymi, m\u0142odzie\u017cowymi lub charakterystycznymi projektami. Chocia\u017c w wynikach wyszukiwania nie ma bezpo\u015brednich informacji na temat marki lub kolekcji o nazwie \u201eGirls LadyN Sqrit Fashion\u201d, najbli\u017cszym odpowiednim przyk\u0142adem jest \u201eSquirt Fashion T-Shirt for Girls\u201d ze sklepu Disney Store, kt\u00f3ry przedstawia Squirt, posta\u0107 \u017c\u00f3\u0142wia morskiego z filmu Disneya i Pixara \u201e<em>Finding Nemo<\/em>\u201d. Ta koszulka jest opisywana jako modny, swobodny element z nakrapianym materia\u0142em, \u017cyw\u0105 kolorow\u0105 grafik\u0105, wi\u0105zanym do\u0142em, kr\u00f3tkimi r\u0119kawami i dekoltem w szpic, \u0142\u0105cz\u0105c wygod\u0119 z zabawnym, m\u0142odzie\u0144czym stylem inspirowanym ukochan\u0105 postaci\u0105 animowan\u0105.  <\/p>\n<p>Je\u015bli \u201eLadyN\u201d i \u201eSqrit\u201d maj\u0105 by\u0107 elementami stylistyki lub marki, mog\u0105 przywo\u0142ywa\u0107 na my\u015bl \u015bwie\u017cy, energiczny i zabawny klimat mody dla dziewcz\u0105t, \u0142\u0105cz\u0105c jasn\u0105, graficzn\u0105 odzie\u017c ze swobodnymi, wygodnymi krojami odpowiednimi do noszenia na co dzie\u0144. Taka moda cz\u0119sto podkre\u015bla \u017cywe nadruki, motywy postaci i lu\u017ane kroje, kt\u00f3re przemawiaj\u0105 do gust\u00f3w m\u0142odych dziewcz\u0105t i aktywnego stylu \u017cycia <\/p>\n<p>Podsumowuj\u0105c, \u201eGirls LadyN Sqrit Fashion\u201d prawdopodobnie oznacza m\u0142odzie\u0144czy, inspirowany postaciami styl mody dla dziewcz\u0105t, kt\u00f3rego przyk\u0142adem s\u0105 przedmioty takie jak koszulka Disney Squirt, kt\u00f3re \u0142\u0105cz\u0105 zabawn\u0105 grafik\u0119 z wygodnymi, modnymi wzorami<span class=\"whitespace-nowrap\">.<\/span> Bez dalszych szczeg\u00f3\u0142\u00f3w opis ten najlepiej pasuje do dost\u0119pnych informacji.<\/p>\n","protected":false},"excerpt":{"rendered":"<p class=\"my-0\">\u201eLadyN\u201d i \u201eSqrit\u201d s\u0105 przeznaczone jako elementy stylistyczne lub elementy marki, mog\u0105 przywo\u0142ywa\u0107 \u015bwie\u017cy, energiczny i zabawny klimat mody dla dziewcz\u0105t, \u0142\u0105cz\u0105c jasn\u0105, graficzn\u0105 odzie\u017c z swobodnymi, wygodnymi krojami odpowiednimi do noszenia na co dzie\u0144. Taka moda cz\u0119sto podkre\u015bla \u017cywe nadruki, motywy postaci i lu\u017ane kroje, kt\u00f3re przemawiaj\u0105 do gust\u00f3w m\u0142odych dziewcz\u0105t i aktywnego stylu \u017cycia. <\/p>\n<p class=\"my-0\">\n","protected":false},"featured_media":4612,"comment_status":"open","ping_status":"closed","template":"","meta":{"_joinchat":[]},"product_brand":[],"product_cat":[438,424,423,397,437,439,380],"product_tag":[436,378,422,395,377,396,406,376],"class_list":{"0":"post-5688","1":"product","2":"type-product","3":"status-publish","4":"has-post-thumbnail","6":"product_cat-deko-pl","7":"product_cat-dziewczece","8":"product_cat-moda-damska","9":"product_cat-moda-damska-relucky","10":"product_cat-spodnie-besic","11":"product_cat-spodnie-dzinsowe","12":"product_cat-spodnie-ledis-besic","13":"product_tag-denim-pl","14":"product_tag-ledis-fashion-pl","15":"product_tag-lunzimalito-com-pl","16":"product_tag-marka","17":"product_tag-moda","18":"product_tag-moda-damska","19":"product_tag-swiat-mody","20":"product_tag-ubrania","22":"first","23":"instock","24":"sale","25":"shipping-taxable","26":"purchasable","27":"product-type-simple"},"_links":{"self":[{"href":"https:\/\/lunzimalito.com\/index.php?rest_route=\/wp\/v2\/product\/5688","targetHints":{"allow":["GET"]}}],"collection":[{"href":"https:\/\/lunzimalito.com\/index.php?rest_route=\/wp\/v2\/product"}],"about":[{"href":"https:\/\/lunzimalito.com\/index.php?rest_route=\/wp\/v2\/types\/product"}],"replies":[{"embeddable":true,"href":"https:\/\/lunzimalito.com\/index.php?rest_route=%2Fwp%2Fv2%2Fcomments&post=5688"}],"wp:featuredmedia":[{"embeddable":true,"href":"https:\/\/lunzimalito.com\/index.php?rest_route=\/wp\/v2\/media\/4612"}],"wp:attachment":[{"href":"https:\/\/lunzimalito.com\/index.php?rest_route=%2Fwp%2Fv2%2Fmedia&parent=5688"}],"wp:term":[{"taxonomy":"product_brand","embeddable":true,"href":"https:\/\/lunzimalito.com\/index.php?rest_route=%2Fwp%2Fv2%2Fproduct_brand&post=5688"},{"taxonomy":"product_cat","embeddable":true,"href":"https:\/\/lunzimalito.com\/index.php?rest_route=%2Fwp%2Fv2%2Fproduct_cat&post=5688"},{"taxonomy":"product_tag","embeddable":true,"href":"https:\/\/lunzimalito.com\/index.php?rest_route=%2Fwp%2Fv2%2Fproduct_tag&post=5688"}],"curies":[{"name":"wp","href":"https:\/\/api.w.org\/{rel}","templated":true}]}}