{"id":5675,"date":"2025-04-17T14:47:14","date_gmt":"2025-04-17T13:47:14","guid":{"rendered":"https:\/\/lunzimalito.com\/?product=kolekcja-spodni-moon-girls-fashion"},"modified":"2025-04-17T14:47:14","modified_gmt":"2025-04-17T13:47:14","slug":"kolekcja-spodni-moon-girls-fashion","status":"publish","type":"product","link":"https:\/\/lunzimalito.com\/?product=kolekcja-spodni-moon-girls-fashion","title":{"rendered":"Kolekcja spodni Moon Girls Fashion"},"content":{"rendered":"<p class=\"\" data-start=\"152\" data-end=\"457\"><strong data-start=\"215\" data-end=\"253\">Moon Girls Fashion Pant Collection<\/strong> &#8211; gdzie figlarny urok spotyka si\u0119 z codziennym stylem. Zaprojektowana dla dziewcz\u0105t, kt\u00f3re uwielbiaj\u0105 si\u0119 wyr\u00f3\u017cnia\u0107, kolekcja ta zawiera modne kroje, mi\u0119kkie tkaniny i przyci\u0105gaj\u0105ce wzrok detale, kt\u00f3re dodaj\u0105 pewno\u015bci siebie na ka\u017cdym kroku. <\/p>\n<p class=\"\" data-start=\"459\" data-end=\"732\">Od eleganckich rozkloszowanych i zw\u0119\u017canych kroj\u00f3w po przytulne joggery i modele z wysokim stanem &#8211; ka\u017cde spodnie z kolekcji Moon s\u0105 wykonane z my\u015bl\u0105 o wygodzie i ruchu. Niezale\u017cnie od tego, czy ubiera si\u0119 na ca\u0142y dzie\u0144, czy na co dzie\u0144 w domu, te spodnie dodaj\u0105 odpowiedniego charakteru. <\/p>\n<p class=\"\" data-start=\"734\" data-end=\"934\">Pomy\u015bl o odwa\u017cnych kolorach, marzycielskich nadrukach i stylowych wyko\u0144czeniach &#8211; wszystko w jednej wszechstronnej linii, kt\u00f3ra jest tak wyj\u0105tkowa jak ona. Idealne na szkolne dni, weekendowe plany lub improwizowane sesje taneczne w salonie. <\/p>\n<p class=\"\" data-start=\"936\" data-end=\"1017\">Niech jej styl wznosi si\u0119 wraz z Ksi\u0119\u017cycem &#8211; modny, zabawny i pe\u0142en osobowo\u015bci.<\/p>\n","protected":false},"excerpt":{"rendered":"<p><strong data-start=\"190\" data-end=\"222\">Dziewcz\u0119ca kolekcja spodni Basic<\/strong> &#8211; niezb\u0119dny element garderoby ka\u017cdej m\u0142odej trendsetterki. Zaprojektowane z my\u015bl\u0105 o ca\u0142odziennym noszeniu, spodnie te \u0142\u0105cz\u0105 mi\u0119kkie, oddychaj\u0105ce tkaniny z \u0142atwymi w noszeniu krojami, kt\u00f3re poruszaj\u0105 si\u0119 wraz z ni\u0105. <\/p>\n","protected":false},"featured_media":4381,"comment_status":"open","ping_status":"closed","template":"","meta":{"_joinchat":[]},"product_brand":[],"product_cat":[374],"product_tag":[395,396],"class_list":{"0":"post-5675","1":"product","2":"type-product","3":"status-publish","4":"has-post-thumbnail","6":"product_cat-bez-kategorii","7":"product_tag-marka","8":"product_tag-moda-damska","10":"first","11":"instock","12":"sale","13":"shipping-taxable","14":"purchasable","15":"product-type-simple"},"_links":{"self":[{"href":"https:\/\/lunzimalito.com\/index.php?rest_route=\/wp\/v2\/product\/5675","targetHints":{"allow":["GET"]}}],"collection":[{"href":"https:\/\/lunzimalito.com\/index.php?rest_route=\/wp\/v2\/product"}],"about":[{"href":"https:\/\/lunzimalito.com\/index.php?rest_route=\/wp\/v2\/types\/product"}],"replies":[{"embeddable":true,"href":"https:\/\/lunzimalito.com\/index.php?rest_route=%2Fwp%2Fv2%2Fcomments&post=5675"}],"wp:featuredmedia":[{"embeddable":true,"href":"https:\/\/lunzimalito.com\/index.php?rest_route=\/wp\/v2\/media\/4381"}],"wp:attachment":[{"href":"https:\/\/lunzimalito.com\/index.php?rest_route=%2Fwp%2Fv2%2Fmedia&parent=5675"}],"wp:term":[{"taxonomy":"product_brand","embeddable":true,"href":"https:\/\/lunzimalito.com\/index.php?rest_route=%2Fwp%2Fv2%2Fproduct_brand&post=5675"},{"taxonomy":"product_cat","embeddable":true,"href":"https:\/\/lunzimalito.com\/index.php?rest_route=%2Fwp%2Fv2%2Fproduct_cat&post=5675"},{"taxonomy":"product_tag","embeddable":true,"href":"https:\/\/lunzimalito.com\/index.php?rest_route=%2Fwp%2Fv2%2Fproduct_tag&post=5675"}],"curies":[{"name":"wp","href":"https:\/\/api.w.org\/{rel}","templated":true}]}}