{"id":5674,"date":"2025-04-17T14:24:03","date_gmt":"2025-04-17T13:24:03","guid":{"rendered":"https:\/\/lunzimalito.com\/?product=kolekcja-podstawowych-spodni-dla-dziewczynek"},"modified":"2025-04-17T14:24:03","modified_gmt":"2025-04-17T13:24:03","slug":"kolekcja-podstawowych-spodni-dla-dziewczynek","status":"publish","type":"product","link":"https:\/\/lunzimalito.com\/?product=kolekcja-podstawowych-spodni-dla-dziewczynek","title":{"rendered":"Kolekcja podstawowych spodni dla dziewczynek"},"content":{"rendered":"<p class=\"\" data-start=\"145\" data-end=\"458\">Codzienno\u015b\u0107 w nowej ods\u0142onie. Nasza <strong data-start=\"216\" data-end=\"248\">kolekcja dziewcz\u0119cych spodni Basic Pant<\/strong> zosta\u0142a zaprojektowana z my\u015bl\u0105 o wygodzie, swobodzie ruch\u00f3w i swobodnym stylu. Wykonane z mi\u0119kkich, oddychaj\u0105cych tkanin i idealnie dopasowane, spodnie te s\u0105 gotowe na szkolne dni, weekendowe przygody i wszystko pomi\u0119dzy.  <\/p>\n<p class=\"\" data-start=\"460\" data-end=\"828\">Od klasycznych leggins\u00f3w po joggery i style z prostymi nogawkami, ka\u017cdy element kolekcji zosta\u0142 stworzony z my\u015bl\u0105 o trwa\u0142o\u015bci i \u0142atwo\u015bci. Rozci\u0105gliwe paski, \u0142atwe w piel\u0119gnacji materia\u0142y i ponadczasowe kolory sprawiaj\u0105, \u017ce s\u0105 one ulubie\u0144cami zar\u00f3wno dzieci, jak i rodzic\u00f3w. Niezale\u017cnie od tego, czy ubiera si\u0119 z uroczym topem, czy na co dzie\u0144 z bluz\u0105 z kapturem, te spodnie s\u0105 podstaw\u0105 dobrego samopoczucia.  <\/p>\n<p class=\"\" data-start=\"830\" data-end=\"916\">Proste, stylowe i stworzone do ruchu &#8211; to komfort, kt\u00f3ry dotrzymuje jej kroku na ka\u017cdym kroku.<\/p>\n","protected":false},"excerpt":{"rendered":"<p>Komfort \u0142\u0105czy si\u0119 z codziennym stylem w naszej <strong data-start=\"190\" data-end=\"222\">kolekcji dziewcz\u0119cych spodni basic<\/strong> &#8211; obowi\u0105zkowym elemencie garderoby ka\u017cdej m\u0142odej trendsetterki. Zaprojektowane z my\u015bl\u0105 o ca\u0142odziennym noszeniu, spodnie te \u0142\u0105cz\u0105 mi\u0119kkie, oddychaj\u0105ce tkaniny z \u0142atwymi w noszeniu krojami, kt\u00f3re poruszaj\u0105 si\u0119 wraz z ni\u0105. <\/p>\n","protected":false},"featured_media":4363,"comment_status":"open","ping_status":"closed","template":"","meta":{"_joinchat":[]},"product_brand":[],"product_cat":[374],"product_tag":[381,395,377],"class_list":{"0":"post-5674","1":"product","2":"type-product","3":"status-publish","4":"has-post-thumbnail","6":"product_cat-bez-kategorii","7":"product_tag-damskie","8":"product_tag-marka","9":"product_tag-moda","11":"first","12":"instock","13":"sale","14":"shipping-taxable","15":"purchasable","16":"product-type-simple"},"_links":{"self":[{"href":"https:\/\/lunzimalito.com\/index.php?rest_route=\/wp\/v2\/product\/5674","targetHints":{"allow":["GET"]}}],"collection":[{"href":"https:\/\/lunzimalito.com\/index.php?rest_route=\/wp\/v2\/product"}],"about":[{"href":"https:\/\/lunzimalito.com\/index.php?rest_route=\/wp\/v2\/types\/product"}],"replies":[{"embeddable":true,"href":"https:\/\/lunzimalito.com\/index.php?rest_route=%2Fwp%2Fv2%2Fcomments&post=5674"}],"wp:featuredmedia":[{"embeddable":true,"href":"https:\/\/lunzimalito.com\/index.php?rest_route=\/wp\/v2\/media\/4363"}],"wp:attachment":[{"href":"https:\/\/lunzimalito.com\/index.php?rest_route=%2Fwp%2Fv2%2Fmedia&parent=5674"}],"wp:term":[{"taxonomy":"product_brand","embeddable":true,"href":"https:\/\/lunzimalito.com\/index.php?rest_route=%2Fwp%2Fv2%2Fproduct_brand&post=5674"},{"taxonomy":"product_cat","embeddable":true,"href":"https:\/\/lunzimalito.com\/index.php?rest_route=%2Fwp%2Fv2%2Fproduct_cat&post=5674"},{"taxonomy":"product_tag","embeddable":true,"href":"https:\/\/lunzimalito.com\/index.php?rest_route=%2Fwp%2Fv2%2Fproduct_tag&post=5674"}],"curies":[{"name":"wp","href":"https:\/\/api.w.org\/{rel}","templated":true}]}}