{"id":5672,"date":"2025-04-17T13:58:33","date_gmt":"2025-04-17T12:58:33","guid":{"rendered":"https:\/\/lunzimalito.com\/?product=spodnie-dekploy"},"modified":"2025-04-17T13:58:33","modified_gmt":"2025-04-17T12:58:33","slug":"spodnie-dekploy","status":"publish","type":"product","link":"https:\/\/lunzimalito.com\/?product=spodnie-dekploy","title":{"rendered":"Spodnie DEKPLOY"},"content":{"rendered":"<p class=\"\" data-start=\"127\" data-end=\"551\">Spodnie DEKPLOY Pants to po\u0142\u0105czenie wygody i nowoczesnego designu. Wykonane z najwy\u017cszej jako\u015bci elastycznego materia\u0142u, spodnie te poruszaj\u0105 si\u0119 wraz z Tob\u0105, oferuj\u0105c czyst\u0105 sylwetk\u0119, kt\u00f3ra sprawdza si\u0119 od streetwearu po smart casual. Zw\u0119\u017cany kr\u00f3j, funkcjonalne kieszenie i subtelne oznakowanie marki sprawiaj\u0105, \u017ce spodnie DEKPLOY s\u0105 stworzone do codziennej aktywno\u015bci i weekendowego luzu. Ubierz je, ubierz je &#8211; po prostu nie wtapiaj si\u0119 w t\u0142um.   <\/p>\n<p class=\"\" data-start=\"553\" data-end=\"911\">Zaprojektowane z my\u015bl\u0105 o wszechstronno\u015bci, spodnie DEKPLOY Pants p\u0142ynnie przechodz\u0105 z biura do pracy po godzinach, od porannych dojazd\u00f3w do pracy po nocne spotkania. Oddychaj\u0105ca, odporna na zagniecenia tkanina zapewnia elegancki wygl\u0105d bez utraty komfortu. Minimalistyczne okucia i elegancki pasek wyka\u0144czaj\u0105 wygl\u0105d, a wzmocnione szwy zapewniaj\u0105 d\u0142ugotrwa\u0142\u0105 trwa\u0142o\u015b\u0107.  <\/p>\n<p class=\"\" data-start=\"913\" data-end=\"1166\">Niezale\u017cnie od tego, czy \u0142\u0105czysz je z trampkami i koszulk\u0105, czy z oversize&#8217;ow\u0105 kurtk\u0105 i butami, spodnie DEKPLOY Pants s\u0105 podstaw\u0105 dla przysz\u0142o\u015bciowego dopasowania. To nie tylko para spodni &#8211; to deklaracja ruchu, sposobu my\u015blenia i nowoczesnego minimalizmu. <\/p>\n","protected":false},"excerpt":{"rendered":"<p>Spodnie DEKPLOY &#8211; gdzie komfort spotyka si\u0119 z najnowocze\u015bniejszym wzornictwem. Wykonane z najwy\u017cszej jako\u015bci elastycznego materia\u0142u, spodnie te poruszaj\u0105 si\u0119 wraz z Tob\u0105, oferuj\u0105c czyst\u0105 sylwetk\u0119, kt\u00f3ra sprawdza si\u0119 od streetwearu po smart casual. Dzi\u0119ki zw\u0119\u017canemu krojowi, funkcjonalnym kieszeniom i subtelnemu brandingowi, spodnie DEKPLOY Pants s\u0105 stworzone do codziennego zgie\u0142ku i weekendowej swobody. Ubierz je, ubierz je &#8211; po prostu nie wtapiaj si\u0119 w t\u0142um.   <\/p>\n","protected":false},"featured_media":4354,"comment_status":"open","ping_status":"closed","template":"","meta":{"_joinchat":[]},"product_brand":[],"product_cat":[438],"product_tag":[381,377,376],"class_list":{"0":"post-5672","1":"product","2":"type-product","3":"status-publish","4":"has-post-thumbnail","6":"product_cat-deko-pl","7":"product_tag-damskie","8":"product_tag-moda","9":"product_tag-ubrania","11":"first","12":"instock","13":"sale","14":"shipping-taxable","15":"purchasable","16":"product-type-simple"},"_links":{"self":[{"href":"https:\/\/lunzimalito.com\/index.php?rest_route=\/wp\/v2\/product\/5672","targetHints":{"allow":["GET"]}}],"collection":[{"href":"https:\/\/lunzimalito.com\/index.php?rest_route=\/wp\/v2\/product"}],"about":[{"href":"https:\/\/lunzimalito.com\/index.php?rest_route=\/wp\/v2\/types\/product"}],"replies":[{"embeddable":true,"href":"https:\/\/lunzimalito.com\/index.php?rest_route=%2Fwp%2Fv2%2Fcomments&post=5672"}],"wp:featuredmedia":[{"embeddable":true,"href":"https:\/\/lunzimalito.com\/index.php?rest_route=\/wp\/v2\/media\/4354"}],"wp:attachment":[{"href":"https:\/\/lunzimalito.com\/index.php?rest_route=%2Fwp%2Fv2%2Fmedia&parent=5672"}],"wp:term":[{"taxonomy":"product_brand","embeddable":true,"href":"https:\/\/lunzimalito.com\/index.php?rest_route=%2Fwp%2Fv2%2Fproduct_brand&post=5672"},{"taxonomy":"product_cat","embeddable":true,"href":"https:\/\/lunzimalito.com\/index.php?rest_route=%2Fwp%2Fv2%2Fproduct_cat&post=5672"},{"taxonomy":"product_tag","embeddable":true,"href":"https:\/\/lunzimalito.com\/index.php?rest_route=%2Fwp%2Fv2%2Fproduct_tag&post=5672"}],"curies":[{"name":"wp","href":"https:\/\/api.w.org\/{rel}","templated":true}]}}