{"id":5669,"date":"2025-04-17T13:58:33","date_gmt":"2025-04-17T12:58:33","guid":{"rendered":"https:\/\/lunzimalito.com\/?product=dekploy-pantalon"},"modified":"2025-04-17T13:58:33","modified_gmt":"2025-04-17T12:58:33","slug":"dekploy-pantalon","status":"publish","type":"product","link":"https:\/\/lunzimalito.com\/?product=dekploy-pantalon","title":{"rendered":"DEKPLOY Pantalon"},"content":{"rendered":"<p class=\"\" data-start=\"127\" data-end=\"551\">Adoptez un style sans effort avec le pantalon DEKPLOY, o\u00f9 le confort rencontre un design d&#8217;avant-garde. Fabriqu\u00e9 dans un tissu extensible de premi\u00e8re qualit\u00e9, ce pantalon bouge avec vous, offrant une silhouette \u00e9pur\u00e9e qui s&#8217;adapte aussi bien au streetwear qu \u00ab \u00e0 l \u00bb \u00e9l\u00e9gance d\u00e9contract\u00e9e. Dot\u00e9 d&#8217;une coupe fusel\u00e9e, de poches fonctionnelles et d&#8217;un marquage subtil, le pantalon DEKPLOY est con\u00e7u pour l&#8217;agitation quotidienne et l&#8217;aisance du week-end. Habillez-le, habillez-le, mais ne vous confondez pas avec les autres.   <\/p>\n<p class=\"\" data-start=\"553\" data-end=\"911\">Con\u00e7u pour \u00eatre polyvalent, le pantalon DEKPLOY passe sans probl\u00e8me du bureau \u00e0 l&#8217;apr\u00e8s-bureau, de votre trajet matinal \u00e0 vos rendez-vous nocturnes. Le tissu respirant et infroissable vous permet de garder une allure \u00e9l\u00e9gante sans sacrifier le confort. Des accessoires minimalistes et une ceinture \u00e9l\u00e9gante compl\u00e8tent le look, tandis que des coutures renforc\u00e9es garantissent une durabilit\u00e9 \u00e0 long terme.  <\/p>\n<p class=\"\" data-start=\"913\" data-end=\"1166\">Que vous l&#8217;associiez \u00e0 des baskets et un tee-shirt ou que vous le superposiez \u00e0 une veste surdimensionn\u00e9e et des bottes, le pantalon DEKPLOY est la base d&#8217;une tenue tourn\u00e9e vers l&#8217;avenir. Il ne s&#8217;agit pas seulement d&#8217;un pantalon, mais d&#8217;une d\u00e9claration de mouvement, d&#8217;\u00e9tat d&#8217;esprit et de minimalisme moderne. <\/p>\n","protected":false},"excerpt":{"rendered":"<p>Le pantalon DEKPLOY &#8211; o\u00f9 le confort rencontre un design d&#8217;avant-garde. Fabriqu\u00e9 dans un tissu extensible de premi\u00e8re qualit\u00e9, ce pantalon bouge avec vous, offrant une silhouette \u00e9pur\u00e9e qui s&#8217;adapte aussi bien au streetwear qu \u00ab \u00e0 l \u00bb \u00e9l\u00e9gance d\u00e9contract\u00e9e. Dot\u00e9 d&#8217;une coupe fusel\u00e9e, de poches fonctionnelles et d&#8217;un marquage subtil, le pantalon DEKPLOY est con\u00e7u pour l&#8217;agitation quotidienne et l&#8217;aisance du week-end. Habillez-le, habillez-le, mais ne vous confondez pas avec les autres.   <\/p>\n","protected":false},"featured_media":4353,"comment_status":"open","ping_status":"closed","template":"","meta":{"_joinchat":[]},"product_brand":[],"product_cat":[452],"product_tag":[387,383,382],"class_list":{"0":"post-5669","1":"product","2":"type-product","3":"status-publish","4":"has-post-thumbnail","6":"product_cat-deko-fr","7":"product_tag-femmes","8":"product_tag-la-mode","9":"product_tag-vetements","11":"first","12":"instock","13":"sale","14":"shipping-taxable","15":"purchasable","16":"product-type-simple"},"_links":{"self":[{"href":"https:\/\/lunzimalito.com\/index.php?rest_route=\/wp\/v2\/product\/5669","targetHints":{"allow":["GET"]}}],"collection":[{"href":"https:\/\/lunzimalito.com\/index.php?rest_route=\/wp\/v2\/product"}],"about":[{"href":"https:\/\/lunzimalito.com\/index.php?rest_route=\/wp\/v2\/types\/product"}],"replies":[{"embeddable":true,"href":"https:\/\/lunzimalito.com\/index.php?rest_route=%2Fwp%2Fv2%2Fcomments&post=5669"}],"wp:featuredmedia":[{"embeddable":true,"href":"https:\/\/lunzimalito.com\/index.php?rest_route=\/wp\/v2\/media\/4353"}],"wp:attachment":[{"href":"https:\/\/lunzimalito.com\/index.php?rest_route=%2Fwp%2Fv2%2Fmedia&parent=5669"}],"wp:term":[{"taxonomy":"product_brand","embeddable":true,"href":"https:\/\/lunzimalito.com\/index.php?rest_route=%2Fwp%2Fv2%2Fproduct_brand&post=5669"},{"taxonomy":"product_cat","embeddable":true,"href":"https:\/\/lunzimalito.com\/index.php?rest_route=%2Fwp%2Fv2%2Fproduct_cat&post=5669"},{"taxonomy":"product_tag","embeddable":true,"href":"https:\/\/lunzimalito.com\/index.php?rest_route=%2Fwp%2Fv2%2Fproduct_tag&post=5669"}],"curies":[{"name":"wp","href":"https:\/\/api.w.org\/{rel}","templated":true}]}}