{"id":5647,"date":"2025-04-22T10:03:29","date_gmt":"2025-04-22T09:03:29","guid":{"rendered":"https:\/\/lunzimalito.com\/?product=kt-moss-tendances-de-la-mode-feminine"},"modified":"2025-04-22T10:03:29","modified_gmt":"2025-04-22T09:03:29","slug":"kt-moss-tendances-de-la-mode-feminine","status":"publish","type":"product","link":"https:\/\/lunzimalito.com\/?product=kt-moss-tendances-de-la-mode-feminine","title":{"rendered":"KT. MOSS Tendances de la mode f\u00e9minine"},"content":{"rendered":"<p>KT. MOSS n&#8217;est peut-\u00eatre pas encore un nom connu de tous, mais il se r\u00e9pand comme une tra\u00een\u00e9e de poudre, et ce pour une bonne raison. Ces jeans sont con\u00e7us en pensant aux vraies femmes, en combinant des coupes audacieuses, des coupes flatteuses et des tissus qui bougent avec vous.  <\/p>\n<p>Ce n&#8217;est pas une marque de denim comme les autres. KT. MOSS s&#8217;est rapidement fait une r\u00e9putation en cr\u00e9ant des jeans qui ne se contentent pas d&#8217;\u00eatre beaux &#8211; ils <em data-start=\"3196\" data-end=\"3202\">procurent une sensation<\/em> incroyable. L&#8217;engouement ? Totalement justifi\u00e9e.    <\/p>\n<p>Cette marque est fond\u00e9e sur l&#8217;id\u00e9e que le jean doit vous <em data-start=\"3368\" data-end=\"3375\">servir<\/em>, et non l&#8217;inverse. KT. MOSS ne cherche pas \u00e0 suivre aveugl\u00e9ment les tendances. Il s&#8217;agit de cr\u00e9er des pi\u00e8ces qui restent pertinentes, usure apr\u00e8s usure.   <\/p>\n","protected":false},"excerpt":{"rendered":"<p>Vous avez d\u00e9j\u00e0 eu un jean qui oubliait vos formes ? KT. MOSS utilise un denim extensible \u00e0 haute r\u00e9cup\u00e9ration qui se souvient de vous et vous maintient magnifiquement.  <\/p>\n","protected":false},"featured_media":4593,"comment_status":"open","ping_status":"closed","template":"","meta":{"_joinchat":[]},"product_brand":[],"product_cat":[452,421,386,420,428,451,391],"product_tag":[383,394,384,419,389,390,382],"class_list":{"0":"post-5647","1":"product","2":"type-product","3":"status-publish","4":"has-post-thumbnail","6":"product_cat-deko-fr","7":"product_cat-filles","8":"product_cat-ledis-besic-pantalon","9":"product_cat-mode-feminine","10":"product_cat-pantalon-besic","11":"product_cat-pantalon-en-jean","12":"product_cat-relucky-mode-pour-femmes","13":"product_tag-la-mode","14":"product_tag-le-monde-de-la-mode","15":"product_tag-ledis-fashion-fr","16":"product_tag-lunzimalito-com-fr","17":"product_tag-marque","18":"product_tag-mode-femmes","19":"product_tag-vetements","21":"first","22":"instock","23":"sale","24":"shipping-taxable","25":"purchasable","26":"product-type-simple"},"_links":{"self":[{"href":"https:\/\/lunzimalito.com\/index.php?rest_route=\/wp\/v2\/product\/5647","targetHints":{"allow":["GET"]}}],"collection":[{"href":"https:\/\/lunzimalito.com\/index.php?rest_route=\/wp\/v2\/product"}],"about":[{"href":"https:\/\/lunzimalito.com\/index.php?rest_route=\/wp\/v2\/types\/product"}],"replies":[{"embeddable":true,"href":"https:\/\/lunzimalito.com\/index.php?rest_route=%2Fwp%2Fv2%2Fcomments&post=5647"}],"wp:featuredmedia":[{"embeddable":true,"href":"https:\/\/lunzimalito.com\/index.php?rest_route=\/wp\/v2\/media\/4593"}],"wp:attachment":[{"href":"https:\/\/lunzimalito.com\/index.php?rest_route=%2Fwp%2Fv2%2Fmedia&parent=5647"}],"wp:term":[{"taxonomy":"product_brand","embeddable":true,"href":"https:\/\/lunzimalito.com\/index.php?rest_route=%2Fwp%2Fv2%2Fproduct_brand&post=5647"},{"taxonomy":"product_cat","embeddable":true,"href":"https:\/\/lunzimalito.com\/index.php?rest_route=%2Fwp%2Fv2%2Fproduct_cat&post=5647"},{"taxonomy":"product_tag","embeddable":true,"href":"https:\/\/lunzimalito.com\/index.php?rest_route=%2Fwp%2Fv2%2Fproduct_tag&post=5647"}],"curies":[{"name":"wp","href":"https:\/\/api.w.org\/{rel}","templated":true}]}}