{"id":5643,"date":"2025-04-21T09:01:07","date_gmt":"2025-04-21T08:01:07","guid":{"rendered":"https:\/\/lunzimalito.com\/?product=modne-spodnie-damskie-w-stylu-basic"},"modified":"2025-04-21T09:01:07","modified_gmt":"2025-04-21T08:01:07","slug":"modne-spodnie-damskie-w-stylu-basic","status":"publish","type":"product","link":"https:\/\/lunzimalito.com\/?product=modne-spodnie-damskie-w-stylu-basic","title":{"rendered":"Modne spodnie damskie w stylu basic"},"content":{"rendered":"<p>W \u015bwiecie przesadnych trend\u00f3w, neonowych kolor\u00f3w i przero\u015bni\u0119tych logo, czasami mniej naprawd\u0119 <em data-start=\"2088\" data-end=\"2092\">znaczy<\/em> wi\u0119cej. Wejd\u017a w er\u0119 <strong data-start=\"2116\" data-end=\"2155\">modnych spodni damskich &#8220;It&#8217;s Basic&#8221; &#8211;<\/strong>ruchu modowego zbudowanego wok\u00f3\u0142 prostoty, wszechstronno\u015bci i bezwysi\u0142kowo\u015bci. <\/p>\n<p>&#8220;It&#8217;s Basic&#8221; to nie tylko etykieta &#8211; to styl \u017cycia. Trend ten promuje czyst\u0105 estetyk\u0119, stonowane odcienie i ponadczasowe sylwetki, kt\u00f3re s\u0105 zawsze na czasie. <\/p>\n<p>Nie daj si\u0119 zwie\u015b\u0107 nazwie. Te spodnie mog\u0105 by\u0107 \u201epodstawowe\u201d z definicji, ale nie s\u0105 nudne. Pomy\u015bl o nich jak o <em data-start=\"2630\" data-end=\"2644\">czystym p\u0142\u00f3tnie<\/em> swojej garderoby &#8211; gotowym do ubierania si\u0119, ubierania si\u0119 lub po prostu podziwiania ich szykownego niedopowiedzenia  <\/p>\n","protected":false},"excerpt":{"rendered":"<p class=\"\" data-start=\"6177\" data-end=\"6355\">Kobiety zachwycaj\u0105 si\u0119 wygod\u0105, dopasowaniem, prostot\u0105 i \u0142atwo\u015bci\u0105, z jak\u0105 te spodnie wsuwaj\u0105 si\u0119 w ich codzienn\u0105 rotacj\u0119 stroj\u00f3w. To moda, kt\u00f3ra dzia\u0142a <em data-start=\"6323\" data-end=\"6329\">z<\/em> Twoim \u017cyciem, a nie wok\u00f3\u0142 niego. <\/p>\n","protected":false},"featured_media":4507,"comment_status":"open","ping_status":"closed","template":"","meta":{"_joinchat":[]},"product_brand":[],"product_cat":[424,423,437,380],"product_tag":[381,378,422,395,377,396,406,376],"class_list":{"0":"post-5643","1":"product","2":"type-product","3":"status-publish","4":"has-post-thumbnail","6":"product_cat-dziewczece","7":"product_cat-moda-damska","8":"product_cat-spodnie-besic","9":"product_cat-spodnie-ledis-besic","10":"product_tag-damskie","11":"product_tag-ledis-fashion-pl","12":"product_tag-lunzimalito-com-pl","13":"product_tag-marka","14":"product_tag-moda","15":"product_tag-moda-damska","16":"product_tag-swiat-mody","17":"product_tag-ubrania","19":"first","20":"instock","21":"sale","22":"shipping-taxable","23":"purchasable","24":"product-type-simple"},"_links":{"self":[{"href":"https:\/\/lunzimalito.com\/index.php?rest_route=\/wp\/v2\/product\/5643","targetHints":{"allow":["GET"]}}],"collection":[{"href":"https:\/\/lunzimalito.com\/index.php?rest_route=\/wp\/v2\/product"}],"about":[{"href":"https:\/\/lunzimalito.com\/index.php?rest_route=\/wp\/v2\/types\/product"}],"replies":[{"embeddable":true,"href":"https:\/\/lunzimalito.com\/index.php?rest_route=%2Fwp%2Fv2%2Fcomments&post=5643"}],"wp:featuredmedia":[{"embeddable":true,"href":"https:\/\/lunzimalito.com\/index.php?rest_route=\/wp\/v2\/media\/4507"}],"wp:attachment":[{"href":"https:\/\/lunzimalito.com\/index.php?rest_route=%2Fwp%2Fv2%2Fmedia&parent=5643"}],"wp:term":[{"taxonomy":"product_brand","embeddable":true,"href":"https:\/\/lunzimalito.com\/index.php?rest_route=%2Fwp%2Fv2%2Fproduct_brand&post=5643"},{"taxonomy":"product_cat","embeddable":true,"href":"https:\/\/lunzimalito.com\/index.php?rest_route=%2Fwp%2Fv2%2Fproduct_cat&post=5643"},{"taxonomy":"product_tag","embeddable":true,"href":"https:\/\/lunzimalito.com\/index.php?rest_route=%2Fwp%2Fv2%2Fproduct_tag&post=5643"}],"curies":[{"name":"wp","href":"https:\/\/api.w.org\/{rel}","templated":true}]}}