{"id":5642,"date":"2025-04-22T07:42:53","date_gmt":"2025-04-22T06:42:53","guid":{"rendered":"https:\/\/lunzimalito.com\/?product=damskie-jeansy-vantei"},"modified":"2025-04-22T07:42:53","modified_gmt":"2025-04-22T06:42:53","slug":"damskie-jeansy-vantei","status":"publish","type":"product","link":"https:\/\/lunzimalito.com\/?product=damskie-jeansy-vantei","title":{"rendered":"Damskie jeansy VANTEI"},"content":{"rendered":"<p>Szukasz d\u017cins\u00f3w, kt\u00f3re s\u0105 szykowne bez wysi\u0142ku, niesamowicie pochlebne i stworzone do poruszania si\u0119 z Tob\u0105? Przywitaj si\u0119 z <strong data-start=\"688\" data-end=\"712\">damskimi jeansami VANTEI &#8211; Twoj\u0105<\/strong>now\u0105 d\u017cinsow\u0105 obsesj\u0105. Te d\u017cinsy to idealna r\u00f3wnowaga mi\u0119dzy swobodnym luzem a gotowo\u015bci\u0105 na wybieg, zaprojektowana dla kobiet, kt\u00f3re chc\u0105 si\u0119 wyr\u00f3\u017cnia\u0107 <em data-start=\"854\" data-end=\"883\">bez po\u015bwi\u0119cania komfortu<\/em>  <\/p>\n<p>VANTEI wie, czego pragnie wsp\u00f3\u0142czesna kobieta: d\u017cins\u00f3w, kt\u00f3re pasuj\u0105 jak marzenie, pozostaj\u0105 stylowe przez wiele sezon\u00f3w i czuj\u0105 si\u0119 tak dobrze, jak wygl\u0105daj\u0105. Ka\u017cda para d\u017cins\u00f3w VANTEI jest wykonana z mi\u0142o\u015bci\u0105, dba\u0142o\u015bci\u0105 o szczeg\u00f3\u0142y i tkanin\u0105, kt\u00f3ra schlebia Twojej sylwetce na wszystkie w\u0142a\u015bciwe sposoby <\/p>\n","protected":false},"excerpt":{"rendered":"<p><strong data-start=\"2015\" data-end=\"2039\">Damskie d\u017cinsy VANTEI<\/strong> to nie tylko kolejna para d\u017cins\u00f3w &#8211; to <em data-start=\"2082\" data-end=\"2087\">para<\/em>. T\u0105, po kt\u00f3r\u0105 si\u0119ga si\u0119 raz za razem. Styl, wygoda i pewno\u015b\u0107 siebie w jednym pi\u0119knym d\u017cinsie  <\/p>\n","protected":false},"featured_media":4576,"comment_status":"open","ping_status":"closed","template":"","meta":{"_joinchat":[]},"product_brand":[],"product_cat":[438,424,423,397,437,439,380],"product_tag":[381,436,378,422,395,377,406,376],"class_list":{"0":"post-5642","1":"product","2":"type-product","3":"status-publish","4":"has-post-thumbnail","6":"product_cat-deko-pl","7":"product_cat-dziewczece","8":"product_cat-moda-damska","9":"product_cat-moda-damska-relucky","10":"product_cat-spodnie-besic","11":"product_cat-spodnie-dzinsowe","12":"product_cat-spodnie-ledis-besic","13":"product_tag-damskie","14":"product_tag-denim-pl","15":"product_tag-ledis-fashion-pl","16":"product_tag-lunzimalito-com-pl","17":"product_tag-marka","18":"product_tag-moda","19":"product_tag-swiat-mody","20":"product_tag-ubrania","22":"first","23":"instock","24":"sale","25":"shipping-taxable","26":"purchasable","27":"product-type-simple"},"_links":{"self":[{"href":"https:\/\/lunzimalito.com\/index.php?rest_route=\/wp\/v2\/product\/5642","targetHints":{"allow":["GET"]}}],"collection":[{"href":"https:\/\/lunzimalito.com\/index.php?rest_route=\/wp\/v2\/product"}],"about":[{"href":"https:\/\/lunzimalito.com\/index.php?rest_route=\/wp\/v2\/types\/product"}],"replies":[{"embeddable":true,"href":"https:\/\/lunzimalito.com\/index.php?rest_route=%2Fwp%2Fv2%2Fcomments&post=5642"}],"wp:featuredmedia":[{"embeddable":true,"href":"https:\/\/lunzimalito.com\/index.php?rest_route=\/wp\/v2\/media\/4576"}],"wp:attachment":[{"href":"https:\/\/lunzimalito.com\/index.php?rest_route=%2Fwp%2Fv2%2Fmedia&parent=5642"}],"wp:term":[{"taxonomy":"product_brand","embeddable":true,"href":"https:\/\/lunzimalito.com\/index.php?rest_route=%2Fwp%2Fv2%2Fproduct_brand&post=5642"},{"taxonomy":"product_cat","embeddable":true,"href":"https:\/\/lunzimalito.com\/index.php?rest_route=%2Fwp%2Fv2%2Fproduct_cat&post=5642"},{"taxonomy":"product_tag","embeddable":true,"href":"https:\/\/lunzimalito.com\/index.php?rest_route=%2Fwp%2Fv2%2Fproduct_tag&post=5642"}],"curies":[{"name":"wp","href":"https:\/\/api.w.org\/{rel}","templated":true}]}}