{"id":5637,"date":"2025-04-21T13:09:40","date_gmt":"2025-04-21T12:09:40","guid":{"rendered":"https:\/\/lunzimalito.com\/?product=zeo-basic-pantalon-tendance-pour-femmes-le-confort-rencontre-le-style-contemporain"},"modified":"2025-04-21T13:09:40","modified_gmt":"2025-04-21T12:09:40","slug":"zeo-basic-pantalon-tendance-pour-femmes-le-confort-rencontre-le-style-contemporain","status":"publish","type":"product","link":"https:\/\/lunzimalito.com\/?product=zeo-basic-pantalon-tendance-pour-femmes-le-confort-rencontre-le-style-contemporain","title":{"rendered":"Zeo Basic Pantalon tendance pour femmes &#8211; Le confort rencontre le style contemporain"},"content":{"rendered":"<p>Zeo Basic n&#8217;est pas seulement un pantalon, c&#8217;est une red\u00e9finition de l&#8217;essentiel. La marque allie la facilit\u00e9 du minimalisme \u00e0 une pinc\u00e9e d&#8217;attitude avant-gardiste. Pensez \u00e0 des pi\u00e8ces essentielles avec une touche d&#8217;originalit\u00e9, toutes con\u00e7ues pour rehausser votre garde-robe de tous les jours.  <\/p>\n<p>Des campus universitaires aux couloirs des entreprises, Zeo Basic est rapidement devenu une r\u00e9f\u00e9rence pour les femmes qui veulent des pantalons \u00e9l\u00e9gants et faciles \u00e0 porter qui s&#8217;adaptent \u00e0 leur vie r\u00e9elle.<\/p>\n","protected":false},"excerpt":{"rendered":"<p class=\"\" data-start=\"6941\" data-end=\"7042\">Zeo Basic ne s&#8217;associe qu&#8217;avec des fournisseurs qui privil\u00e9gient le bien-\u00eatre des travailleurs et les normes de travail \u00e9thiques.<\/p>\n","protected":false},"featured_media":4539,"comment_status":"open","ping_status":"closed","template":"","meta":{"_joinchat":[]},"product_brand":[],"product_cat":[452,421,386,420,428,451,391],"product_tag":[453,456,383,394,384,419,389,390,382],"class_list":{"0":"post-5637","1":"product","2":"type-product","3":"status-publish","4":"has-post-thumbnail","6":"product_cat-deko-fr","7":"product_cat-filles","8":"product_cat-ledis-besic-pantalon","9":"product_cat-mode-feminine","10":"product_cat-pantalon-besic","11":"product_cat-pantalon-en-jean","12":"product_cat-relucky-mode-pour-femmes","13":"product_tag-denim-fr","14":"product_tag-hommes","15":"product_tag-la-mode","16":"product_tag-le-monde-de-la-mode","17":"product_tag-ledis-fashion-fr","18":"product_tag-lunzimalito-com-fr","19":"product_tag-marque","20":"product_tag-mode-femmes","21":"product_tag-vetements","23":"first","24":"instock","25":"sale","26":"shipping-taxable","27":"purchasable","28":"product-type-simple"},"_links":{"self":[{"href":"https:\/\/lunzimalito.com\/index.php?rest_route=\/wp\/v2\/product\/5637","targetHints":{"allow":["GET"]}}],"collection":[{"href":"https:\/\/lunzimalito.com\/index.php?rest_route=\/wp\/v2\/product"}],"about":[{"href":"https:\/\/lunzimalito.com\/index.php?rest_route=\/wp\/v2\/types\/product"}],"replies":[{"embeddable":true,"href":"https:\/\/lunzimalito.com\/index.php?rest_route=%2Fwp%2Fv2%2Fcomments&post=5637"}],"wp:featuredmedia":[{"embeddable":true,"href":"https:\/\/lunzimalito.com\/index.php?rest_route=\/wp\/v2\/media\/4539"}],"wp:attachment":[{"href":"https:\/\/lunzimalito.com\/index.php?rest_route=%2Fwp%2Fv2%2Fmedia&parent=5637"}],"wp:term":[{"taxonomy":"product_brand","embeddable":true,"href":"https:\/\/lunzimalito.com\/index.php?rest_route=%2Fwp%2Fv2%2Fproduct_brand&post=5637"},{"taxonomy":"product_cat","embeddable":true,"href":"https:\/\/lunzimalito.com\/index.php?rest_route=%2Fwp%2Fv2%2Fproduct_cat&post=5637"},{"taxonomy":"product_tag","embeddable":true,"href":"https:\/\/lunzimalito.com\/index.php?rest_route=%2Fwp%2Fv2%2Fproduct_tag&post=5637"}],"curies":[{"name":"wp","href":"https:\/\/api.w.org\/{rel}","templated":true}]}}