{"id":5636,"date":"2025-04-21T12:07:01","date_gmt":"2025-04-21T11:07:01","guid":{"rendered":"https:\/\/lunzimalito.com\/?product=dekploy-vetements-de-mode-pour-femmes"},"modified":"2025-04-21T12:07:01","modified_gmt":"2025-04-21T11:07:01","slug":"dekploy-vetements-de-mode-pour-femmes","status":"publish","type":"product","link":"https:\/\/lunzimalito.com\/?product=dekploy-vetements-de-mode-pour-femmes","title":{"rendered":"DEKPLOY V\u00eatements de mode pour femmes"},"content":{"rendered":"<p class=\"\" data-start=\"2508\" data-end=\"2743\">DEKPLOY n&#8217;est pas seulement une autre \u00e9tiquette sur un pr\u00e9sentoir, c&#8217;est un style de vie. N\u00e9 du d\u00e9sir de cr\u00e9er une mode qui soit \u00e0 la fois portable et marquante, DEKPLOY associe les influences mondiales et le confort du monde r\u00e9el d&#8217;une mani\u00e8re qui <em data-start=\"2735\" data-end=\"2742\">fonctionne<\/em> tout simplement. <\/p>\n<h4 class=\"\" data-start=\"2745\" data-end=\"2786\"><strong data-start=\"2750\" data-end=\"2786\">Ce que \u00ab DEKPLOY \u00bb signifie vraiment<\/strong><\/h4>\n<p class=\"\" data-start=\"2787\" data-end=\"2975\">Il s&#8217;agit de d\u00e9ployer de la confiance, du style et de la sophistication dans votre garde-robe. DEKPLOY d\u00e9fend la femme moderne, celle qui dirige avec gr\u00e2ce, travaille avec courage et s&#8217;habille avec intention. <\/p>\n","protected":false},"excerpt":{"rendered":"<p>Chaque point et chaque couture sont con\u00e7us pour que <em data-start=\"3108\" data-end=\"3125\">vous<\/em> vous sentiez \u00e0 la hauteur. Que vous fassiez une pr\u00e9sentation dans une salle de conf\u00e9rence ou un brunch avec vos filles, DEKPLOY s&#8217;occupe de votre tenue de sport. <\/p>\n","protected":false},"featured_media":4530,"comment_status":"open","ping_status":"closed","template":"","meta":{"_joinchat":[]},"product_brand":[],"product_cat":[452,421,386,420,428,451,391],"product_tag":[453,383,394,384,419,389,390,382],"class_list":{"0":"post-5636","1":"product","2":"type-product","3":"status-publish","4":"has-post-thumbnail","6":"product_cat-deko-fr","7":"product_cat-filles","8":"product_cat-ledis-besic-pantalon","9":"product_cat-mode-feminine","10":"product_cat-pantalon-besic","11":"product_cat-pantalon-en-jean","12":"product_cat-relucky-mode-pour-femmes","13":"product_tag-denim-fr","14":"product_tag-la-mode","15":"product_tag-le-monde-de-la-mode","16":"product_tag-ledis-fashion-fr","17":"product_tag-lunzimalito-com-fr","18":"product_tag-marque","19":"product_tag-mode-femmes","20":"product_tag-vetements","22":"first","23":"instock","24":"sale","25":"shipping-taxable","26":"purchasable","27":"product-type-simple"},"_links":{"self":[{"href":"https:\/\/lunzimalito.com\/index.php?rest_route=\/wp\/v2\/product\/5636","targetHints":{"allow":["GET"]}}],"collection":[{"href":"https:\/\/lunzimalito.com\/index.php?rest_route=\/wp\/v2\/product"}],"about":[{"href":"https:\/\/lunzimalito.com\/index.php?rest_route=\/wp\/v2\/types\/product"}],"replies":[{"embeddable":true,"href":"https:\/\/lunzimalito.com\/index.php?rest_route=%2Fwp%2Fv2%2Fcomments&post=5636"}],"wp:featuredmedia":[{"embeddable":true,"href":"https:\/\/lunzimalito.com\/index.php?rest_route=\/wp\/v2\/media\/4530"}],"wp:attachment":[{"href":"https:\/\/lunzimalito.com\/index.php?rest_route=%2Fwp%2Fv2%2Fmedia&parent=5636"}],"wp:term":[{"taxonomy":"product_brand","embeddable":true,"href":"https:\/\/lunzimalito.com\/index.php?rest_route=%2Fwp%2Fv2%2Fproduct_brand&post=5636"},{"taxonomy":"product_cat","embeddable":true,"href":"https:\/\/lunzimalito.com\/index.php?rest_route=%2Fwp%2Fv2%2Fproduct_cat&post=5636"},{"taxonomy":"product_tag","embeddable":true,"href":"https:\/\/lunzimalito.com\/index.php?rest_route=%2Fwp%2Fv2%2Fproduct_tag&post=5636"}],"curies":[{"name":"wp","href":"https:\/\/api.w.org\/{rel}","templated":true}]}}