{"id":5634,"date":"2025-04-22T10:03:29","date_gmt":"2025-04-22T09:03:29","guid":{"rendered":"https:\/\/lunzimalito.com\/?product=kt-trendy-w-modzie-damskiej-moss"},"modified":"2025-04-22T10:03:29","modified_gmt":"2025-04-22T09:03:29","slug":"kt-trendy-w-modzie-damskiej-moss","status":"publish","type":"product","link":"https:\/\/lunzimalito.com\/?product=kt-trendy-w-modzie-damskiej-moss","title":{"rendered":"KT. Trendy w modzie damskiej MOSS"},"content":{"rendered":"<p>KT. Marka MOSS mo\u017ce nie jest jeszcze powszechnie znana, ale zdobywa popularno\u015b\u0107 jak po\u017car &#8211; i nie bez powodu. Te d\u017cinsy zosta\u0142y stworzone z my\u015bl\u0105 o prawdziwych kobietach, \u0142\u0105cz\u0105c ostre kroje, pochlebne dopasowanie i tkaniny, kt\u00f3re poruszaj\u0105 si\u0119 razem z Tob\u0105.  <\/p>\n<p>To nie tylko kolejna marka d\u017cins\u00f3w. KT. MOSS szybko zyskuje reputacj\u0119 dzi\u0119ki tworzeniu d\u017cins\u00f3w, kt\u00f3re nie tylko dobrze wygl\u0105daj\u0105 &#8211; <em data-start=\"3196\" data-end=\"3202\">czuj\u0105 si\u0119<\/em> niesamowicie. Szum? Ca\u0142kowicie uzasadniony.    <\/p>\n<p>Ta marka jest zakorzeniona w idei, \u017ce d\u017cinsy powinny <em data-start=\"3368\" data-end=\"3375\">s\u0142u\u017cy\u0107<\/em> Tobie &#8211; a nie odwrotnie. KT. MOSS nie polega na \u015blepym pod\u0105\u017caniu za trendami. Chodzi o tworzenie element\u00f3w, kt\u00f3re pozostaj\u0105 aktualne, zu\u017cycie po zu\u017cyciu.   <\/p>\n","protected":false},"excerpt":{"rendered":"<p>Czy mia\u0142e\u015b kiedy\u015b d\u017cinsy, w kt\u00f3rych zapomnia\u0142e\u015b o swoim kszta\u0142cie? KT. MOSS wykorzystuje rozci\u0105gliwy d\u017cins o wysokim stopniu regeneracji, kt\u00f3ry pami\u0119ta o Tobie i pi\u0119knie Ci\u0119 trzyma.  <\/p>\n","protected":false},"featured_media":4594,"comment_status":"open","ping_status":"closed","template":"","meta":{"_joinchat":[]},"product_brand":[],"product_cat":[438,424,423,397,437,439,380],"product_tag":[378,422,395,377,396,406,376],"class_list":{"0":"post-5634","1":"product","2":"type-product","3":"status-publish","4":"has-post-thumbnail","6":"product_cat-deko-pl","7":"product_cat-dziewczece","8":"product_cat-moda-damska","9":"product_cat-moda-damska-relucky","10":"product_cat-spodnie-besic","11":"product_cat-spodnie-dzinsowe","12":"product_cat-spodnie-ledis-besic","13":"product_tag-ledis-fashion-pl","14":"product_tag-lunzimalito-com-pl","15":"product_tag-marka","16":"product_tag-moda","17":"product_tag-moda-damska","18":"product_tag-swiat-mody","19":"product_tag-ubrania","21":"first","22":"instock","23":"sale","24":"shipping-taxable","25":"purchasable","26":"product-type-simple"},"_links":{"self":[{"href":"https:\/\/lunzimalito.com\/index.php?rest_route=\/wp\/v2\/product\/5634","targetHints":{"allow":["GET"]}}],"collection":[{"href":"https:\/\/lunzimalito.com\/index.php?rest_route=\/wp\/v2\/product"}],"about":[{"href":"https:\/\/lunzimalito.com\/index.php?rest_route=\/wp\/v2\/types\/product"}],"replies":[{"embeddable":true,"href":"https:\/\/lunzimalito.com\/index.php?rest_route=%2Fwp%2Fv2%2Fcomments&post=5634"}],"wp:featuredmedia":[{"embeddable":true,"href":"https:\/\/lunzimalito.com\/index.php?rest_route=\/wp\/v2\/media\/4594"}],"wp:attachment":[{"href":"https:\/\/lunzimalito.com\/index.php?rest_route=%2Fwp%2Fv2%2Fmedia&parent=5634"}],"wp:term":[{"taxonomy":"product_brand","embeddable":true,"href":"https:\/\/lunzimalito.com\/index.php?rest_route=%2Fwp%2Fv2%2Fproduct_brand&post=5634"},{"taxonomy":"product_cat","embeddable":true,"href":"https:\/\/lunzimalito.com\/index.php?rest_route=%2Fwp%2Fv2%2Fproduct_cat&post=5634"},{"taxonomy":"product_tag","embeddable":true,"href":"https:\/\/lunzimalito.com\/index.php?rest_route=%2Fwp%2Fv2%2Fproduct_tag&post=5634"}],"curies":[{"name":"wp","href":"https:\/\/api.w.org\/{rel}","templated":true}]}}