{"id":5632,"date":"2025-04-22T10:45:43","date_gmt":"2025-04-22T09:45:43","guid":{"rendered":"https:\/\/lunzimalito.com\/?product=dzinsy-damskie-to-podstawowy-trend"},"modified":"2025-04-22T10:45:43","modified_gmt":"2025-04-22T09:45:43","slug":"dzinsy-damskie-to-podstawowy-trend","status":"publish","type":"product","link":"https:\/\/lunzimalito.com\/?product=dzinsy-damskie-to-podstawowy-trend","title":{"rendered":"D\u017cinsy damskie to podstawowy trend"},"content":{"rendered":"<p>Wejd\u017a w styl z naszymi <em data-start=\"196\" data-end=\"230\">damskimi d\u017cinsami It \u201es Basic Trending<\/em> &#8211; idealnym po\u0142\u0105czeniem wygody i mody. Te d\u017cinsy zosta\u0142y zaprojektowane tak, aby schlebia\u0107 ka\u017cdej sylwetce dzi\u0119ki nowoczesnemu krojowi, kt\u00f3ry obejmuje wszystkie w\u0142a\u015bciwe miejsca. Niezale\u017cnie od tego, czy ubierasz si\u0119 na co dzie\u0144, czy na co dzie\u0144, te modne d\u017cinsy s\u0105 niezb\u0119dnym elementem ka\u017cdej garderoby. Wykonane z wysokiej jako\u015bci denimu, s\u0105 stworzone do ca\u0142odziennego noszenia i bezwysi\u0142kowego stylu. Pozosta\u0144 na czasie, pozosta\u0144 pewny siebie. codzienne sprawy do spontanicznych przyg\u00f3d, <em data-start=\"144\" data-end=\"178\">Ladies It\u201d s Basic Trending Jeans<\/em> s\u0105 niezawodnym towarzyszem mody. Zaprojektowane z my\u015bl\u0105 zar\u00f3wno o stylu, jak i funkcjonalno\u015bci, maj\u0105 przemy\u015blane detale, takie jak g\u0142\u0119bokie kieszenie, trwa\u0142e szwy i wygodny pasek, kt\u00f3ry pozostaje na swoim miejscu przez ca\u0142y dzie\u0144.      <\/p>\n","protected":false},"excerpt":{"rendered":"<p>Niezale\u017cnie od tego, czy preferujesz wysoki stan dla klimatu vintage, \u015bredni stan dla klasycznego komfortu, czy te\u017c kr\u00f3j skinny dla eleganckiej sylwetki, czeka na Ciebie idealna para. Te d\u017cinsy celebruj\u0105 indywidualno\u015b\u0107, oferuj\u0105c jednocze\u015bnie uniwersalny, pochlebny kszta\u0142t &#8211; dzi\u0119ki czemu s\u0105 idealne dla kobiet, kt\u00f3re chc\u0105 wyrazi\u0107 sw\u00f3j osobisty styl z pewno\u015bci\u0105 siebie. <\/p>\n","protected":false},"featured_media":4603,"comment_status":"open","ping_status":"closed","template":"","meta":{"_joinchat":[]},"product_brand":[],"product_cat":[438,424,423,397,437,439,380],"product_tag":[436,378,422,395,377,396,406,376],"class_list":{"0":"post-5632","1":"product","2":"type-product","3":"status-publish","4":"has-post-thumbnail","6":"product_cat-deko-pl","7":"product_cat-dziewczece","8":"product_cat-moda-damska","9":"product_cat-moda-damska-relucky","10":"product_cat-spodnie-besic","11":"product_cat-spodnie-dzinsowe","12":"product_cat-spodnie-ledis-besic","13":"product_tag-denim-pl","14":"product_tag-ledis-fashion-pl","15":"product_tag-lunzimalito-com-pl","16":"product_tag-marka","17":"product_tag-moda","18":"product_tag-moda-damska","19":"product_tag-swiat-mody","20":"product_tag-ubrania","22":"first","23":"instock","24":"sale","25":"shipping-taxable","26":"purchasable","27":"product-type-simple"},"_links":{"self":[{"href":"https:\/\/lunzimalito.com\/index.php?rest_route=\/wp\/v2\/product\/5632","targetHints":{"allow":["GET"]}}],"collection":[{"href":"https:\/\/lunzimalito.com\/index.php?rest_route=\/wp\/v2\/product"}],"about":[{"href":"https:\/\/lunzimalito.com\/index.php?rest_route=\/wp\/v2\/types\/product"}],"replies":[{"embeddable":true,"href":"https:\/\/lunzimalito.com\/index.php?rest_route=%2Fwp%2Fv2%2Fcomments&post=5632"}],"wp:featuredmedia":[{"embeddable":true,"href":"https:\/\/lunzimalito.com\/index.php?rest_route=\/wp\/v2\/media\/4603"}],"wp:attachment":[{"href":"https:\/\/lunzimalito.com\/index.php?rest_route=%2Fwp%2Fv2%2Fmedia&parent=5632"}],"wp:term":[{"taxonomy":"product_brand","embeddable":true,"href":"https:\/\/lunzimalito.com\/index.php?rest_route=%2Fwp%2Fv2%2Fproduct_brand&post=5632"},{"taxonomy":"product_cat","embeddable":true,"href":"https:\/\/lunzimalito.com\/index.php?rest_route=%2Fwp%2Fv2%2Fproduct_cat&post=5632"},{"taxonomy":"product_tag","embeddable":true,"href":"https:\/\/lunzimalito.com\/index.php?rest_route=%2Fwp%2Fv2%2Fproduct_tag&post=5632"}],"curies":[{"name":"wp","href":"https:\/\/api.w.org\/{rel}","templated":true}]}}