{"id":5625,"date":"2025-04-22T07:13:43","date_gmt":"2025-04-22T06:13:43","guid":{"rendered":"https:\/\/lunzimalito.com\/?product=jeansy-damskie-relucky-trending-fashion"},"modified":"2025-04-22T07:13:43","modified_gmt":"2025-04-22T06:13:43","slug":"jeansy-damskie-relucky-trending-fashion","status":"publish","type":"product","link":"https:\/\/lunzimalito.com\/?product=jeansy-damskie-relucky-trending-fashion","title":{"rendered":"Jeansy damskie Relucky Trending Fashion"},"content":{"rendered":"<p>Szukasz jeans\u00f3w, kt\u00f3re s\u0105 stylowe <em data-start=\"637\" data-end=\"642\">i<\/em> wygodne bez wysi\u0142ku? <strong data-start=\"656\" data-end=\"689\">Damskie jeansy Relucky Trending<\/strong> to najlepszy wyb\u00f3r. To nie s\u0105 zwyk\u0142e d\u017cinsy &#8211; to ulepszenie stylu \u017cycia. Idealne dla trendsetter\u00f3w, casualowych kr\u00f3lowych i mi\u0142o\u015bnik\u00f3w d\u017cinsu, Relucky \u0142\u0105czy w sobie mod\u0119 i codzienny komfort jak nikt inny.  <\/p>\n<p class=\"\" data-start=\"953\" data-end=\"1184\">Relucky sta\u0142 si\u0119 rosn\u0105cym faworytem w damskim d\u017cinsie z jednego prostego powodu: robi\u0105 <em data-start=\"1035\" data-end=\"1049\">to dobrze<\/em>. Pomy\u015bl o eleganckich sylwetkach, najwy\u017cszej jako\u015bci elastycznym materiale i detalach, kt\u00f3re sprawiaj\u0105, \u017ce ka\u017cda para czuje si\u0119 tak, jakby by\u0142a szyta na miar\u0119 w\u0142a\u015bnie dla Ciebie. <\/p>\n<ul data-start=\"1186\" data-end=\"1477\">\n<li class=\"\" data-start=\"1186\" data-end=\"1282\">\n<p class=\"\" data-start=\"1188\" data-end=\"1282\"><strong data-start=\"1188\" data-end=\"1206\">Modne wzory<\/strong> &#8211; od podartych kolan po postrz\u0119pione obszycia, jeansy Relucky s\u0105 pe\u0142ne nowoczesnego stylu.<\/p>\n<\/li>\n<li class=\"\" data-start=\"1283\" data-end=\"1397\">\n<p class=\"\" data-start=\"1285\" data-end=\"1397\"><strong data-start=\"1285\" data-end=\"1303\">Dopasowany kr\u00f3j<\/strong> &#8211; Niezale\u017cnie od tego, czy kochasz styl skinny, z wysokim stanem czy boyfriend, dopasowuj\u0105 si\u0119 we wszystkich w\u0142a\u015bciwych miejscach.<\/p>\n<\/li>\n<li class=\"\" data-start=\"1398\" data-end=\"1477\">\n<p class=\"\" data-start=\"1400\" data-end=\"1477\"><strong data-start=\"1400\" data-end=\"1417\">Komfort przede wszystkim<\/strong> &#8211; Mi\u0119kki, oddychaj\u0105cy i elastyczny d\u017cins? Tak, prosz\u0119. <\/p>\n<\/li>\n<\/ul>\n","protected":false},"excerpt":{"rendered":"<p>D\u017cinsy Relucky s\u0105 stworzone, aby dopasowa\u0107 si\u0119 do Twojego nastroju. Ubierz je do szpilek i marynarki na randk\u0119 lub zachowaj luz z trampkami i bluz\u0105 z kapturem na weekend. S\u0105 wystarczaj\u0105co wszechstronne, aby przej\u015b\u0107 od porannej kawy do nocnych spotka\u0144 &#8211; bez konieczno\u015bci zmiany stroju.  <\/p>\n","protected":false},"featured_media":4567,"comment_status":"open","ping_status":"closed","template":"","meta":{"_joinchat":[]},"product_brand":[],"product_cat":[438,424,423,397,437,439,380],"product_tag":[381,378,422,395,406,376],"class_list":{"0":"post-5625","1":"product","2":"type-product","3":"status-publish","4":"has-post-thumbnail","6":"product_cat-deko-pl","7":"product_cat-dziewczece","8":"product_cat-moda-damska","9":"product_cat-moda-damska-relucky","10":"product_cat-spodnie-besic","11":"product_cat-spodnie-dzinsowe","12":"product_cat-spodnie-ledis-besic","13":"product_tag-damskie","14":"product_tag-ledis-fashion-pl","15":"product_tag-lunzimalito-com-pl","16":"product_tag-marka","17":"product_tag-swiat-mody","18":"product_tag-ubrania","20":"first","21":"instock","22":"sale","23":"shipping-taxable","24":"purchasable","25":"product-type-simple"},"_links":{"self":[{"href":"https:\/\/lunzimalito.com\/index.php?rest_route=\/wp\/v2\/product\/5625","targetHints":{"allow":["GET"]}}],"collection":[{"href":"https:\/\/lunzimalito.com\/index.php?rest_route=\/wp\/v2\/product"}],"about":[{"href":"https:\/\/lunzimalito.com\/index.php?rest_route=\/wp\/v2\/types\/product"}],"replies":[{"embeddable":true,"href":"https:\/\/lunzimalito.com\/index.php?rest_route=%2Fwp%2Fv2%2Fcomments&post=5625"}],"wp:featuredmedia":[{"embeddable":true,"href":"https:\/\/lunzimalito.com\/index.php?rest_route=\/wp\/v2\/media\/4567"}],"wp:attachment":[{"href":"https:\/\/lunzimalito.com\/index.php?rest_route=%2Fwp%2Fv2%2Fmedia&parent=5625"}],"wp:term":[{"taxonomy":"product_brand","embeddable":true,"href":"https:\/\/lunzimalito.com\/index.php?rest_route=%2Fwp%2Fv2%2Fproduct_brand&post=5625"},{"taxonomy":"product_cat","embeddable":true,"href":"https:\/\/lunzimalito.com\/index.php?rest_route=%2Fwp%2Fv2%2Fproduct_cat&post=5625"},{"taxonomy":"product_tag","embeddable":true,"href":"https:\/\/lunzimalito.com\/index.php?rest_route=%2Fwp%2Fv2%2Fproduct_tag&post=5625"}],"curies":[{"name":"wp","href":"https:\/\/api.w.org\/{rel}","templated":true}]}}