{"id":5623,"date":"2025-04-20T14:11:41","date_gmt":"2025-04-20T13:11:41","guid":{"rendered":"https:\/\/lunzimalito.com\/?product=jeansy-damskie-basic-trending"},"modified":"2025-04-20T14:11:41","modified_gmt":"2025-04-20T13:11:41","slug":"jeansy-damskie-basic-trending","status":"publish","type":"product","link":"https:\/\/lunzimalito.com\/?product=jeansy-damskie-basic-trending","title":{"rendered":"Jeansy damskie Basic Trending"},"content":{"rendered":"<p class=\"\" data-start=\"574\" data-end=\"855\">Szukasz d\u017cins\u00f3w, kt\u00f3re pasuj\u0105 dos\u0142ownie <em data-start=\"615\" data-end=\"627\">do wszystkiego<\/em>? Przywitaj si\u0119 z <strong data-start=\"646\" data-end=\"683\">jeansami damskimi It&#8217;s Basic Trending<\/strong> &#8211; najlepszym wyborem dla nowoczesnych kobiet, kt\u00f3re pragn\u0105 wygody bez po\u015bwi\u0119cania stylu. Te d\u017cinsy \u0142\u0105cz\u0105 w sobie to, co najlepsze w ponadczasowym d\u017cinsowym designie ze \u015bwie\u017cym, modnym akcentem.  <\/p>\n<p class=\"\" data-start=\"902\" data-end=\"1173\">Wykonane z wysokiej jako\u015bci mieszanki bawe\u0142ny z domieszk\u0105 stretchu, te d\u017cinsy s\u0105 r\u00f3wnie wygodne, co urocze. Niezale\u017cnie od tego, czy jeste\u015b w ruchu, czy po prostu sp\u0119dzasz czas, poruszaj\u0105 si\u0119 wraz z cia\u0142em i zachowuj\u0105 sw\u00f3j kszta\u0142t. Po\u017cegnaj si\u0119 ze sztywnymi, niewygodnymi d\u017cinsami &#8211; te s\u0105 stworzone do \u017cycia.  <\/p>\n","protected":false},"excerpt":{"rendered":"<p class=\"\" data-start=\"1538\" data-end=\"1715\">Stylizuj te d\u017cinsy z obcasami i marynark\u0105 na wieczorne wyj\u015bcie lub w d\u00f3\u0142 z trampkami i koszulk\u0105, aby uzyska\u0107 swobodny wygl\u0105d poza domem. Wszechstronne? Jak najbardziej. Stylowe? Zawsze.    <\/p>\n","protected":false},"featured_media":4483,"comment_status":"open","ping_status":"closed","template":"","meta":{"_joinchat":[]},"product_brand":[],"product_cat":[374],"product_tag":[381,378,395,376],"class_list":{"0":"post-5623","1":"product","2":"type-product","3":"status-publish","4":"has-post-thumbnail","6":"product_cat-bez-kategorii","7":"product_tag-damskie","8":"product_tag-ledis-fashion-pl","9":"product_tag-marka","10":"product_tag-ubrania","12":"first","13":"instock","14":"sale","15":"shipping-taxable","16":"purchasable","17":"product-type-simple"},"_links":{"self":[{"href":"https:\/\/lunzimalito.com\/index.php?rest_route=\/wp\/v2\/product\/5623","targetHints":{"allow":["GET"]}}],"collection":[{"href":"https:\/\/lunzimalito.com\/index.php?rest_route=\/wp\/v2\/product"}],"about":[{"href":"https:\/\/lunzimalito.com\/index.php?rest_route=\/wp\/v2\/types\/product"}],"replies":[{"embeddable":true,"href":"https:\/\/lunzimalito.com\/index.php?rest_route=%2Fwp%2Fv2%2Fcomments&post=5623"}],"wp:featuredmedia":[{"embeddable":true,"href":"https:\/\/lunzimalito.com\/index.php?rest_route=\/wp\/v2\/media\/4483"}],"wp:attachment":[{"href":"https:\/\/lunzimalito.com\/index.php?rest_route=%2Fwp%2Fv2%2Fmedia&parent=5623"}],"wp:term":[{"taxonomy":"product_brand","embeddable":true,"href":"https:\/\/lunzimalito.com\/index.php?rest_route=%2Fwp%2Fv2%2Fproduct_brand&post=5623"},{"taxonomy":"product_cat","embeddable":true,"href":"https:\/\/lunzimalito.com\/index.php?rest_route=%2Fwp%2Fv2%2Fproduct_cat&post=5623"},{"taxonomy":"product_tag","embeddable":true,"href":"https:\/\/lunzimalito.com\/index.php?rest_route=%2Fwp%2Fv2%2Fproduct_tag&post=5623"}],"curies":[{"name":"wp","href":"https:\/\/api.w.org\/{rel}","templated":true}]}}