{"id":5618,"date":"2025-04-21T13:09:40","date_gmt":"2025-04-21T12:09:40","guid":{"rendered":"https:\/\/lunzimalito.com\/?product=modne-spodnie-damskie-zeo-basic-wygoda-laczy-sie-ze-wspolczesnym-stylem"},"modified":"2025-04-21T13:09:40","modified_gmt":"2025-04-21T12:09:40","slug":"modne-spodnie-damskie-zeo-basic-wygoda-laczy-sie-ze-wspolczesnym-stylem","status":"publish","type":"product","link":"https:\/\/lunzimalito.com\/?product=modne-spodnie-damskie-zeo-basic-wygoda-laczy-sie-ze-wspolczesnym-stylem","title":{"rendered":"Modne spodnie damskie Zeo Basic &#8211; wygoda \u0142\u0105czy si\u0119 ze wsp\u00f3\u0142czesnym stylem"},"content":{"rendered":"<p>Zeo Basic to nie tylko spodnie &#8211; to przedefiniowanie podstaw. Marka \u0142\u0105czy \u0142atwo\u015b\u0107 minimalizmu ze szczypt\u0105 modnego podej\u015bcia. Pomy\u015bl o podstawowych elementach z niespodziank\u0105, wszystkie stworzone, aby podnie\u015b\u0107 poziom codziennej garderoby.  <\/p>\n<p>Od kampus\u00f3w uniwersyteckich po korytarze korporacyjne, Zeo Basic szybko sta\u0142o si\u0119 mark\u0105 dla kobiet, kt\u00f3re chc\u0105 stylowych, wygodnych spodni, kt\u00f3re pasuj\u0105 do ich prawdziwego \u017cycia.<\/p>\n","protected":false},"excerpt":{"rendered":"<p class=\"\" data-start=\"6941\" data-end=\"7042\">Zeo Basic wsp\u00f3\u0142pracuje wy\u0142\u0105cznie z dostawcami, kt\u00f3rzy priorytetowo traktuj\u0105 dobro pracownik\u00f3w i etyczne standardy pracy.<\/p>\n","protected":false},"featured_media":4540,"comment_status":"open","ping_status":"closed","template":"","meta":{"_joinchat":[]},"product_brand":[],"product_cat":[438,424,423,397,437,439,380],"product_tag":[436,378,422,395,444,377,396,406,376],"class_list":{"0":"post-5618","1":"product","2":"type-product","3":"status-publish","4":"has-post-thumbnail","6":"product_cat-deko-pl","7":"product_cat-dziewczece","8":"product_cat-moda-damska","9":"product_cat-moda-damska-relucky","10":"product_cat-spodnie-besic","11":"product_cat-spodnie-dzinsowe","12":"product_cat-spodnie-ledis-besic","13":"product_tag-denim-pl","14":"product_tag-ledis-fashion-pl","15":"product_tag-lunzimalito-com-pl","16":"product_tag-marka","17":"product_tag-meskie","18":"product_tag-moda","19":"product_tag-moda-damska","20":"product_tag-swiat-mody","21":"product_tag-ubrania","23":"first","24":"instock","25":"sale","26":"shipping-taxable","27":"purchasable","28":"product-type-simple"},"_links":{"self":[{"href":"https:\/\/lunzimalito.com\/index.php?rest_route=\/wp\/v2\/product\/5618","targetHints":{"allow":["GET"]}}],"collection":[{"href":"https:\/\/lunzimalito.com\/index.php?rest_route=\/wp\/v2\/product"}],"about":[{"href":"https:\/\/lunzimalito.com\/index.php?rest_route=\/wp\/v2\/types\/product"}],"replies":[{"embeddable":true,"href":"https:\/\/lunzimalito.com\/index.php?rest_route=%2Fwp%2Fv2%2Fcomments&post=5618"}],"wp:featuredmedia":[{"embeddable":true,"href":"https:\/\/lunzimalito.com\/index.php?rest_route=\/wp\/v2\/media\/4540"}],"wp:attachment":[{"href":"https:\/\/lunzimalito.com\/index.php?rest_route=%2Fwp%2Fv2%2Fmedia&parent=5618"}],"wp:term":[{"taxonomy":"product_brand","embeddable":true,"href":"https:\/\/lunzimalito.com\/index.php?rest_route=%2Fwp%2Fv2%2Fproduct_brand&post=5618"},{"taxonomy":"product_cat","embeddable":true,"href":"https:\/\/lunzimalito.com\/index.php?rest_route=%2Fwp%2Fv2%2Fproduct_cat&post=5618"},{"taxonomy":"product_tag","embeddable":true,"href":"https:\/\/lunzimalito.com\/index.php?rest_route=%2Fwp%2Fv2%2Fproduct_tag&post=5618"}],"curies":[{"name":"wp","href":"https:\/\/api.w.org\/{rel}","templated":true}]}}