{"id":5616,"date":"2025-04-20T13:14:43","date_gmt":"2025-04-20T12:14:43","guid":{"rendered":"https:\/\/lunzimalito.com\/?product=jeans-femme-real-focus"},"modified":"2025-04-20T13:14:43","modified_gmt":"2025-04-20T12:14:43","slug":"jeans-femme-real-focus","status":"publish","type":"product","link":"https:\/\/lunzimalito.com\/?product=jeans-femme-real-focus","title":{"rendered":"Jeans Femme REAL FOCUS"},"content":{"rendered":"<p>Adoptez un style audacieux et sans effort avec les <strong data-start=\"606\" data-end=\"634\">jeans pour femmes REAL FOCUS<\/strong> &#8211; votre nouvelle paire pr\u00e9f\u00e9r\u00e9e, con\u00e7ue pour la vraie vie, les vraies courbes et le vrai confort. Con\u00e7u pour la femme moderne, ce jean associe des coupes tendance \u00e0 une coupe impeccable qui \u00e9pouse vos formes et met en valeur votre silhouette naturelle. <\/p>\n<p>Que vous soyez habill\u00e9e ou d\u00e9contract\u00e9e, le jean REAL FOCUS s&#8217;adapte \u00e0 votre style de vie. La taille haute donne un effet lissant au ventre, tandis que le tissu extensible garantit une libert\u00e9 de mouvement tout au long de la journ\u00e9e. Plus d&#8217;affaissement, d&#8217;\u00e9cartement ou de pincement &#8211; juste ce qu&#8217;il faut pour \u00eatre bien ajust\u00e9 aux bons endroits.  <\/p>\n","protected":false},"excerpt":{"rendered":"<p>Que vous soyez habill\u00e9e ou d\u00e9contract\u00e9e, le jean REAL FOCUS s&#8217;adapte \u00e0 votre style de vie. La taille haute donne un effet lissant au ventre, tandis que le tissu extensible garantit une libert\u00e9 de mouvement tout au long de la journ\u00e9e. Plus d&#8217;affaissement, d&#8217;\u00e9cartement ou de pincement &#8211; juste ce qu&#8217;il faut pour \u00eatre bien ajust\u00e9 aux bons endroits.  <\/p>\n","protected":false},"featured_media":4473,"comment_status":"open","ping_status":"closed","template":"","meta":{"_joinchat":[]},"product_brand":[],"product_cat":[373],"product_tag":[387,383,389,382],"class_list":{"0":"post-5616","1":"product","2":"type-product","3":"status-publish","4":"has-post-thumbnail","6":"product_cat-non-categorise","7":"product_tag-femmes","8":"product_tag-la-mode","9":"product_tag-marque","10":"product_tag-vetements","12":"first","13":"instock","14":"sale","15":"shipping-taxable","16":"purchasable","17":"product-type-simple"},"_links":{"self":[{"href":"https:\/\/lunzimalito.com\/index.php?rest_route=\/wp\/v2\/product\/5616","targetHints":{"allow":["GET"]}}],"collection":[{"href":"https:\/\/lunzimalito.com\/index.php?rest_route=\/wp\/v2\/product"}],"about":[{"href":"https:\/\/lunzimalito.com\/index.php?rest_route=\/wp\/v2\/types\/product"}],"replies":[{"embeddable":true,"href":"https:\/\/lunzimalito.com\/index.php?rest_route=%2Fwp%2Fv2%2Fcomments&post=5616"}],"wp:featuredmedia":[{"embeddable":true,"href":"https:\/\/lunzimalito.com\/index.php?rest_route=\/wp\/v2\/media\/4473"}],"wp:attachment":[{"href":"https:\/\/lunzimalito.com\/index.php?rest_route=%2Fwp%2Fv2%2Fmedia&parent=5616"}],"wp:term":[{"taxonomy":"product_brand","embeddable":true,"href":"https:\/\/lunzimalito.com\/index.php?rest_route=%2Fwp%2Fv2%2Fproduct_brand&post=5616"},{"taxonomy":"product_cat","embeddable":true,"href":"https:\/\/lunzimalito.com\/index.php?rest_route=%2Fwp%2Fv2%2Fproduct_cat&post=5616"},{"taxonomy":"product_tag","embeddable":true,"href":"https:\/\/lunzimalito.com\/index.php?rest_route=%2Fwp%2Fv2%2Fproduct_tag&post=5616"}],"curies":[{"name":"wp","href":"https:\/\/api.w.org\/{rel}","templated":true}]}}