{"id":5615,"date":"2025-04-20T12:45:59","date_gmt":"2025-04-20T11:45:59","guid":{"rendered":"https:\/\/lunzimalito.com\/?product=besic-pantalon-de-mode-pour-femmes"},"modified":"2025-04-20T12:45:59","modified_gmt":"2025-04-20T11:45:59","slug":"besic-pantalon-de-mode-pour-femmes","status":"publish","type":"product","link":"https:\/\/lunzimalito.com\/?product=besic-pantalon-de-mode-pour-femmes","title":{"rendered":"Besic Pantalon de mode pour femmes"},"content":{"rendered":"<p>Le <strong data-start=\"577\" data-end=\"608\">pantalon Besic Women&#8217;s Fashion Pants<\/strong> est le m\u00e9lange parfait de simplicit\u00e9 et de sophistication &#8211; votre essentiel de tous les jours qui ne se d\u00e9mode jamais. Ce pantalon a \u00e9t\u00e9 con\u00e7u avec soin pour offrir une silhouette nette et flatteuse qui s&#8217;int\u00e8gre sans effort dans n&#8217;importe quelle garde-robe. Que vous alliez au travail, que vous fassiez des courses ou que vous rencontriez des amis, ce pantalon est fait pour s&#8217;adapter \u00e0 votre style.  <\/p>\n<p>La vie est tr\u00e9pidante et vos v\u00eatements doivent suivre. Le pantalon Besic est fabriqu\u00e9 dans un tissu l\u00e9ger et respirant qui s&#8217;\u00e9tire juste assez pour bouger avec vous tout en gardant sa forme tout au long de la journ\u00e9e. Haut et ajust\u00e9, il flatte toutes les courbes sans \u00eatre ni trop serr\u00e9 ni trop l\u00e2che.  <\/p>\n","protected":false},"excerpt":{"rendered":"<p>La vie est tr\u00e9pidante et vos v\u00eatements doivent suivre. Le pantalon Besic est fabriqu\u00e9 dans un tissu l\u00e9ger et respirant qui s&#8217;\u00e9tire juste assez pour bouger avec vous tout en gardant sa forme tout au long de la journ\u00e9e. Haut et ajust\u00e9, il flatte toutes les courbes sans \u00eatre ni trop serr\u00e9 ni trop l\u00e2che.  <\/p>\n","protected":false},"featured_media":4461,"comment_status":"open","ping_status":"closed","template":"","meta":{"_joinchat":[]},"product_brand":[],"product_cat":[373],"product_tag":[383,440,389,382],"class_list":{"0":"post-5615","1":"product","2":"type-product","3":"status-publish","4":"has-post-thumbnail","6":"product_cat-non-categorise","7":"product_tag-la-mode","8":"product_tag-les-femmes","9":"product_tag-marque","10":"product_tag-vetements","12":"first","13":"instock","14":"sale","15":"shipping-taxable","16":"purchasable","17":"product-type-simple"},"_links":{"self":[{"href":"https:\/\/lunzimalito.com\/index.php?rest_route=\/wp\/v2\/product\/5615","targetHints":{"allow":["GET"]}}],"collection":[{"href":"https:\/\/lunzimalito.com\/index.php?rest_route=\/wp\/v2\/product"}],"about":[{"href":"https:\/\/lunzimalito.com\/index.php?rest_route=\/wp\/v2\/types\/product"}],"replies":[{"embeddable":true,"href":"https:\/\/lunzimalito.com\/index.php?rest_route=%2Fwp%2Fv2%2Fcomments&post=5615"}],"wp:featuredmedia":[{"embeddable":true,"href":"https:\/\/lunzimalito.com\/index.php?rest_route=\/wp\/v2\/media\/4461"}],"wp:attachment":[{"href":"https:\/\/lunzimalito.com\/index.php?rest_route=%2Fwp%2Fv2%2Fmedia&parent=5615"}],"wp:term":[{"taxonomy":"product_brand","embeddable":true,"href":"https:\/\/lunzimalito.com\/index.php?rest_route=%2Fwp%2Fv2%2Fproduct_brand&post=5615"},{"taxonomy":"product_cat","embeddable":true,"href":"https:\/\/lunzimalito.com\/index.php?rest_route=%2Fwp%2Fv2%2Fproduct_cat&post=5615"},{"taxonomy":"product_tag","embeddable":true,"href":"https:\/\/lunzimalito.com\/index.php?rest_route=%2Fwp%2Fv2%2Fproduct_tag&post=5615"}],"curies":[{"name":"wp","href":"https:\/\/api.w.org\/{rel}","templated":true}]}}