{"id":5614,"date":"2025-04-21T10:39:48","date_gmt":"2025-04-21T09:39:48","guid":{"rendered":"https:\/\/lunzimalito.com\/?product=odziez-damska-cudi-mom-fit"},"modified":"2025-04-21T10:39:48","modified_gmt":"2025-04-21T09:39:48","slug":"odziez-damska-cudi-mom-fit","status":"publish","type":"product","link":"https:\/\/lunzimalito.com\/?product=odziez-damska-cudi-mom-fit","title":{"rendered":"Odzie\u017c damska CUDI MOM FIT"},"content":{"rendered":"<p>CUDI MOM FIT to nie tylko marka, to ruch. Zaprojektowana z my\u015bl\u0105 o nowoczesnych kobietach &#8211; mamach, trendsetterkach, go-getterkach &#8211; polega na \u0142\u0105czeniu wygody i stylu w najbardziej bezwysi\u0142kowy spos\u00f3b. \u0141\u0105czy w sobie dusz\u0119 mody ulicznej z przytulno\u015bci\u0105 odzie\u017cy domowej. Brzmi jak marzenie,   <\/p>\n<p>Tw\u00f3rcy wyobrazili sobie \u015bwiat, w kt\u00f3rym kobiety mog\u0105 goni\u0107 za dzie\u0107mi, marzeniami lub po prostu odpoczywa\u0107 &#8211; jednocze\u015bnie wygl\u0105daj\u0105c i czuj\u0105c si\u0119 niesamowicie. CUDI MOM FIT przywraca ukochane \u201emom jeans\u201d i przekszta\u0142ca je w najlepszy modny element. <\/p>\n","protected":false},"excerpt":{"rendered":"<p>CUDI to nie tylko dobry wygl\u0105d &#8211; to tak\u017ce czynienie dobra. Wiele element\u00f3w jest wykonanych z ekologicznych tkanin, z my\u015bl\u0105 o Matce Ziemi. <\/p>\n","protected":false},"featured_media":4522,"comment_status":"open","ping_status":"closed","template":"","meta":{"_joinchat":[]},"product_brand":[],"product_cat":[424,423,437,380],"product_tag":[381,378,422,395,376],"class_list":{"0":"post-5614","1":"product","2":"type-product","3":"status-publish","4":"has-post-thumbnail","6":"product_cat-dziewczece","7":"product_cat-moda-damska","8":"product_cat-spodnie-besic","9":"product_cat-spodnie-ledis-besic","10":"product_tag-damskie","11":"product_tag-ledis-fashion-pl","12":"product_tag-lunzimalito-com-pl","13":"product_tag-marka","14":"product_tag-ubrania","16":"first","17":"instock","18":"sale","19":"shipping-taxable","20":"purchasable","21":"product-type-simple"},"_links":{"self":[{"href":"https:\/\/lunzimalito.com\/index.php?rest_route=\/wp\/v2\/product\/5614","targetHints":{"allow":["GET"]}}],"collection":[{"href":"https:\/\/lunzimalito.com\/index.php?rest_route=\/wp\/v2\/product"}],"about":[{"href":"https:\/\/lunzimalito.com\/index.php?rest_route=\/wp\/v2\/types\/product"}],"replies":[{"embeddable":true,"href":"https:\/\/lunzimalito.com\/index.php?rest_route=%2Fwp%2Fv2%2Fcomments&post=5614"}],"wp:featuredmedia":[{"embeddable":true,"href":"https:\/\/lunzimalito.com\/index.php?rest_route=\/wp\/v2\/media\/4522"}],"wp:attachment":[{"href":"https:\/\/lunzimalito.com\/index.php?rest_route=%2Fwp%2Fv2%2Fmedia&parent=5614"}],"wp:term":[{"taxonomy":"product_brand","embeddable":true,"href":"https:\/\/lunzimalito.com\/index.php?rest_route=%2Fwp%2Fv2%2Fproduct_brand&post=5614"},{"taxonomy":"product_cat","embeddable":true,"href":"https:\/\/lunzimalito.com\/index.php?rest_route=%2Fwp%2Fv2%2Fproduct_cat&post=5614"},{"taxonomy":"product_tag","embeddable":true,"href":"https:\/\/lunzimalito.com\/index.php?rest_route=%2Fwp%2Fv2%2Fproduct_tag&post=5614"}],"curies":[{"name":"wp","href":"https:\/\/api.w.org\/{rel}","templated":true}]}}